{"id":8001,"date":"2025-02-20T17:01:34","date_gmt":"2025-02-20T15:01:34","guid":{"rendered":"https:\/\/bianna.com\/sugimat\/"},"modified":"2025-02-21T14:39:05","modified_gmt":"2025-02-21T12:39:05","slug":"sugimat","status":"publish","type":"page","link":"https:\/\/bianna.com\/pt-pt\/sugimat\/","title":{"rendered":"Sugimat"},"content":{"rendered":"<div class=\"fusion-fullwidth fullwidth-box fusion-builder-row-1 fusion-flex-container has-pattern-background has-mask-background fusion-parallax-none nonhundred-percent-fullwidth non-hundred-percent-height-scrolling\" style=\"--awb-border-radius-top-left:0px;--awb-border-radius-top-right:0px;--awb-border-radius-bottom-right:0px;--awb-border-radius-bottom-left:0px;--awb-padding-top:100px;--awb-padding-right:0px;--awb-padding-bottom:100px;--awb-padding-left:0px;--awb-background-image:linear-gradient(90deg, #8d1134 0%,rgba(255,255,255,0) 75%),url(https:\/\/bianna.com\/wp-content\/uploads\/2025\/02\/Sugimat-Bianna-07.jpg);;--awb-background-size:cover;--awb-flex-wrap:wrap;\" ><div class=\"fusion-builder-row fusion-row fusion-flex-align-items-flex-end fusion-flex-align-content-center fusion-flex-justify-content-space-between fusion-flex-content-wrap\" style=\"max-width:1144px;margin-left: calc(-4% \/ 2 );margin-right: calc(-4% \/ 2 );\"><div class=\"fusion-layout-column fusion_builder_column fusion-builder-column-0 fusion_builder_column_1_2 1_2 fusion-flex-column\" style=\"--awb-bg-size:cover;--awb-width-large:50%;--awb-margin-top-large:0px;--awb-spacing-right-large:3.84%;--awb-margin-bottom-large:0px;--awb-spacing-left-large:3.84%;--awb-width-medium:50%;--awb-order-medium:0;--awb-spacing-right-medium:3.84%;--awb-spacing-left-medium:3.84%;--awb-width-small:100%;--awb-order-small:0;--awb-spacing-right-small:1.92%;--awb-margin-bottom-small:30px;--awb-spacing-left-small:1.92%;\"><div class=\"fusion-column-wrapper fusion-column-has-shadow fusion-flex-justify-content-flex-start fusion-content-layout-column\"><div class=\"fusion-image-element \" style=\"--awb-margin-bottom:40px;--awb-max-width:400px;--awb-caption-title-font-family:var(--h2_typography-font-family);--awb-caption-title-font-weight:var(--h2_typography-font-weight);--awb-caption-title-font-style:var(--h2_typography-font-style);--awb-caption-title-size:var(--h2_typography-font-size);--awb-caption-title-transform:var(--h2_typography-text-transform);--awb-caption-title-line-height:var(--h2_typography-line-height);--awb-caption-title-letter-spacing:var(--h2_typography-letter-spacing);\"><span class=\" fusion-imageframe imageframe-none imageframe-1 hover-type-none\"><img decoding=\"async\" width=\"1462\" height=\"373\" title=\"Sugimat-Bianna-06\" src=\"https:\/\/bianna.com\/wp-content\/uploads\/2025\/02\/Sugimat-Bianna-06.svg\" alt class=\"img-responsive wp-image-7871\"\/><\/span><\/div><div class=\"fusion-title title fusion-title-1 fusion-sep-none fusion-title-text fusion-title-size-two\" style=\"--awb-text-color:#ffffff;\"><h2 class=\"fusion-title-heading title-heading-left fusion-responsive-typography-calculated\" style=\"margin:0;--fontSize:40;line-height:1.0;\">CALDEIRAS INDUSTRIAIS<\/h2><\/div><nav class=\"awb-menu awb-menu_column awb-menu_em-hover mobile-mode-always-expanded awb-menu_icons-left awb-menu_dc-yes mobile-trigger-fullwidth-off awb-menu_mobile-toggle awb-menu_indent-left loading mega-menu-loading awb-menu_desktop awb-menu_dropdown awb-menu_expand-center awb-menu_transition-fade\" style=\"--awb-font-size:22px;--awb-text-transform:var(--awb-typography1-text-transform);--awb-color:#ffffff;--awb-letter-spacing:var(--awb-typography1-letter-spacing);--awb-active-color:#000000;--awb-icons-color:#bababa;--awb-icons-hover-color:#000000;--awb-main-justify-content:flex-start;--awb-mobile-bg:rgba(255,255,255,0.75);--awb-mobile-nav-items-height:45;--awb-mobile-trigger-font-size:18px;--awb-trigger-padding-top:5px;--awb-trigger-padding-right:5px;--awb-trigger-padding-bottom:5px;--awb-trigger-padding-left:5px;--awb-mobile-font-size:24px;--awb-mobile-justify:flex-start;--awb-mobile-caret-left:auto;--awb-mobile-caret-right:0;--awb-fusion-font-family-typography:&quot;Barlow Condensed&quot;;--awb-fusion-font-style-typography:normal;--awb-fusion-font-weight-typography:500;--awb-fusion-font-family-submenu-typography:inherit;--awb-fusion-font-style-submenu-typography:normal;--awb-fusion-font-weight-submenu-typography:400;--awb-fusion-font-family-mobile-typography:inherit;--awb-fusion-font-style-mobile-typography:normal;--awb-fusion-font-weight-mobile-typography:400;\" aria-label=\"Sugimat - Calderas\" data-breakpoint=\"1024\" data-count=\"0\" data-transition-type=\"fade\" data-transition-time=\"300\" data-expand=\"center\"><button type=\"button\" class=\"awb-menu__m-toggle awb-menu__m-toggle_no-text\" aria-expanded=\"false\" aria-controls=\"menu-sugimat-calderas\"><span class=\"awb-menu__m-toggle-inner\"><span class=\"collapsed-nav-text\"><span class=\"screen-reader-text\">Toggle Navigation<\/span><\/span><span class=\"awb-menu__m-collapse-icon awb-menu__m-collapse-icon_no-text\"><span class=\"awb-menu__m-collapse-icon-open awb-menu__m-collapse-icon-open_no-text fa-bars fas\"><\/span><span class=\"awb-menu__m-collapse-icon-close awb-menu__m-collapse-icon-close_no-text fa-times fas\"><\/span><\/span><\/span><\/button><ul id=\"menu-sugimat-calderas-portugues-portugal\" class=\"fusion-menu awb-menu__main-ul awb-menu__main-ul_column\"><li  id=\"menu-item-7949\"  class=\"menu-item menu-item-type-custom menu-item-object-custom menu-item-7949 awb-menu__li awb-menu__main-li awb-menu__main-li_regular\"  data-item-id=\"7949\"><span class=\"awb-menu__main-background-default awb-menu__main-background-default_fade\"><\/span><span class=\"awb-menu__main-background-active awb-menu__main-background-active_fade\"><\/span><a  href=\"https:\/\/www.sugimat.com\/pt-pt\/products\/agua-quente-e-agua-sobreaquecida\/\" class=\"awb-menu__main-a awb-menu__main-a_regular\"><span class=\"menu-text\">Caldeiras de \u00e1gua quente e \u00e1gua sobreaquecida<\/span><\/a><\/li><li  id=\"menu-item-7950\"  class=\"menu-item menu-item-type-custom menu-item-object-custom menu-item-7950 awb-menu__li awb-menu__main-li awb-menu__main-li_regular\"  data-item-id=\"7950\"><span class=\"awb-menu__main-background-default awb-menu__main-background-default_fade\"><\/span><span class=\"awb-menu__main-background-active awb-menu__main-background-active_fade\"><\/span><a  href=\"https:\/\/www.sugimat.com\/pt-pt\/products\/geracao-de-gases\/\" class=\"awb-menu__main-a awb-menu__main-a_regular\"><span class=\"menu-text\">Gera\u00e7\u00e3o de gases<\/span><\/a><\/li><li  id=\"menu-item-7951\"  class=\"menu-item menu-item-type-custom menu-item-object-custom menu-item-7951 awb-menu__li awb-menu__main-li awb-menu__main-li_regular\"  data-item-id=\"7951\"><span class=\"awb-menu__main-background-default awb-menu__main-background-default_fade\"><\/span><span class=\"awb-menu__main-background-active awb-menu__main-background-active_fade\"><\/span><a  href=\"https:\/\/www.sugimat.com\/pt-pt\/caldeira-horizon\/\" class=\"awb-menu__main-a awb-menu__main-a_regular\"><span class=\"menu-text\">Caldeira Horizon+<\/span><\/a><\/li><li  id=\"menu-item-7952\"  class=\"menu-item menu-item-type-custom menu-item-object-custom menu-item-7952 awb-menu__li awb-menu__main-li awb-menu__main-li_regular\"  data-item-id=\"7952\"><span class=\"awb-menu__main-background-default awb-menu__main-background-default_fade\"><\/span><span class=\"awb-menu__main-background-active awb-menu__main-background-active_fade\"><\/span><a  href=\"https:\/\/www.sugimat.com\/pt-pt\/products\/caldeiras-de-termofluido\/\" class=\"awb-menu__main-a awb-menu__main-a_regular\"><span class=\"menu-text\">Caldeiras de Termofluido<\/span><\/a><\/li><li  id=\"menu-item-7953\"  class=\"menu-item menu-item-type-custom menu-item-object-custom menu-item-7953 awb-menu__li awb-menu__main-li awb-menu__main-li_regular\"  data-item-id=\"7953\"><span class=\"awb-menu__main-background-default awb-menu__main-background-default_fade\"><\/span><span class=\"awb-menu__main-background-active awb-menu__main-background-active_fade\"><\/span><a  href=\"https:\/\/www.sugimat.com\/pt-pt\/products\/caldeiras-de-vapor-com-biomassa\/\" class=\"awb-menu__main-a awb-menu__main-a_regular\"><span class=\"menu-text\">Caldeiras de vapor com biomassa<\/span><\/a><\/li><\/ul><\/nav><div class=\"fusion-title title fusion-title-2 fusion-sep-none fusion-title-text fusion-title-size-two\" style=\"--awb-text-color:#ffffff;--awb-margin-top:30px;\"><h2 class=\"fusion-title-heading title-heading-left fusion-responsive-typography-calculated\" style=\"margin:0;--fontSize:40;line-height:1.0;\"><p class=\"p1\">SISTEMAS DE COMBUST\u00c3O<\/p><\/h2><\/div><nav class=\"awb-menu awb-menu_column awb-menu_em-hover mobile-mode-always-expanded awb-menu_icons-left awb-menu_dc-yes mobile-trigger-fullwidth-off awb-menu_mobile-toggle awb-menu_indent-left loading mega-menu-loading awb-menu_desktop awb-menu_dropdown awb-menu_expand-center awb-menu_transition-fade\" style=\"--awb-font-size:22px;--awb-text-transform:var(--awb-typography1-text-transform);--awb-color:#ffffff;--awb-letter-spacing:var(--awb-typography1-letter-spacing);--awb-active-color:#000000;--awb-icons-color:#bababa;--awb-icons-hover-color:#000000;--awb-main-justify-content:flex-start;--awb-mobile-bg:rgba(255,255,255,0.75);--awb-mobile-nav-items-height:45;--awb-mobile-trigger-font-size:18px;--awb-trigger-padding-top:5px;--awb-trigger-padding-right:5px;--awb-trigger-padding-bottom:5px;--awb-trigger-padding-left:5px;--awb-mobile-font-size:24px;--awb-mobile-justify:flex-start;--awb-mobile-caret-left:auto;--awb-mobile-caret-right:0;--awb-fusion-font-family-typography:&quot;Barlow Condensed&quot;;--awb-fusion-font-style-typography:normal;--awb-fusion-font-weight-typography:500;--awb-fusion-font-family-submenu-typography:inherit;--awb-fusion-font-style-submenu-typography:normal;--awb-fusion-font-weight-submenu-typography:400;--awb-fusion-font-family-mobile-typography:inherit;--awb-fusion-font-style-mobile-typography:normal;--awb-fusion-font-weight-mobile-typography:400;\" aria-label=\"Sugimat - Combusti\u00f3n\" data-breakpoint=\"1024\" data-count=\"1\" data-transition-type=\"fade\" data-transition-time=\"300\" data-expand=\"center\"><button type=\"button\" class=\"awb-menu__m-toggle awb-menu__m-toggle_no-text\" aria-expanded=\"false\" aria-controls=\"menu-sugimat-combustion\"><span class=\"awb-menu__m-toggle-inner\"><span class=\"collapsed-nav-text\"><span class=\"screen-reader-text\">Toggle Navigation<\/span><\/span><span class=\"awb-menu__m-collapse-icon awb-menu__m-collapse-icon_no-text\"><span class=\"awb-menu__m-collapse-icon-open awb-menu__m-collapse-icon-open_no-text fa-bars fas\"><\/span><span class=\"awb-menu__m-collapse-icon-close awb-menu__m-collapse-icon-close_no-text fa-times fas\"><\/span><\/span><\/span><\/button><ul id=\"menu-sugimat-combustion-portugues-portugal\" class=\"fusion-menu awb-menu__main-ul awb-menu__main-ul_column\"><li  id=\"menu-item-7967\"  class=\"menu-item menu-item-type-custom menu-item-object-custom menu-item-7967 awb-menu__li awb-menu__main-li awb-menu__main-li_regular\"  data-item-id=\"7967\"><span class=\"awb-menu__main-background-default awb-menu__main-background-default_fade\"><\/span><span class=\"awb-menu__main-background-active awb-menu__main-background-active_fade\"><\/span><a  href=\"https:\/\/www.sugimat.com\/pt-pt\/products\/fornos-de-afloracao\/\" class=\"awb-menu__main-a awb-menu__main-a_regular\"><span class=\"menu-text\">Fornalhas de aflora\u00e7\u00e3o<\/span><\/a><\/li><li  id=\"menu-item-7968\"  class=\"menu-item menu-item-type-custom menu-item-object-custom menu-item-7968 awb-menu__li awb-menu__main-li awb-menu__main-li_regular\"  data-item-id=\"7968\"><span class=\"awb-menu__main-background-default awb-menu__main-background-default_fade\"><\/span><span class=\"awb-menu__main-background-active awb-menu__main-background-active_fade\"><\/span><a  href=\"https:\/\/www.sugimat.com\/pt-pt\/products\/grelha-viajante\/\" class=\"awb-menu__main-a awb-menu__main-a_regular\"><span class=\"menu-text\">Grelha viajante<\/span><\/a><\/li><li  id=\"menu-item-7969\"  class=\"menu-item menu-item-type-custom menu-item-object-custom menu-item-7969 awb-menu__li awb-menu__main-li awb-menu__main-li_regular\"  data-item-id=\"7969\"><span class=\"awb-menu__main-background-default awb-menu__main-background-default_fade\"><\/span><span class=\"awb-menu__main-background-active awb-menu__main-background-active_fade\"><\/span><a  href=\"https:\/\/www.sugimat.com\/pt-pt\/products\/leito-fluidizado\/\" class=\"awb-menu__main-a awb-menu__main-a_regular\"><span class=\"menu-text\">Leito fluidizado<\/span><\/a><\/li><li  id=\"menu-item-7970\"  class=\"menu-item menu-item-type-custom menu-item-object-custom menu-item-7970 awb-menu__li awb-menu__main-li awb-menu__main-li_regular\"  data-item-id=\"7970\"><span class=\"awb-menu__main-background-default awb-menu__main-background-default_fade\"><\/span><span class=\"awb-menu__main-background-active awb-menu__main-background-active_fade\"><\/span><a  href=\"https:\/\/www.sugimat.com\/pt-pt\/products\/camara-de-combustao-de-grelha-movel\/\" class=\"awb-menu__main-a awb-menu__main-a_regular\"><span class=\"menu-text\">Camara de combust\u00e3o de grelha m\u00f3vel<\/span><\/a><\/li><li  id=\"menu-item-7971\"  class=\"menu-item menu-item-type-custom menu-item-object-custom menu-item-7971 awb-menu__li awb-menu__main-li awb-menu__main-li_regular\"  data-item-id=\"7971\"><span class=\"awb-menu__main-background-default awb-menu__main-background-default_fade\"><\/span><span class=\"awb-menu__main-background-active awb-menu__main-background-active_fade\"><\/span><a  href=\"https:\/\/www.sugimat.com\/pt-pt\/products\/injeccao-em-po\/\" class=\"awb-menu__main-a awb-menu__main-a_regular\"><span class=\"menu-text\">Injec\u00e7\u00e3o em p\u00f3<\/span><\/a><\/li><\/ul><\/nav><div class=\"fusion-title title fusion-title-3 fusion-sep-none fusion-title-text fusion-title-size-two\" style=\"--awb-text-color:#ffffff;--awb-margin-top:30px;\"><h2 class=\"fusion-title-heading title-heading-left fusion-responsive-typography-calculated\" style=\"margin:0;--fontSize:40;line-height:1.0;\"><p class=\"p1\">GERA\u00c7\u00c3O EL\u00c9TRICA E COGERA\u00c7\u00c3O<\/p><\/h2><\/div><nav class=\"awb-menu awb-menu_column awb-menu_em-hover mobile-mode-always-expanded awb-menu_icons-left awb-menu_dc-yes mobile-trigger-fullwidth-off awb-menu_mobile-toggle awb-menu_indent-left loading mega-menu-loading awb-menu_desktop awb-menu_dropdown awb-menu_expand-center awb-menu_transition-fade\" style=\"--awb-font-size:22px;--awb-text-transform:var(--awb-typography1-text-transform);--awb-color:#ffffff;--awb-letter-spacing:var(--awb-typography1-letter-spacing);--awb-active-color:#000000;--awb-icons-color:#bababa;--awb-icons-hover-color:#000000;--awb-main-justify-content:flex-start;--awb-mobile-bg:rgba(255,255,255,0.75);--awb-mobile-nav-items-height:45;--awb-mobile-trigger-font-size:18px;--awb-trigger-padding-top:5px;--awb-trigger-padding-right:5px;--awb-trigger-padding-bottom:5px;--awb-trigger-padding-left:5px;--awb-mobile-font-size:24px;--awb-mobile-justify:flex-start;--awb-mobile-caret-left:auto;--awb-mobile-caret-right:0;--awb-fusion-font-family-typography:&quot;Barlow Condensed&quot;;--awb-fusion-font-style-typography:normal;--awb-fusion-font-weight-typography:500;--awb-fusion-font-family-submenu-typography:inherit;--awb-fusion-font-style-submenu-typography:normal;--awb-fusion-font-weight-submenu-typography:400;--awb-fusion-font-family-mobile-typography:inherit;--awb-fusion-font-style-mobile-typography:normal;--awb-fusion-font-weight-mobile-typography:400;\" aria-label=\"Sugimat - El\u00e9ctrica\" data-breakpoint=\"1024\" data-count=\"2\" data-transition-type=\"fade\" data-transition-time=\"300\" data-expand=\"center\"><button type=\"button\" class=\"awb-menu__m-toggle awb-menu__m-toggle_no-text\" aria-expanded=\"false\" aria-controls=\"menu-sugimat-electrica\"><span class=\"awb-menu__m-toggle-inner\"><span class=\"collapsed-nav-text\"><span class=\"screen-reader-text\">Toggle Navigation<\/span><\/span><span class=\"awb-menu__m-collapse-icon awb-menu__m-collapse-icon_no-text\"><span class=\"awb-menu__m-collapse-icon-open awb-menu__m-collapse-icon-open_no-text fa-bars fas\"><\/span><span class=\"awb-menu__m-collapse-icon-close awb-menu__m-collapse-icon-close_no-text fa-times fas\"><\/span><\/span><\/span><\/button><ul id=\"menu-sugimat-electrica-portugues-portugal\" class=\"fusion-menu awb-menu__main-ul awb-menu__main-ul_column\"><li  id=\"menu-item-7978\"  class=\"menu-item menu-item-type-custom menu-item-object-custom menu-item-7978 awb-menu__li awb-menu__main-li awb-menu__main-li_regular\"  data-item-id=\"7978\"><span class=\"awb-menu__main-background-default awb-menu__main-background-default_fade\"><\/span><span class=\"awb-menu__main-background-active awb-menu__main-background-active_fade\"><\/span><a  href=\"https:\/\/www.sugimat.com\/pt-pt\/products\/caldeiras-para-sistema-orc\/\" class=\"awb-menu__main-a awb-menu__main-a_regular\"><span class=\"menu-text\">Caldeiras para sistema ORC<\/span><\/a><\/li><li  id=\"menu-item-7979\"  class=\"menu-item menu-item-type-custom menu-item-object-custom menu-item-7979 awb-menu__li awb-menu__main-li awb-menu__main-li_regular\"  data-item-id=\"7979\"><span class=\"awb-menu__main-background-default awb-menu__main-background-default_fade\"><\/span><span class=\"awb-menu__main-background-active awb-menu__main-background-active_fade\"><\/span><a  href=\"https:\/\/www.sugimat.com\/pt-pt\/products\/caldeiras-com-bifenilo-termofluido-para-alta-temperatura\/\" class=\"awb-menu__main-a awb-menu__main-a_regular\"><span class=\"menu-text\">Caldeiras com bifenilo. Termofluido para alta temperatura<\/span><\/a><\/li><li  id=\"menu-item-7980\"  class=\"menu-item menu-item-type-custom menu-item-object-custom menu-item-7980 awb-menu__li awb-menu__main-li awb-menu__main-li_regular\"  data-item-id=\"7980\"><span class=\"awb-menu__main-background-default awb-menu__main-background-default_fade\"><\/span><span class=\"awb-menu__main-background-active awb-menu__main-background-active_fade\"><\/span><a  href=\"https:\/\/www.sugimat.com\/pt-pt\/products\/distric-heating\/\" class=\"awb-menu__main-a awb-menu__main-a_regular\"><span class=\"menu-text\">District heating<\/span><\/a><\/li><\/ul><\/nav><\/div><\/div><div class=\"fusion-layout-column fusion_builder_column fusion-builder-column-1 fusion_builder_column_1_2 1_2 fusion-flex-column\" style=\"--awb-padding-top:10px;--awb-padding-right:30px;--awb-padding-bottom:30px;--awb-padding-left:30px;--awb-overflow:hidden;--awb-bg-color:rgba(255,255,255,0.9);--awb-bg-color-hover:rgba(255,255,255,0.9);--awb-bg-size:cover;--awb-box-shadow:0px 0px 15px 0px rgba(0,0,0,0.25);;--awb-border-color:#ffffff;--awb-border-style:solid;--awb-border-radius:10px 10px 10px 10px;--awb-width-large:50%;--awb-margin-top-large:0px;--awb-spacing-right-large:3.84%;--awb-margin-bottom-large:0px;--awb-spacing-left-large:3.84%;--awb-width-medium:50%;--awb-order-medium:0;--awb-spacing-right-medium:3.84%;--awb-spacing-left-medium:3.84%;--awb-width-small:100%;--awb-order-small:0;--awb-spacing-right-small:1.92%;--awb-spacing-left-small:1.92%;\" data-scroll-devices=\"small-visibility,medium-visibility,large-visibility\"><div class=\"fusion-column-wrapper fusion-column-has-shadow fusion-flex-justify-content-flex-start fusion-content-layout-column\"><div class=\"fusion-text fusion-text-1 fusion-text-no-margin\" style=\"--awb-text-transform:none;--awb-margin-bottom:0px;\"><h3>Empresa especializada em caldeiras industriais<\/h3>\n<p>Mais de 40 anos de experi\u00eancia garantem a Sugimat como especialista no fabrico, instala\u00e7\u00e3o e manuten\u00e7\u00e3o de caldeiras industriais e sistemas de aquecimento industrial. Com presen\u00e7a internacional em mais de 30 pa\u00edses, na Sugimat apostamos por oferecer solu\u00e7\u00f5es t\u00e9rmicas adaptadas a cada um dos nossos clientes: geradores de vapor, caldeiras industriais, sistemas de combust\u00e3o, queimadores industriais, etc.<\/p>\n<\/div><div style=\"text-align:right;\"><a class=\"fusion-button button-flat button-large button-custom fusion-button-default button-1 fusion-button-default-span fusion-button-default-type fusion-has-button-gradient\" style=\"--button_accent_color:#606060;--button_border_color:#606060;--button_accent_hover_color:#ffffff;--button_border_hover_color:#ffffff;--button_gradient_top_color:rgba(255,255,255,0);--button_gradient_bottom_color:rgba(255,255,255,0);--button_gradient_top_color_hover:#b5b5b5;--button_gradient_bottom_color_hover:#878787;--button_margin-top:20px;\" target=\"_self\" href=\"https:\/\/www.sugimat.com\/pt-pt\/\"><span class=\"fusion-button-text awb-button__text awb-button__text--default\">Visitar o s\u00edtio Web<\/span><\/a><\/div><\/div><\/div><\/div><\/div>\n","protected":false},"excerpt":{"rendered":"","protected":false},"author":1,"featured_media":0,"parent":0,"menu_order":0,"comment_status":"closed","ping_status":"closed","template":"100-width.php","meta":{"footnotes":""},"class_list":["post-8001","page","type-page","status-publish","hentry"],"_links":{"self":[{"href":"https:\/\/bianna.com\/pt-pt\/wp-json\/wp\/v2\/pages\/8001","targetHints":{"allow":["GET"]}}],"collection":[{"href":"https:\/\/bianna.com\/pt-pt\/wp-json\/wp\/v2\/pages"}],"about":[{"href":"https:\/\/bianna.com\/pt-pt\/wp-json\/wp\/v2\/types\/page"}],"author":[{"embeddable":true,"href":"https:\/\/bianna.com\/pt-pt\/wp-json\/wp\/v2\/users\/1"}],"replies":[{"embeddable":true,"href":"https:\/\/bianna.com\/pt-pt\/wp-json\/wp\/v2\/comments?post=8001"}],"version-history":[{"count":4,"href":"https:\/\/bianna.com\/pt-pt\/wp-json\/wp\/v2\/pages\/8001\/revisions"}],"predecessor-version":[{"id":8005,"href":"https:\/\/bianna.com\/pt-pt\/wp-json\/wp\/v2\/pages\/8001\/revisions\/8005"}],"wp:attachment":[{"href":"https:\/\/bianna.com\/pt-pt\/wp-json\/wp\/v2\/media?parent=8001"}],"curies":[{"name":"wp","href":"https:\/\/api.w.org\/{rel}","templated":true}]}}