{"id":7738,"date":"2024-06-26T10:35:01","date_gmt":"2024-06-26T08:35:01","guid":{"rendered":"https:\/\/bianna.com\/denuncias\/"},"modified":"2024-06-26T10:35:01","modified_gmt":"2024-06-26T08:35:01","slug":"denuncias","status":"publish","type":"page","link":"https:\/\/bianna.com\/pt-pt\/denuncias\/","title":{"rendered":"Denuncias"},"content":{"rendered":"<p><div class=\"fusion-fullwidth fullwidth-box fusion-builder-row-1 fusion-flex-container has-pattern-background has-mask-background fusion-parallax-none nonhundred-percent-fullwidth non-hundred-percent-height-scrolling\" style=\"--awb-border-radius-top-left:0px;--awb-border-radius-top-right:0px;--awb-border-radius-bottom-right:0px;--awb-border-radius-bottom-left:0px;--awb-padding-top:100px;--awb-padding-bottom:100px;--awb-padding-top-small:30px;--awb-padding-bottom-small:30px;--awb-margin-top:0px;--awb-margin-bottom:60px;--awb-background-image:url(&quot;https:\/\/bianna.com\/wp-content\/uploads\/2024\/06\/Denuncias_Bianna_01.jpg&quot;);--awb-background-size:cover;--awb-flex-wrap:wrap;\" ><div class=\"fusion-builder-row fusion-row fusion-flex-align-items-center fusion-flex-justify-content-center fusion-flex-content-wrap\" style=\"max-width:1144px;margin-left: calc(-4% \/ 2 );margin-right: calc(-4% \/ 2 );\"><div class=\"fusion-layout-column fusion_builder_column fusion-builder-column-0 fusion_builder_column_1_1 1_1 fusion-flex-column\" style=\"--awb-padding-top-small:10px;--awb-padding-right-small:30px;--awb-padding-bottom-small:10px;--awb-padding-left-small:30px;--awb-bg-size:cover;--awb-width-large:100%;--awb-margin-top-large:0px;--awb-spacing-right-large:1.92%;--awb-margin-bottom-large:0px;--awb-spacing-left-large:1.92%;--awb-width-medium:100%;--awb-order-medium:0;--awb-spacing-right-medium:1.92%;--awb-spacing-left-medium:1.92%;--awb-width-small:100%;--awb-order-small:0;--awb-spacing-right-small:1.92%;--awb-margin-bottom-small:0px;--awb-spacing-left-small:1.92%;\"><div class=\"fusion-column-wrapper fusion-column-has-shadow fusion-flex-justify-content-flex-start fusion-content-layout-column\"><div class=\"fusion-title title fusion-title-1 fusion-sep-none fusion-title-text fusion-title-size-one\"><h1 class=\"fusion-title-heading title-heading-left sm-text-align-center fusion-responsive-typography-calculated\" style=\"margin:0;--fontSize:80;line-height:1;\">Canal de denuncias<\/h1><\/div><\/div><\/div><\/div><\/div><div class=\"fusion-fullwidth fullwidth-box fusion-builder-row-2 fusion-flex-container has-pattern-background has-mask-background nonhundred-percent-fullwidth non-hundred-percent-height-scrolling\" style=\"--awb-border-radius-top-left:0px;--awb-border-radius-top-right:0px;--awb-border-radius-bottom-right:0px;--awb-border-radius-bottom-left:0px;--awb-padding-top-small:0px;--awb-margin-top-small:0px;--awb-flex-wrap:wrap;\" ><div class=\"fusion-builder-row fusion-row fusion-flex-align-items-flex-start fusion-flex-content-wrap\" style=\"max-width:1144px;margin-left: calc(-4% \/ 2 );margin-right: calc(-4% \/ 2 );\"><div class=\"fusion-layout-column fusion_builder_column fusion-builder-column-1 fusion_builder_column_2_5 2_5 fusion-flex-column\" style=\"--awb-bg-size:cover;--awb-width-large:40%;--awb-margin-top-large:0px;--awb-spacing-right-large:4.8%;--awb-margin-bottom-large:0px;--awb-spacing-left-large:4.8%;--awb-width-medium:40%;--awb-order-medium:0;--awb-spacing-right-medium:4.8%;--awb-spacing-left-medium:4.8%;--awb-width-small:100%;--awb-order-small:0;--awb-spacing-right-small:1.92%;--awb-margin-bottom-small:60px;--awb-spacing-left-small:1.92%;\" data-scroll-devices=\"small-visibility,medium-visibility,large-visibility\"><div class=\"fusion-column-wrapper fusion-column-has-shadow fusion-flex-justify-content-flex-start fusion-content-layout-column\"><div class=\"fusion-text fusion-text-1\"><p>En Bianna buscamos actuar con \u00e9tica y mejora continua, por lo que abrimos este espacio para detectar posibles desviaciones de nuestro c\u00f3digo de conducta y\/o procesos.<\/p>\n<h4>Ten la seguridad que\u00a0tu denuncia ser\u00e1 confidencial y an\u00f3nima, si as\u00ed lo deseas. Se atender\u00e1 con la mayor seriedad e inmediatez.<\/h4>\n<p>Por favor, s\u00e9 lo m\u00e1s descriptivo posible:<\/p>\n<ul>\n<li>\u00bfQu\u00e9 sucedi\u00f3<\/li>\n<li>\u00bfCu\u00e1ndo?<\/li>\n<li>\u00bfQui\u00e9nes est\u00e1n involucrados?<\/li>\n<li>\u00bfQui\u00e9n o qu\u00e9 fue afectado?<\/li>\n<\/ul>\n<p>Entre m\u00e1s detalles nos proporciones, mejor y m\u00e1s r\u00e1pido podremos actuar.<\/p>\n<p>\u00bfQuieres darle seguimiento? Si lo deseas, puedes incluir tus datos de contacto para que te mantengamos al tanto de c\u00f3mo va la situaci\u00f3n. Tu denuncia permanecer\u00e1 confidencial.<\/p>\n<\/div><div class=\"accordian fusion-accordian\" style=\"--awb-border-size:1px;--awb-icon-size:10px;--awb-content-font-size:17px;--awb-icon-alignment:left;--awb-hover-color:#f9f9fb;--awb-border-color:#e2e2e2;--awb-background-color:#ffffff;--awb-divider-color:#ffffff;--awb-divider-hover-color:#e2201b;--awb-icon-color:#ffffff;--awb-title-color:#606060;--awb-content-color:#606060;--awb-icon-box-color:#212934;--awb-toggle-hover-accent-color:#f62209;--awb-title-font-family:&quot;Barlow Condensed&quot;;--awb-title-font-weight:600;--awb-title-font-style:normal;--awb-title-font-size:18px;--awb-content-font-family:&quot;Barlow Condensed&quot;;--awb-content-font-style:normal;--awb-content-font-weight:300;\"><div class=\"panel-group fusion-toggle-icon-boxed\" id=\"accordion-7738-1\"><div class=\"fusion-panel panel-default panel-9eecf20fdde11f563 fusion-toggle-has-divider\" style=\"--awb-title-font-family:&quot;Barlow Condensed&quot;;--awb-title-font-weight:700;--awb-title-font-style:normal;--awb-title-font-size:22px;--awb-title-letter-spacing:var(--awb-typography1-letter-spacing);--awb-title-line-height:var(--awb-typography1-line-height);--awb-title-text-transform:var(--awb-typography1-text-transform);--awb-title-color:#606060;\"><div class=\"panel-heading\"><h4 class=\"panel-title toggle\" id=\"toggle_9eecf20fdde11f563\"><a aria-expanded=\"false\" aria-controls=\"9eecf20fdde11f563\" role=\"button\" data-toggle=\"collapse\" data-parent=\"#accordion-7738-1\" data-target=\"#9eecf20fdde11f563\" href=\"#9eecf20fdde11f563\"><span class=\"fusion-toggle-icon-wrapper\" aria-hidden=\"true\"><i class=\"fa-fusion-box active-icon awb-icon-minus\" aria-hidden=\"true\"><\/i><i class=\"fa-fusion-box inactive-icon awb-icon-plus\" aria-hidden=\"true\"><\/i><\/span><span class=\"fusion-toggle-heading\">Condiciones legales<\/span><\/a><\/h4><\/div><div id=\"9eecf20fdde11f563\" class=\"panel-collapse collapse \" aria-labelledby=\"toggle_9eecf20fdde11f563\"><div class=\"panel-body toggle-content fusion-clearfix\">\n<p>BIANNA\u00a0pone a disposici\u00f3n este canal como parte del sistema interno de informaci\u00f3n y es esencial para el cumplimiento del C\u00f3digo \u00c9tico y de la normativa interna en particular.<\/p>\n<h4><strong>Uso responsable del canal de denuncias<\/strong><\/h4>\n<p>Es obligaci\u00f3n del informante hacer un uso responsable del canal de denuncias, en ning\u00fan caso se debe realizar informaciones infundadas o de mala fe, pudiendo derivarse en tal caso las acciones legales y\/o de car\u00e1cter disciplinario que resultaran de aplicaci\u00f3n. El informante debe garantizar que los datos proporcionados son veraces, exactos y lo m\u00e1s completos posible. El canal no debe ser utilizado para la consecuci\u00f3n de objetivos distintos de los establecidos en el mismo<\/p>\n<h4><strong>Reclamaciones comerciales\/sugerencias<\/strong><\/h4>\n<p>Te recordamos que a trav\u00e9s de este medio no se gestionan consultas, reclamaciones de car\u00e1cter comercial o sugerencias. Para ello, disponen los correspondientes tel\u00e9fonos y herramientas de atenci\u00f3n al cliente.<\/p>\n<p>Tambi\u00e9n puede redactar y enviar esta denuncia a la empresa a trav\u00e9s de los siguientes medios:<\/p>\n<p>Por correo postal:<br \/>\n<strong>C\/ dels Pirineus 79, Celr\u00e0 17460 (Girona) \u2013 Spain<\/strong><\/p>\n<p>Por correo electr\u00f3nico:<br \/>\n<strong>info@bianna.com<\/strong><\/p>\n<p>Por tel\u00e9fono:<br \/>\n<strong>+34 902 104 266<\/strong><\/p>\n<p>A solicitud del informante, tambi\u00e9n podr\u00e1 presentarse mediante una reuni\u00f3n presencial dentro del plazo m\u00e1ximo de 7 d\u00edas.<\/p>\n<h4>Garant\u00edas del canal de denuncias durante el proceso<\/h4>\n<ul>\n<li><strong>Protecci\u00f3n al informante<br \/>\n<\/strong>Toda persona que comunique una incidencia o irregularidad, de buena fe, tendr\u00e1 derecho a ser protegido tal y como se establece en la Directiva (UE) 2019\/1937 del Parlamento Europeo y del Consejo, de 23 de octubre de 2019, relativa a la protecci\u00f3n de las personas que informen sobre infracciones del Derecho de la Uni\u00f3n y, en particular en lo establecido en la Ley 2\/2023, de 20 de febrero, reguladora de la protecci\u00f3n de las personas que informen sobre infracciones normativas y de lucha contra la corrupci\u00f3n.<\/li>\n<li><strong>Confidencialidad y anonimato<\/strong><br \/>\nEl Canal Interno de Informaci\u00f3n de BIANNA, en todos sus formatos permite que las comunicaciones puedan llevarse a cabo de forma an\u00f3nima. En el caso de que el informante opte por no ocultar su identidad, BIANNA garantiza que el procedimiento de comunicaci\u00f3n interna sea llevado a cabo de una manera confidencial.<\/li>\n<li><strong>Gesti\u00f3n de conflictos de inter\u00e9s<\/strong><br \/>\nAntes del inicio de la funci\u00f3n instructora, si existiese conflicto de intereses, se revisar\u00e1 con otro miembro que formara parte de la investigaci\u00f3n.<\/li>\n<li><strong>Prohibici\u00f3n de represalias<br \/>\n<\/strong>BIANNA proh\u00edbe expresamente los actos constitutivos de represalia, incluidas las amenazas de represalia y las tentativas de represalia contra las personas que presenten una comunicaci\u00f3n conforme a lo previsto en la presente Pol\u00edtica. Estos hechos tendr\u00e1n consideraci\u00f3n de infracci\u00f3n laboral muy grave. (art. 63.1.b) Ley 2\/2023.<\/li>\n<li><strong>Presunci\u00f3n de inocencia<\/strong><br \/>\nDurante la tramitaci\u00f3n del expediente, las personas afectadas por la comunicaci\u00f3n tendr\u00e1n derecho a la presunci\u00f3n de inocencia y al derecho de defensa durante todo el proceso.<\/li>\n<li><strong>Cumplimiento normativo\u00a0<\/strong><br \/>\nLa legalidad y \u00e9tica corporativa son pilares integrantes del Sistema, cuya gesti\u00f3n se regir\u00e1 por la legislaci\u00f3n vigente.<\/li>\n<\/ul>\n<\/div><\/div><\/div><\/div><\/div><\/div><\/div><div class=\"fusion-layout-column fusion_builder_column fusion-builder-column-2 fusion_builder_column_3_5 3_5 fusion-flex-column\" style=\"--awb-padding-right-small:0px;--awb-padding-left-small:0px;--awb-bg-size:cover;--awb-width-large:60%;--awb-margin-top-large:0px;--awb-spacing-right-large:3.2%;--awb-margin-bottom-large:0px;--awb-spacing-left-large:3.2%;--awb-width-medium:60%;--awb-order-medium:0;--awb-spacing-right-medium:3.2%;--awb-spacing-left-medium:3.2%;--awb-width-small:100%;--awb-order-small:0;--awb-spacing-right-small:0%;--awb-spacing-left-small:0%;\"><div class=\"fusion-column-wrapper fusion-column-has-shadow fusion-flex-justify-content-flex-start fusion-content-layout-column\"><div class=\"fusion-form fusion-form-builder fusion-form-form-wrapper fusion-form-7634\" style=\"--awb-tooltip-text-color:#ffffff;--awb-tooltip-background-color:#333333;--awb-field-margin-top:20px;--awb-field-margin-bottom:0px;--awb-form-border-color:#515151;\" data-form-id=\"7634\" data-config=\"{&quot;form_id&quot;:7634,&quot;form_post_id&quot;:7634,&quot;post_id&quot;:7738,&quot;form_type&quot;:&quot;ajax&quot;,&quot;confirmation_type&quot;:&quot;message&quot;,&quot;redirect_url&quot;:&quot;&quot;,&quot;field_labels&quot;:{&quot;asunto_frase_que_resuma_la_naturaleza_de_la_denuncia&quot;:&quot;Asunto (Frase que resuma la naturaleza de la denuncia)&quot;,&quot;nombre&quot;:&quot;Nombre y apellidos&quot;,&quot;telefono&quot;:&quot;Tel\\u00e9fono&quot;,&quot;mail&quot;:&quot;Email&quot;,&quot;empresa&quot;:&quot;Empresa&quot;,&quot;\\u00bfque_relacion_tiene_con_bianna&quot;:&quot;\\u00bfQue relaci\\u00f3n tiene con Bianna?&quot;,&quot;\\u00bfque_tipo_de_denuncia_quiere_comunicar&quot;:&quot;\\u00bfQue tipo de denuncia quiere comunicar?&quot;,&quot;\\u00bfcuando_ocurrio_los_hechos&quot;:&quot;\\u00bfCu\\u00e1ndo ocurri\\u00f3 los hechos?&quot;,&quot;cuentanos_que_fue_lo_sucedido:_describe_la_situacion_detalladamente&quot;:&quot;Cu\\u00e9ntanos qu\\u00e9 fue lo sucedido: Describe la situaci\\u00f3n detalladamente.&quot;,&quot;consent&quot;:&quot;&quot;},&quot;field_logics&quot;:{&quot;asunto_frase_que_resuma_la_naturaleza_de_la_denuncia&quot;:&quot;&quot;,&quot;nombre&quot;:&quot;&quot;,&quot;telefono&quot;:&quot;&quot;,&quot;mail&quot;:&quot;&quot;,&quot;empresa&quot;:&quot;&quot;,&quot;\\u00bfque_relacion_tiene_con_bianna&quot;:&quot;&quot;,&quot;\\u00bfque_tipo_de_denuncia_quiere_comunicar&quot;:&quot;&quot;,&quot;\\u00bfcuando_ocurrio_los_hechos&quot;:&quot;&quot;,&quot;cuentanos_que_fue_lo_sucedido:_describe_la_situacion_detalladamente&quot;:&quot;[]&quot;,&quot;notice_1&quot;:&quot;&quot;,&quot;consent&quot;:&quot;&quot;},&quot;field_types&quot;:{&quot;asunto_frase_que_resuma_la_naturaleza_de_la_denuncia&quot;:&quot;text&quot;,&quot;nombre&quot;:&quot;text&quot;,&quot;telefono&quot;:&quot;text&quot;,&quot;mail&quot;:&quot;email&quot;,&quot;empresa&quot;:&quot;text&quot;,&quot;\\u00bfque_relacion_tiene_con_bianna&quot;:&quot;select&quot;,&quot;\\u00bfque_tipo_de_denuncia_quiere_comunicar&quot;:&quot;select&quot;,&quot;\\u00bfcuando_ocurrio_los_hechos&quot;:&quot;date&quot;,&quot;cuentanos_que_fue_lo_sucedido:_describe_la_situacion_detalladamente&quot;:&quot;textarea&quot;,&quot;submit_1&quot;:&quot;submit&quot;,&quot;notice_1&quot;:&quot;notice&quot;,&quot;consent&quot;:&quot;checkbox&quot;},&quot;nonce_method&quot;:&quot;ajax&quot;}\"><form action=\"https:\/\/bianna.com\/pt-pt\/denuncias\/\" method=\"post\" class=\"fusion-form fusion-form-7634\"><div class=\"fusion-fullwidth fullwidth-box fusion-builder-row-2-1 fusion-flex-container has-pattern-background has-mask-background nonhundred-percent-fullwidth non-hundred-percent-height-scrolling\" style=\"--awb-border-radius-top-left:0px;--awb-border-radius-top-right:0px;--awb-border-radius-bottom-right:0px;--awb-border-radius-bottom-left:0px;--awb-flex-wrap:wrap;\" ><div class=\"fusion-builder-row fusion-row fusion-flex-align-items-flex-start fusion-flex-content-wrap\" style=\"width:104% !important;max-width:104% !important;margin-left: calc(-4% \/ 2 );margin-right: calc(-4% \/ 2 );\"><div class=\"fusion-layout-column fusion_builder_column fusion-builder-column-3 fusion_builder_column_1_1 1_1 fusion-flex-column\" style=\"--awb-bg-size:cover;--awb-width-large:100%;--awb-margin-top-large:0px;--awb-spacing-right-large:1.92%;--awb-margin-bottom-large:0px;--awb-spacing-left-large:1.92%;--awb-width-medium:100%;--awb-order-medium:0;--awb-spacing-right-medium:1.92%;--awb-spacing-left-medium:1.92%;--awb-width-small:100%;--awb-order-small:0;--awb-spacing-right-small:1.92%;--awb-spacing-left-small:1.92%;\"><div class=\"fusion-column-wrapper fusion-column-has-shadow fusion-flex-justify-content-flex-start fusion-content-layout-column\"><div class=\"fusion-text fusion-text-2\"><h2>Informar de un caso<\/h2>\n<\/div><div class=\"fusion-form-field fusion-form-text-field fusion-form-label-above\" style=\"\" data-form-id=\"7634\"><div class=\"fusion-form-label-wrapper\"><label for=\"asunto_frase_que_resuma_la_naturaleza_de_la_denuncia\">Asunto (Frase que resuma la naturaleza de la denuncia)<\/label><\/div><input type=\"text\" autocomplete=\"off\" name=\"asunto_frase_que_resuma_la_naturaleza_de_la_denuncia\" id=\"asunto_frase_que_resuma_la_naturaleza_de_la_denuncia\" value=\"\"  class=\"fusion-form-input\" data-holds-private-data=\"false\" minlength=\"0\"\/><\/div><div class=\"fusion-form-field fusion-form-text-field fusion-form-label-above\" style=\"\" data-form-id=\"7634\"><div class=\"fusion-form-label-wrapper\"><label for=\"nombre\">Nombre y apellidos<\/label><\/div><input type=\"text\" autocomplete=\"off\" name=\"nombre\" id=\"nombre\" value=\"\"  class=\"fusion-form-input\" data-holds-private-data=\"false\" minlength=\"0\"\/><\/div><div class=\"fusion-form-field fusion-form-text-field fusion-form-label-above\" style=\"\" data-form-id=\"7634\"><div class=\"fusion-form-label-wrapper\"><label for=\"telefono\">Tel\u00e9fono<\/label><\/div><input type=\"text\" autocomplete=\"off\"  pattern=\"[0-9()#&+*-=.]+\" name=\"telefono\" id=\"telefono\" value=\"\"  class=\"fusion-form-input\" data-holds-private-data=\"false\" minlength=\"0\"\/><\/div><div class=\"fusion-form-field fusion-form-email-field fusion-form-label-above\" style=\"\" data-form-id=\"7634\"><div class=\"fusion-form-label-wrapper\"><label for=\"mail\">Email<\/label><\/div><input type=\"email\" autocomplete=\"off\" name=\"mail\" id=\"mail\" value=\"\"  class=\"fusion-form-input\" data-holds-private-data=\"false\"\/><\/div><div class=\"fusion-form-field fusion-form-text-field fusion-form-label-above\" style=\"\" data-form-id=\"7634\"><div class=\"fusion-form-label-wrapper\"><label for=\"empresa\">Empresa<\/label><\/div><input type=\"text\" autocomplete=\"off\" name=\"empresa\" id=\"empresa\" value=\"\"  class=\"fusion-form-input\" data-holds-private-data=\"false\" minlength=\"0\"\/><\/div><div class=\"fusion-form-field fusion-form-select-field fusion-form-label-above\" style=\"\" data-form-id=\"7634\"><label for=\"\u00bfque_relacion_tiene_con_bianna\">\u00bfQue relaci\u00f3n tiene con Bianna?<\/label><div class=\"fusion-select-wrapper\"><select autocomplete=\"off\" tabindex=\"\" id=\"\u00bfque_relacion_tiene_con_bianna\" name=\"\u00bfque_relacion_tiene_con_bianna\" class=\"fusion-form-input\" data-holds-private-data=\"false\"><option value=\"Cliente\" >Cliente<\/option><option value=\"Proveedor\" >Proveedor<\/option><option value=\"Otros\" >Otros<\/option><\/select><div class=\"select-arrow\"><svg width=\"12\" height=\"8\" viewBox=\"0 0 12 8\" fill=\"none\" xmlns=\"http:\/\/www.w3.org\/2000\/svg\"> <path d=\"M1.5 1.75L6 6.25L10.5 1.75\" stroke=\"#6D6D6D\" stroke-width=\"2\" stroke-linecap=\"round\" stroke-linejoin=\"round\"\/> <\/svg><\/div><\/div><\/div><div class=\"fusion-form-field fusion-form-select-field fusion-form-label-above\" style=\"\" data-form-id=\"7634\"><label for=\"\u00bfque_tipo_de_denuncia_quiere_comunicar\">\u00bfQue tipo de denuncia quiere comunicar?<\/label><div class=\"fusion-select-wrapper\"><select autocomplete=\"off\" tabindex=\"\" id=\"\u00bfque_tipo_de_denuncia_quiere_comunicar\" name=\"\u00bfque_tipo_de_denuncia_quiere_comunicar\" class=\"fusion-form-input\" data-holds-private-data=\"false\"><option value=\"Cualquier hecho o irregularidad contraria a la prevenci\u00f3n del Blanqueo de Capitales, fraude, corrupci\u00f3n o existencia de conflictos de inter\u00e9s.\" >Cualquier hecho o irregularidad contraria a la prevenci\u00f3n del Blanqueo de Capitales, fraude, corrupci\u00f3n o existencia de conflictos de inter\u00e9s.<\/option><option value=\"Cualquier indicio o sospecha de comportamiento contrario a la igualdad de las personas y acoso laboral y\/o sexual.\" >Cualquier indicio o sospecha de comportamiento contrario a la igualdad de las personas y acoso laboral y\/o sexual.<\/option><option value=\"Cualquier indicio o sospecha de comportamiento contrario al C\u00f3digo \u00e9tico.\" >Cualquier indicio o sospecha de comportamiento contrario al C\u00f3digo \u00e9tico.<\/option><option value=\"Incumplimiento de pol\u00edticas o protocolos de Bianna o de sus empresas.\" >Incumplimiento de pol\u00edticas o protocolos de Bianna o de sus empresas.<\/option><option value=\"Incumplimiento normativo (leyes)\" >Incumplimiento normativo (leyes)<\/option><option value=\"Otros\" >Otros<\/option><\/select><div class=\"select-arrow\"><svg width=\"12\" height=\"8\" viewBox=\"0 0 12 8\" fill=\"none\" xmlns=\"http:\/\/www.w3.org\/2000\/svg\"> <path d=\"M1.5 1.75L6 6.25L10.5 1.75\" stroke=\"#6D6D6D\" stroke-width=\"2\" stroke-linecap=\"round\" stroke-linejoin=\"round\"\/> <\/svg><\/div><\/div><\/div><div class=\"fusion-form-field fusion-form-date-field fusion-form-label-above\" style=\"\" data-form-id=\"7634\"><label for=\"\u00bfcuando_ocurrio_los_hechos\">\u00bfCu\u00e1ndo ocurri\u00f3 los hechos?<\/label><input autocomplete=\"off\" type=\"date\" data-first-day=\"1\"  data-format=\"\" tabindex=\"\" id=\"\u00bfcuando_ocurrio_los_hechos\" name=\"\u00bfcuando_ocurrio_los_hechos\" data-type=\"custom\" value=\"\" data-holds-private-data=\"false\" class=\"fusion-form-input\"autocomplete=\"no\"\/><\/div><div class=\"fusion-form-field fusion-form-textarea-field fusion-form-label-above\" style=\"\" data-form-id=\"7634\"><label for=\"cuentanos_que_fue_lo_sucedido:_describe_la_situacion_detalladamente\">Cu\u00e9ntanos qu\u00e9 fue lo sucedido: Describe la situaci\u00f3n detalladamente.<\/label><textarea cols=\"40\" autocomplete=\"off\"  minlength=\"0\"  rows=\"6\" tabindex=\"\" id=\"cuentanos_que_fue_lo_sucedido:_describe_la_situacion_detalladamente\" name=\"cuentanos_que_fue_lo_sucedido:_describe_la_situacion_detalladamente\" class=\"fusion-form-input\" data-holds-private-data=\"false\"><\/textarea><\/div><div class=\"fusion-form-field fusion-form-submit-field fusion-form-label-above\" style=\"\" data-form-id=\"7634\"><div ><button type=\"submit\" class=\"fusion-button button-flat fusion-button-default-size button-custom fusion-button-default button-1 fusion-button-default-span  form-form-submit button-default fusion-has-button-gradient\" style=\"--button_accent_color:#ff0000;--button_border_color:#ff0000;--button_accent_hover_color:#ffffff;--button_border_hover_color:#ffffff;--button_gradient_top_color:#ffffff;--button_gradient_bottom_color:#ffffff;--button_gradient_top_color_hover:#b5b5b5;--button_gradient_bottom_color_hover:#878787;--button_margin-top:20px;\" data-form-number=\"7634\" tabindex=\"\"><span class=\"fusion-button-text awb-button__text awb-button__text--default\">Enviar<\/span><\/button><\/div><\/div><div class=\"form-submission-notices data-notice_1\" id=\"fusion-notices-1\"><div class=\"fusion-alert alert success alert-success fusion-alert-center fusion-form-response fusion-form-response-success awb-alert-native-link-color alert-dismissable awb-alert-close-boxed\" style=\"--awb-margin-top:20px;\" role=\"alert\"><div class=\"fusion-alert-content-wrapper\"><span class=\"alert-icon\"><i class=\"awb-icon-check-circle\" aria-hidden=\"true\"><\/i><\/span><span class=\"fusion-alert-content\">Gracias por su mensaje. Se ha enviado.<\/span><\/div><button type=\"button\" class=\"close toggle-alert\" data-dismiss=\"alert\" aria-label=\"Close\">&times;<\/button><\/div><div class=\"fusion-alert alert error alert-danger fusion-alert-center fusion-form-response fusion-form-response-error awb-alert-native-link-color alert-dismissable awb-alert-close-boxed\" style=\"--awb-margin-top:20px;\" role=\"alert\"><div class=\"fusion-alert-content-wrapper\"><span class=\"alert-icon\"><i class=\"awb-icon-exclamation-triangle\" aria-hidden=\"true\"><\/i><\/span><span class=\"fusion-alert-content\">Se ha producido un error al intentar enviar su mensaje. Vuelva a intentarlo m\u00e1s tarde.<\/span><\/div><button type=\"button\" class=\"close toggle-alert\" data-dismiss=\"alert\" aria-label=\"Close\">&times;<\/button><\/div><\/div><div class=\"fusion-form-field fusion-form-checkbox-field fusion-form-label-above\" style=\"\" data-form-id=\"7634\"><fieldset><div class=\"fusion-form-checkbox\"><input tabindex=\"\" id=\"checkbox-consent-1-0\" type=\"checkbox\" value=\"Consentimiento obligatorio:\" name=\"consent[]\" class=\"fusion-form-input\" required=\"true\" aria-required=\"true\" data-holds-private-data=\"false\"\/><label for=\"checkbox-consent-1-0\">Consentimiento obligatorio:<\/label><\/div><\/fieldset><\/div><div class=\"fusion-text fusion-text-3\"><p>De conformidad con el Reglamento (UE) 2016\/679 del Parlamento Europeo y del Consejo, de 27 de abril de 2016, relativo a la protecci\u00f3n de las personas f\u00edsicas en lo que respecta al tratamiento de datos personales y a la libre circulaci\u00f3n de estos datos, y a la Ley Org\u00e1nica 3\/2018, de 5 de diciembre, de Protecci\u00f3n de Datos Personales y garant\u00eda de los derechos digitales Bianna como responsable de los datos facilitados, informa de los siguientes extremos relativos al tratamiento de los datos: Responsable del tratamiento: Bianna. Finalidad: gestionar su comunicaci\u00f3n, adoptar las medidas correctivas correspondientes y, en caso de ser necesario, informarle sobre el resultado del procedimiento. Legitimaci\u00f3n: obligaci\u00f3n legal (Art. 6.1.c) RGPD). Conservaci\u00f3n: Los datos ser\u00e1n conservados durante el plazo estrictamente necesario para esclarecer los hechos comunicados. En todo caso transcurridos seis (6) meses se proceder\u00e1 a la anonimizaci\u00f3n de los datos facilitados salvo que sean investigados en un entorno legal distinto. Cesi\u00f3n de datos: No se prev\u00e9n comunicaciones de datos a terceros, salvo por obligaci\u00f3n legal. Asimismo, se informa que se proceder\u00e1 a tratar los datos de manera l\u00edcita, leal, transparente, adecuada, pertinente, limitada, exacta y actualizada. Ejercicio de derechos: Podr\u00e1 ejercer los derechos de acceso, rectificaci\u00f3n, limitaci\u00f3n de tratamiento, supresi\u00f3n, portabilidad y oposici\u00f3n al tratamiento de sus datos de car\u00e1cter personal, dirigiendo su petici\u00f3n a la direcci\u00f3n postal del Bianna C\/ dels Pirineus 79, Celr\u00e0 17460 (Girona) \u2013 Spain, o al correo electr\u00f3nico: info@bianna.com<\/p>\n<\/div>\n<\/div><\/div><\/div><\/div><input type=\"hidden\" name=\"fusion_privacy_store_ip_ua\" value=\"false\"><input type=\"hidden\" name=\"fusion_privacy_expiration_interval\" value=\"48\"><input type=\"hidden\" name=\"privacy_expiration_action\" value=\"anonymize\"><\/form><\/div><\/div><\/div><\/div><\/div><\/p>\n","protected":false},"excerpt":{"rendered":"","protected":false},"author":1,"featured_media":0,"parent":0,"menu_order":0,"comment_status":"closed","ping_status":"closed","template":"100-width.php","meta":{"footnotes":""},"class_list":["post-7738","page","type-page","status-publish","hentry"],"_links":{"self":[{"href":"https:\/\/bianna.com\/pt-pt\/wp-json\/wp\/v2\/pages\/7738","targetHints":{"allow":["GET"]}}],"collection":[{"href":"https:\/\/bianna.com\/pt-pt\/wp-json\/wp\/v2\/pages"}],"about":[{"href":"https:\/\/bianna.com\/pt-pt\/wp-json\/wp\/v2\/types\/page"}],"author":[{"embeddable":true,"href":"https:\/\/bianna.com\/pt-pt\/wp-json\/wp\/v2\/users\/1"}],"replies":[{"embeddable":true,"href":"https:\/\/bianna.com\/pt-pt\/wp-json\/wp\/v2\/comments?post=7738"}],"version-history":[{"count":0,"href":"https:\/\/bianna.com\/pt-pt\/wp-json\/wp\/v2\/pages\/7738\/revisions"}],"wp:attachment":[{"href":"https:\/\/bianna.com\/pt-pt\/wp-json\/wp\/v2\/media?parent=7738"}],"curies":[{"name":"wp","href":"https:\/\/api.w.org\/{rel}","templated":true}]}}