{"id":4141,"date":"2022-05-17T16:07:38","date_gmt":"2022-05-17T14:07:38","guid":{"rendered":"https:\/\/bianna.com\/construccion-y-demolicion\/"},"modified":"2022-06-28T11:46:38","modified_gmt":"2022-06-28T09:46:38","slug":"construcao-e-demolicao","status":"publish","type":"page","link":"https:\/\/bianna.com\/pt-pt\/construcao-e-demolicao\/","title":{"rendered":"Constru\u00e7\u00e3o e demoli\u00e7\u00e3o"},"content":{"rendered":"<p><div class=\"fusion-fullwidth fullwidth-box fusion-builder-row-1 fusion-flex-container fusion-parallax-none nonhundred-percent-fullwidth non-hundred-percent-height-scrolling\" style=\"--awb-border-radius-top-left:0px;--awb-border-radius-top-right:0px;--awb-border-radius-bottom-right:0px;--awb-border-radius-bottom-left:0px;--awb-padding-top:200px;--awb-padding-bottom:200px;--awb-background-image:linear-gradient(90deg, #f62209 0%,rgba(255,255,255,0) 75%),url(https:\/\/bianna.com\/wp-content\/uploads\/2022\/05\/CD-bianna-01-1024x716.jpg);;--awb-background-size:cover;--awb-flex-wrap:wrap;\" ><div class=\"fusion-builder-row fusion-row fusion-flex-align-items-flex-start fusion-flex-align-content-center fusion-flex-content-wrap\" style=\"max-width:1144px;margin-left: calc(-4% \/ 2 );margin-right: calc(-4% \/ 2 );\"><div class=\"fusion-layout-column fusion_builder_column fusion-builder-column-0 fusion_builder_column_1_2 1_2 fusion-flex-column\" style=\"--awb-bg-size:cover;--awb-width-large:50%;--awb-margin-top-large:0px;--awb-spacing-right-large:3.84%;--awb-margin-bottom-large:0px;--awb-spacing-left-large:3.84%;--awb-width-medium:50%;--awb-order-medium:0;--awb-spacing-right-medium:3.84%;--awb-spacing-left-medium:3.84%;--awb-width-small:100%;--awb-order-small:0;--awb-spacing-right-small:1.92%;--awb-spacing-left-small:1.92%;\"><div class=\"fusion-column-wrapper fusion-column-has-shadow fusion-flex-justify-content-flex-start fusion-content-layout-column\"><div class=\"fusion-image-element \" style=\"--awb-margin-bottom:40px;--awb-max-width:472px;--awb-caption-title-font-family:var(--h2_typography-font-family);--awb-caption-title-font-weight:var(--h2_typography-font-weight);--awb-caption-title-font-style:var(--h2_typography-font-style);--awb-caption-title-size:var(--h2_typography-font-size);--awb-caption-title-transform:var(--h2_typography-text-transform);--awb-caption-title-line-height:var(--h2_typography-line-height);--awb-caption-title-letter-spacing:var(--h2_typography-letter-spacing);\"><span class=\" fusion-imageframe imageframe-none imageframe-1 hover-type-none\"><img decoding=\"async\" width=\"873\" height=\"196\" src=\"https:\/\/bianna.com\/wp-content\/uploads\/2022\/05\/CD-bianna-01.svg\" alt class=\"img-responsive wp-image-3702\"\/><\/span><\/div><div class=\"fusion-title title fusion-title-1 fusion-sep-none fusion-title-text fusion-title-size-one\" style=\"--awb-text-color:#ffffff;\"><h1 class=\"fusion-title-heading title-heading-left fusion-responsive-typography-calculated\" style=\"margin:0;--fontSize:80;line-height:1;\">Constru\u00e7\u00e3o e demoli\u00e7\u00e3o<\/h1><\/div><div class=\"fusion-title title fusion-title-2 fusion-sep-none fusion-title-text fusion-title-size-three\" style=\"--awb-text-color:#ffffff;\"><h3 class=\"fusion-title-heading title-heading-left fusion-responsive-typography-calculated\" style=\"margin:0;--fontSize:25;--minFontSize:25;line-height:1.2;\">Instala\u00e7\u00f5es para o tratamento mec\u00e2nico de res\u00edduos de constru\u00e7\u00e3o e demoli\u00e7\u00e3o.<\/h3><\/div><\/div><\/div><div class=\"fusion-layout-column fusion_builder_column fusion-builder-column-1 fusion_builder_column_1_2 1_2 fusion-flex-column\" style=\"--awb-bg-size:cover;--awb-width-large:50%;--awb-margin-top-large:0px;--awb-spacing-right-large:3.84%;--awb-margin-bottom-large:0px;--awb-spacing-left-large:3.84%;--awb-width-medium:50%;--awb-order-medium:0;--awb-spacing-right-medium:3.84%;--awb-spacing-left-medium:3.84%;--awb-width-small:100%;--awb-order-small:0;--awb-spacing-right-small:1.92%;--awb-spacing-left-small:1.92%;\"><div class=\"fusion-column-wrapper fusion-column-has-shadow fusion-flex-justify-content-flex-start fusion-content-layout-column\"><\/div><\/div><\/div><\/div><div class=\"fusion-fullwidth fullwidth-box fusion-builder-row-2 fusion-flex-container nonhundred-percent-fullwidth non-hundred-percent-height-scrolling\" style=\"--awb-border-radius-top-left:0px;--awb-border-radius-top-right:0px;--awb-border-radius-bottom-right:0px;--awb-border-radius-bottom-left:0px;--awb-margin-top:120px;--awb-margin-bottom:120px;--awb-flex-wrap:wrap;\" ><div class=\"fusion-builder-row fusion-row fusion-flex-align-items-flex-start fusion-flex-content-wrap\" style=\"max-width:1144px;margin-left: calc(-4% \/ 2 );margin-right: calc(-4% \/ 2 );\"><div class=\"fusion-layout-column fusion_builder_column fusion-builder-column-2 fusion_builder_column_1_2 1_2 fusion-flex-column\" style=\"--awb-bg-size:cover;--awb-width-large:50%;--awb-margin-top-large:0px;--awb-spacing-right-large:3.84%;--awb-margin-bottom-large:0px;--awb-spacing-left-large:3.84%;--awb-width-medium:50%;--awb-order-medium:0;--awb-spacing-right-medium:3.84%;--awb-spacing-left-medium:3.84%;--awb-width-small:100%;--awb-order-small:0;--awb-spacing-right-small:1.92%;--awb-spacing-left-small:1.92%;\"><div class=\"fusion-column-wrapper fusion-column-has-shadow fusion-flex-justify-content-flex-start fusion-content-layout-column\"><div class=\"fusion-text fusion-text-1\" style=\"--awb-text-transform:none;\"><p>Os Res\u00edduos de Constru\u00e7\u00e3o e Demoli\u00e7\u00e3o (RCD) s\u00e3o aqueles que prov\u00eam da demoli\u00e7\u00e3o de edif\u00edcios, das rejei\u00e7\u00f5es das obras de remodela\u00e7\u00e3o de habita\u00e7\u00f5es e, em geral, de qualquer obra de constru\u00e7\u00e3o civil. Pelas suas particularidades em termos de composi\u00e7\u00e3o e tipologia, estes res\u00edduos s\u00e3o normalmente processados separadamente e exigem linhas de tratamento mec\u00e2nico especificamente projetadas para o seu tratamento.<\/p>\n<p>Tal como acontece com qualquer tipo de res\u00edduo, as caracter\u00edsticas do RCD variam consideravelmente em cada pa\u00eds, dependendo dos materiais utilizados para a constru\u00e7\u00e3o de casas. A madeira \u00e9 um bom demonstrativo de como a presen\u00e7a de um determinado material pode ser maiorit\u00e1ria ou marginal neste fluxo de res\u00edduos.<\/p>\n<p>A Bianna tem uma vasta experi\u00eancia no tratamento deste tipo de res\u00edduos e fornece instala\u00e7\u00f5es para recupera\u00e7\u00e3o de materiais recicl\u00e1veis e a produ\u00e7\u00e3o de produtos comercializ\u00e1veis secund\u00e1rios. O alcance do fornecimento da Bianna inclui as solu\u00e7\u00f5es de tratamento completas para a produ\u00e7\u00e3o de agregados de tamanhos de part\u00edculas diferentes at\u00e9 linhas simples de separa\u00e7\u00e3o manual para a recupera\u00e7\u00e3o de materiais recicl\u00e1veis (pl\u00e1sticos, madeira, metais, etc.)<\/p>\n<\/div><\/div><\/div><div class=\"fusion-layout-column fusion_builder_column fusion-builder-column-3 fusion_builder_column_1_2 1_2 fusion-flex-column\" style=\"--awb-padding-top:30px;--awb-padding-right:30px;--awb-padding-bottom:30px;--awb-padding-left:30px;--awb-overflow:hidden;--awb-bg-color:rgba(255,255,255,0.75);--awb-bg-color-hover:rgba(255,255,255,0.75);--awb-bg-size:cover;--awb-box-shadow:0px 0px 15px 0px rgba(0,0,0,0.25);;--awb-border-color:#ffffff;--awb-border-style:solid;--awb-border-radius:10px 10px 10px 10px;--awb-width-large:50%;--awb-margin-top-large:0px;--awb-spacing-right-large:3.84%;--awb-margin-bottom-large:0px;--awb-spacing-left-large:3.84%;--awb-width-medium:50%;--awb-order-medium:0;--awb-spacing-right-medium:3.84%;--awb-spacing-left-medium:3.84%;--awb-width-small:100%;--awb-order-small:0;--awb-spacing-right-small:1.92%;--awb-spacing-left-small:1.92%;\"><div class=\"fusion-column-wrapper fusion-column-has-shadow fusion-flex-justify-content-flex-start fusion-content-layout-column\"><div class=\"fusion-image-element \" style=\"text-align:left;--awb-max-width:80px;--awb-caption-title-font-family:var(--h2_typography-font-family);--awb-caption-title-font-weight:var(--h2_typography-font-weight);--awb-caption-title-font-style:var(--h2_typography-font-style);--awb-caption-title-size:var(--h2_typography-font-size);--awb-caption-title-transform:var(--h2_typography-text-transform);--awb-caption-title-line-height:var(--h2_typography-line-height);--awb-caption-title-letter-spacing:var(--h2_typography-letter-spacing);\"><span class=\" fusion-imageframe imageframe-none imageframe-2 hover-type-none\"><img decoding=\"async\" width=\"371\" height=\"239\" src=\"https:\/\/bianna.com\/wp-content\/uploads\/2022\/05\/process-02.svg\" alt class=\"img-responsive wp-image-3623\"\/><\/span><\/div><div class=\"fusion-title title fusion-title-3 fusion-sep-none fusion-title-text fusion-title-size-three\"><h3 class=\"fusion-title-heading title-heading-left fusion-responsive-typography-calculated\" style=\"margin:0;--fontSize:25;--minFontSize:25;line-height:1.2;\">Tratamento<\/h3><\/div><div class=\"fusion-text fusion-text-2\" style=\"--awb-text-transform:none;\"><p>A Bianna oferece solu\u00e7\u00f5es modulares que permitem separar os materiais recicl\u00e1veis presentes neste tipo de res\u00edduos assim como materiais inertes em tamanhos diferentes, dependendo das necessidades do cliente e das aplica\u00e7\u00f5es que este produto possa ter no mercado.<\/p>\n<p>Tamb\u00e9m aplicamos solu\u00e7\u00f5es derivadas da recupera\u00e7\u00e3o de RCD\u00b4s para tratamento das esc\u00f3rias provenientes da incinera\u00e7\u00e3o de RSU, para posterior matura\u00e7\u00e3o e reciclagem como agregados.<\/p>\n<\/div><div class=\"fusion-title title fusion-title-4 fusion-sep-none fusion-title-text fusion-title-size-three\"><h3 class=\"fusion-title-heading title-heading-left fusion-responsive-typography-calculated\" style=\"margin:0;--fontSize:25;--minFontSize:25;line-height:1.2;\">Outputs<\/h3><\/div><div class=\"fusion-text fusion-text-3\" style=\"--awb-text-transform:none;\"><ul>\n<li>Agregados<\/li>\n<li>Madeira<\/li>\n<li>Pl\u00e1sticos<\/li>\n<li>Metais<\/li>\n<li>CSR<\/li>\n<\/ul>\n<\/div><\/div><\/div><\/div><\/div><div class=\"fusion-fullwidth fullwidth-box fusion-builder-row-3 fusion-flex-container nonhundred-percent-fullwidth non-hundred-percent-height-scrolling\" style=\"--awb-border-radius-top-left:0px;--awb-border-radius-top-right:0px;--awb-border-radius-bottom-right:0px;--awb-border-radius-bottom-left:0px;--awb-margin-bottom:120px;--awb-flex-wrap:wrap;\" ><div class=\"fusion-builder-row fusion-row fusion-flex-align-items-flex-start fusion-flex-content-wrap\" style=\"max-width:1144px;margin-left: calc(-4% \/ 2 );margin-right: calc(-4% \/ 2 );\"><div class=\"fusion-layout-column fusion_builder_column fusion-builder-column-4 fusion_builder_column_1_1 1_1 fusion-flex-column\" style=\"--awb-bg-size:cover;--awb-width-large:100%;--awb-margin-top-large:0px;--awb-spacing-right-large:1.92%;--awb-margin-bottom-large:0px;--awb-spacing-left-large:1.92%;--awb-width-medium:100%;--awb-order-medium:0;--awb-spacing-right-medium:1.92%;--awb-spacing-left-medium:1.92%;--awb-width-small:100%;--awb-order-small:0;--awb-spacing-right-small:1.92%;--awb-spacing-left-small:1.92%;\"><div class=\"fusion-column-wrapper fusion-column-has-shadow fusion-flex-justify-content-flex-start fusion-content-layout-column\"><div class=\"awb-gallery-wrapper awb-gallery-wrapper-1 button-span-no\"><div style=\"margin:-2px;--awb-bordersize:1px;\" class=\"fusion-gallery fusion-gallery-container fusion-grid-6 fusion-columns-total-6 fusion-gallery-layout-grid fusion-gallery-1\"><div style=\"padding:2.5px;\" class=\"fusion-grid-column fusion-gallery-column fusion-gallery-column-6 hover-type-zoomin\"><div class=\"fusion-gallery-image\"><a href=\"https:\/\/bianna.com\/wp-content\/uploads\/2022\/05\/CD-Bianna-GAL-1.jpg\" rel=\"noreferrer\" data-rel=\"iLightbox[gallery_image_1]\" class=\"fusion-lightbox\" target=\"_self\"><img decoding=\"async\" src=\"https:\/\/bianna.com\/wp-content\/uploads\/2022\/05\/CD-Bianna-GAL-1-320x202.jpg\" width=\"320\" height=\"202\" alt=\"\" title=\"C&#038;D-Bianna-GAL-1\" aria-label=\"C&#038;D-Bianna-GAL-1\" class=\"img-responsive wp-image-1318 fusion-gallery-image-size-fixed\" srcset=\"https:\/\/bianna.com\/wp-content\/uploads\/2022\/05\/CD-Bianna-GAL-1-320x202.jpg 320w, https:\/\/bianna.com\/wp-content\/uploads\/2022\/05\/CD-Bianna-GAL-1-700x441.jpg 700w\" sizes=\"(max-width: 320px) 100vw, 320px\" \/><\/a><\/div><\/div><div style=\"padding:2.5px;\" class=\"fusion-grid-column fusion-gallery-column fusion-gallery-column-6 hover-type-zoomin\"><div class=\"fusion-gallery-image\"><a href=\"https:\/\/bianna.com\/wp-content\/uploads\/2022\/05\/CD-Bianna-GAL-2.jpg\" rel=\"noreferrer\" data-rel=\"iLightbox[gallery_image_1]\" class=\"fusion-lightbox\" target=\"_self\"><img decoding=\"async\" src=\"https:\/\/bianna.com\/wp-content\/uploads\/2022\/05\/CD-Bianna-GAL-2-320x202.jpg\" width=\"320\" height=\"202\" alt=\"\" title=\"C&#038;D-Bianna-GAL-2\" aria-label=\"C&#038;D-Bianna-GAL-2\" class=\"img-responsive wp-image-1319 fusion-gallery-image-size-fixed\" srcset=\"https:\/\/bianna.com\/wp-content\/uploads\/2022\/05\/CD-Bianna-GAL-2-320x202.jpg 320w, https:\/\/bianna.com\/wp-content\/uploads\/2022\/05\/CD-Bianna-GAL-2-700x441.jpg 700w\" sizes=\"(max-width: 320px) 100vw, 320px\" \/><\/a><\/div><\/div><div style=\"padding:2.5px;\" class=\"fusion-grid-column fusion-gallery-column fusion-gallery-column-6 hover-type-zoomin\"><div class=\"fusion-gallery-image\"><a href=\"https:\/\/bianna.com\/wp-content\/uploads\/2022\/05\/CD-Bianna-GAL-3.jpg\" rel=\"noreferrer\" data-rel=\"iLightbox[gallery_image_1]\" class=\"fusion-lightbox\" target=\"_self\"><img decoding=\"async\" src=\"https:\/\/bianna.com\/wp-content\/uploads\/2022\/05\/CD-Bianna-GAL-3-320x202.jpg\" width=\"320\" height=\"202\" alt=\"\" title=\"C&#038;D-Bianna-GAL-3\" aria-label=\"C&#038;D-Bianna-GAL-3\" class=\"img-responsive wp-image-1320 fusion-gallery-image-size-fixed\" srcset=\"https:\/\/bianna.com\/wp-content\/uploads\/2022\/05\/CD-Bianna-GAL-3-320x202.jpg 320w, https:\/\/bianna.com\/wp-content\/uploads\/2022\/05\/CD-Bianna-GAL-3-700x441.jpg 700w\" sizes=\"(max-width: 320px) 100vw, 320px\" \/><\/a><\/div><\/div><div style=\"padding:2.5px;\" class=\"fusion-grid-column fusion-gallery-column fusion-gallery-column-6 hover-type-zoomin\"><div class=\"fusion-gallery-image\"><a href=\"https:\/\/bianna.com\/wp-content\/uploads\/2022\/05\/CD-Bianna-GAL-4.jpg\" rel=\"noreferrer\" data-rel=\"iLightbox[gallery_image_1]\" class=\"fusion-lightbox\" target=\"_self\"><img decoding=\"async\" src=\"https:\/\/bianna.com\/wp-content\/uploads\/2022\/05\/CD-Bianna-GAL-4-320x202.jpg\" width=\"320\" height=\"202\" alt=\"\" title=\"C&#038;D-Bianna-GAL-4\" aria-label=\"C&#038;D-Bianna-GAL-4\" class=\"img-responsive wp-image-1321 fusion-gallery-image-size-fixed\" srcset=\"https:\/\/bianna.com\/wp-content\/uploads\/2022\/05\/CD-Bianna-GAL-4-320x202.jpg 320w, https:\/\/bianna.com\/wp-content\/uploads\/2022\/05\/CD-Bianna-GAL-4-700x441.jpg 700w\" sizes=\"(max-width: 320px) 100vw, 320px\" \/><\/a><\/div><\/div><div style=\"padding:2.5px;\" class=\"fusion-grid-column fusion-gallery-column fusion-gallery-column-6 hover-type-zoomin\"><div class=\"fusion-gallery-image\"><a href=\"https:\/\/bianna.com\/wp-content\/uploads\/2022\/05\/CD-Bianna-GAL-5.jpg\" rel=\"noreferrer\" data-rel=\"iLightbox[gallery_image_1]\" class=\"fusion-lightbox\" target=\"_self\"><img decoding=\"async\" src=\"https:\/\/bianna.com\/wp-content\/uploads\/2022\/05\/CD-Bianna-GAL-5-320x202.jpg\" width=\"320\" height=\"202\" alt=\"\" title=\"C&#038;D-Bianna-GAL-5\" aria-label=\"C&#038;D-Bianna-GAL-5\" class=\"img-responsive wp-image-1322 fusion-gallery-image-size-fixed\" srcset=\"https:\/\/bianna.com\/wp-content\/uploads\/2022\/05\/CD-Bianna-GAL-5-320x202.jpg 320w, https:\/\/bianna.com\/wp-content\/uploads\/2022\/05\/CD-Bianna-GAL-5-700x441.jpg 700w\" sizes=\"(max-width: 320px) 100vw, 320px\" \/><\/a><\/div><\/div><div style=\"padding:2.5px;\" class=\"fusion-grid-column fusion-gallery-column fusion-gallery-column-6 hover-type-zoomin\"><div class=\"fusion-gallery-image\"><a href=\"https:\/\/bianna.com\/wp-content\/uploads\/2022\/05\/CD-Bianna-GAL-6.jpg\" rel=\"noreferrer\" data-rel=\"iLightbox[gallery_image_1]\" class=\"fusion-lightbox\" target=\"_self\"><img decoding=\"async\" src=\"https:\/\/bianna.com\/wp-content\/uploads\/2022\/05\/CD-Bianna-GAL-6-320x202.jpg\" width=\"320\" height=\"202\" alt=\"\" title=\"C&#038;D-Bianna-GAL-6\" aria-label=\"C&#038;D-Bianna-GAL-6\" class=\"img-responsive wp-image-1323 fusion-gallery-image-size-fixed\" srcset=\"https:\/\/bianna.com\/wp-content\/uploads\/2022\/05\/CD-Bianna-GAL-6-320x202.jpg 320w, https:\/\/bianna.com\/wp-content\/uploads\/2022\/05\/CD-Bianna-GAL-6-700x441.jpg 700w\" sizes=\"(max-width: 320px) 100vw, 320px\" \/><\/a><\/div><\/div><div class=\"clearfix\"><\/div><\/div><\/div><\/div><\/div><\/div><\/div><div class=\"fusion-fullwidth fullwidth-box fusion-builder-row-4 fusion-flex-container nonhundred-percent-fullwidth non-hundred-percent-height-scrolling\" style=\"--awb-border-sizes-top:1px;--awb-border-color:#ffffff;--awb-border-radius-top-left:0px;--awb-border-radius-top-right:0px;--awb-border-radius-bottom-right:0px;--awb-border-radius-bottom-left:0px;--awb-padding-top:120px;--awb-padding-bottom:120px;--awb-margin-top:0px;--awb-margin-bottom:0px;--awb-background-color:#e2201b;--awb-flex-wrap:wrap;\" ><div class=\"fusion-builder-row fusion-row fusion-flex-align-items-flex-start fusion-flex-content-wrap\" style=\"max-width:1144px;margin-left: calc(-4% \/ 2 );margin-right: calc(-4% \/ 2 );\"><div class=\"fusion-layout-column fusion_builder_column fusion-builder-column-5 fusion_builder_column_1_2 1_2 fusion-flex-column\" style=\"--awb-bg-size:cover;--awb-width-large:50%;--awb-margin-top-large:0px;--awb-spacing-right-large:3.84%;--awb-margin-bottom-large:0px;--awb-spacing-left-large:3.84%;--awb-width-medium:50%;--awb-order-medium:0;--awb-spacing-right-medium:3.84%;--awb-spacing-left-medium:3.84%;--awb-width-small:100%;--awb-order-small:0;--awb-spacing-right-small:1.92%;--awb-spacing-left-small:1.92%;\"><div class=\"fusion-column-wrapper fusion-column-has-shadow fusion-flex-justify-content-flex-start fusion-content-layout-column\"><div class=\"fusion-image-element \" style=\"text-align:left;--awb-margin-bottom:40px;--awb-max-width:300px;--awb-caption-title-font-family:var(--h2_typography-font-family);--awb-caption-title-font-weight:var(--h2_typography-font-weight);--awb-caption-title-font-style:var(--h2_typography-font-style);--awb-caption-title-size:var(--h2_typography-font-size);--awb-caption-title-transform:var(--h2_typography-text-transform);--awb-caption-title-line-height:var(--h2_typography-line-height);--awb-caption-title-letter-spacing:var(--h2_typography-letter-spacing);\"><span class=\" fusion-imageframe imageframe-none imageframe-3 hover-type-none\"><img decoding=\"async\" width=\"556\" height=\"124\" src=\"https:\/\/bianna.com\/wp-content\/uploads\/2022\/05\/logo_bianna_06.svg\" alt class=\"img-responsive wp-image-3595\"\/><\/span><\/div><div class=\"fusion-title title fusion-title-5 fusion-sep-none fusion-title-text fusion-title-size-two\" style=\"--awb-text-color:#ffffff;\"><h2 class=\"fusion-title-heading title-heading-left fusion-responsive-typography-calculated\" style=\"margin:0;--fontSize:40;line-height:1.0;\">Precisa de ajuda?<\/h2><\/div><div class=\"fusion-text fusion-text-4\" style=\"--awb-text-transform:none;--awb-text-color:#ffffff;\"><p>Os respons\u00e1veis \u200b\u200bpor cada unidade est\u00e3o \u00e0 disposi\u00e7\u00e3o para atend\u00ea-lo e tirar suas d\u00favidas:<\/p>\n<\/div><div ><a class=\"fusion-button button-flat fusion-button-default-size button-default fusion-button-default button-1 fusion-button-default-span fusion-button-default-type\" target=\"_self\" href=\"mailto:info@bianna.com\"><span class=\"fusion-button-text awb-button__text awb-button__text--default\">Contate-Nos<\/span><\/a><\/div><\/div><\/div><div class=\"fusion-layout-column fusion_builder_column fusion-builder-column-6 fusion_builder_column_1_3 1_3 fusion-flex-column\" style=\"--awb-bg-size:cover;--awb-width-large:33.333333333333%;--awb-margin-top-large:0px;--awb-spacing-right-large:5.76%;--awb-margin-bottom-large:0px;--awb-spacing-left-large:5.76%;--awb-width-medium:33.333333333333%;--awb-order-medium:0;--awb-spacing-right-medium:5.76%;--awb-spacing-left-medium:5.76%;--awb-width-small:100%;--awb-order-small:0;--awb-spacing-right-small:1.92%;--awb-spacing-left-small:1.92%;\"><div class=\"fusion-column-wrapper fusion-column-has-shadow fusion-flex-justify-content-flex-start fusion-content-layout-column\"><\/div><\/div><\/div><\/div><\/p>\n","protected":false},"excerpt":{"rendered":"","protected":false},"author":1,"featured_media":0,"parent":0,"menu_order":0,"comment_status":"closed","ping_status":"closed","template":"100-width.php","meta":{"footnotes":""},"class_list":["post-4141","page","type-page","status-publish","hentry"],"_links":{"self":[{"href":"https:\/\/bianna.com\/pt-pt\/wp-json\/wp\/v2\/pages\/4141","targetHints":{"allow":["GET"]}}],"collection":[{"href":"https:\/\/bianna.com\/pt-pt\/wp-json\/wp\/v2\/pages"}],"about":[{"href":"https:\/\/bianna.com\/pt-pt\/wp-json\/wp\/v2\/types\/page"}],"author":[{"embeddable":true,"href":"https:\/\/bianna.com\/pt-pt\/wp-json\/wp\/v2\/users\/1"}],"replies":[{"embeddable":true,"href":"https:\/\/bianna.com\/pt-pt\/wp-json\/wp\/v2\/comments?post=4141"}],"version-history":[{"count":2,"href":"https:\/\/bianna.com\/pt-pt\/wp-json\/wp\/v2\/pages\/4141\/revisions"}],"predecessor-version":[{"id":4143,"href":"https:\/\/bianna.com\/pt-pt\/wp-json\/wp\/v2\/pages\/4141\/revisions\/4143"}],"wp:attachment":[{"href":"https:\/\/bianna.com\/pt-pt\/wp-json\/wp\/v2\/media?parent=4141"}],"curies":[{"name":"wp","href":"https:\/\/api.w.org\/{rel}","templated":true}]}}