{"id":7993,"date":"2025-02-20T17:01:34","date_gmt":"2025-02-20T15:01:34","guid":{"rendered":"https:\/\/bianna.com\/sugimat\/"},"modified":"2025-02-21T14:29:27","modified_gmt":"2025-02-21T12:29:27","slug":"sugimat","status":"publish","type":"page","link":"https:\/\/bianna.com\/fr\/sugimat\/","title":{"rendered":"Sugimat"},"content":{"rendered":"<div class=\"fusion-fullwidth fullwidth-box fusion-builder-row-1 fusion-flex-container has-pattern-background has-mask-background fusion-parallax-none nonhundred-percent-fullwidth non-hundred-percent-height-scrolling\" style=\"--awb-border-radius-top-left:0px;--awb-border-radius-top-right:0px;--awb-border-radius-bottom-right:0px;--awb-border-radius-bottom-left:0px;--awb-padding-top:100px;--awb-padding-right:0px;--awb-padding-bottom:100px;--awb-padding-left:0px;--awb-background-image:linear-gradient(90deg, #8d1134 0%,rgba(255,255,255,0) 75%),url(https:\/\/bianna.com\/wp-content\/uploads\/2025\/02\/Sugimat-Bianna-07.jpg);;--awb-background-size:cover;--awb-flex-wrap:wrap;\" ><div class=\"fusion-builder-row fusion-row fusion-flex-align-items-flex-end fusion-flex-align-content-center fusion-flex-justify-content-space-between fusion-flex-content-wrap\" style=\"max-width:1144px;margin-left: calc(-4% \/ 2 );margin-right: calc(-4% \/ 2 );\"><div class=\"fusion-layout-column fusion_builder_column fusion-builder-column-0 fusion_builder_column_1_2 1_2 fusion-flex-column\" style=\"--awb-bg-size:cover;--awb-width-large:50%;--awb-margin-top-large:0px;--awb-spacing-right-large:3.84%;--awb-margin-bottom-large:0px;--awb-spacing-left-large:3.84%;--awb-width-medium:50%;--awb-order-medium:0;--awb-spacing-right-medium:3.84%;--awb-spacing-left-medium:3.84%;--awb-width-small:100%;--awb-order-small:0;--awb-spacing-right-small:1.92%;--awb-margin-bottom-small:30px;--awb-spacing-left-small:1.92%;\"><div class=\"fusion-column-wrapper fusion-column-has-shadow fusion-flex-justify-content-flex-start fusion-content-layout-column\"><div class=\"fusion-image-element \" style=\"--awb-margin-bottom:40px;--awb-max-width:400px;--awb-caption-title-font-family:var(--h2_typography-font-family);--awb-caption-title-font-weight:var(--h2_typography-font-weight);--awb-caption-title-font-style:var(--h2_typography-font-style);--awb-caption-title-size:var(--h2_typography-font-size);--awb-caption-title-transform:var(--h2_typography-text-transform);--awb-caption-title-line-height:var(--h2_typography-line-height);--awb-caption-title-letter-spacing:var(--h2_typography-letter-spacing);\"><span class=\" fusion-imageframe imageframe-none imageframe-1 hover-type-none\"><img decoding=\"async\" width=\"1462\" height=\"373\" title=\"Sugimat-Bianna-06\" src=\"https:\/\/bianna.com\/wp-content\/uploads\/2025\/02\/Sugimat-Bianna-06.svg\" alt class=\"img-responsive wp-image-7870\"\/><\/span><\/div><div class=\"fusion-title title fusion-title-1 fusion-sep-none fusion-title-text fusion-title-size-two\" style=\"--awb-text-color:#ffffff;\"><h2 class=\"fusion-title-heading title-heading-left fusion-responsive-typography-calculated\" style=\"margin:0;--fontSize:40;line-height:1.0;\">CHAUDI\u00c8RES INDUSTRIELLES<\/h2><\/div><nav class=\"awb-menu awb-menu_column awb-menu_em-hover mobile-mode-always-expanded awb-menu_icons-left awb-menu_dc-yes mobile-trigger-fullwidth-off awb-menu_mobile-toggle awb-menu_indent-left loading mega-menu-loading awb-menu_desktop awb-menu_dropdown awb-menu_expand-center awb-menu_transition-fade\" style=\"--awb-font-size:22px;--awb-text-transform:var(--awb-typography1-text-transform);--awb-color:#ffffff;--awb-letter-spacing:var(--awb-typography1-letter-spacing);--awb-active-color:#000000;--awb-icons-color:#bababa;--awb-icons-hover-color:#000000;--awb-main-justify-content:flex-start;--awb-mobile-bg:rgba(255,255,255,0.75);--awb-mobile-nav-items-height:45;--awb-mobile-trigger-font-size:18px;--awb-trigger-padding-top:5px;--awb-trigger-padding-right:5px;--awb-trigger-padding-bottom:5px;--awb-trigger-padding-left:5px;--awb-mobile-font-size:24px;--awb-mobile-justify:flex-start;--awb-mobile-caret-left:auto;--awb-mobile-caret-right:0;--awb-fusion-font-family-typography:&quot;Barlow Condensed&quot;;--awb-fusion-font-style-typography:normal;--awb-fusion-font-weight-typography:500;--awb-fusion-font-family-submenu-typography:inherit;--awb-fusion-font-style-submenu-typography:normal;--awb-fusion-font-weight-submenu-typography:400;--awb-fusion-font-family-mobile-typography:inherit;--awb-fusion-font-style-mobile-typography:normal;--awb-fusion-font-weight-mobile-typography:400;\" aria-label=\"Sugimat - Calderas\" data-breakpoint=\"1024\" data-count=\"0\" data-transition-type=\"fade\" data-transition-time=\"300\" data-expand=\"center\"><button type=\"button\" class=\"awb-menu__m-toggle awb-menu__m-toggle_no-text\" aria-expanded=\"false\" aria-controls=\"menu-sugimat-calderas\"><span class=\"awb-menu__m-toggle-inner\"><span class=\"collapsed-nav-text\"><span class=\"screen-reader-text\">Toggle Navigation<\/span><\/span><span class=\"awb-menu__m-collapse-icon awb-menu__m-collapse-icon_no-text\"><span class=\"awb-menu__m-collapse-icon-open awb-menu__m-collapse-icon-open_no-text fa-bars fas\"><\/span><span class=\"awb-menu__m-collapse-icon-close awb-menu__m-collapse-icon-close_no-text fa-times fas\"><\/span><\/span><\/span><\/button><ul id=\"menu-sugimat-calderas-frances\" class=\"fusion-menu awb-menu__main-ul awb-menu__main-ul_column\"><li  id=\"menu-item-7944\"  class=\"menu-item menu-item-type-custom menu-item-object-custom menu-item-7944 awb-menu__li awb-menu__main-li awb-menu__main-li_regular\"  data-item-id=\"7944\"><span class=\"awb-menu__main-background-default awb-menu__main-background-default_fade\"><\/span><span class=\"awb-menu__main-background-active awb-menu__main-background-active_fade\"><\/span><a  href=\"https:\/\/www.sugimat.com\/fr\/produits\/eau-chaude-et-eau-surchauffee\/\" class=\"awb-menu__main-a awb-menu__main-a_regular\"><span class=\"menu-text\">Chaudi\u00e8res eau chaude et eau surchauff\u00e9e<\/span><\/a><\/li><li  id=\"menu-item-7945\"  class=\"menu-item menu-item-type-custom menu-item-object-custom menu-item-7945 awb-menu__li awb-menu__main-li awb-menu__main-li_regular\"  data-item-id=\"7945\"><span class=\"awb-menu__main-background-default awb-menu__main-background-default_fade\"><\/span><span class=\"awb-menu__main-background-active awb-menu__main-background-active_fade\"><\/span><a  href=\"https:\/\/www.sugimat.com\/fr\/produits\/generaction-dair-chaud\/\" class=\"awb-menu__main-a awb-menu__main-a_regular\"><span class=\"menu-text\">G\u00e9n\u00e9ration d\u2019air chaud<\/span><\/a><\/li><li  id=\"menu-item-7946\"  class=\"menu-item menu-item-type-custom menu-item-object-custom menu-item-7946 awb-menu__li awb-menu__main-li awb-menu__main-li_regular\"  data-item-id=\"7946\"><span class=\"awb-menu__main-background-default awb-menu__main-background-default_fade\"><\/span><span class=\"awb-menu__main-background-active awb-menu__main-background-active_fade\"><\/span><a  href=\"https:\/\/www.sugimat.com\/fr\/caldera-horizon\/\" class=\"awb-menu__main-a awb-menu__main-a_regular\"><span class=\"menu-text\">Chaudi\u00e8re Horizon+<\/span><\/a><\/li><li  id=\"menu-item-7947\"  class=\"menu-item menu-item-type-custom menu-item-object-custom menu-item-7947 awb-menu__li awb-menu__main-li awb-menu__main-li_regular\"  data-item-id=\"7947\"><span class=\"awb-menu__main-background-default awb-menu__main-background-default_fade\"><\/span><span class=\"awb-menu__main-background-active awb-menu__main-background-active_fade\"><\/span><a  href=\"https:\/\/www.sugimat.com\/fr\/produits\/fluide-thermique\/\" class=\"awb-menu__main-a awb-menu__main-a_regular\"><span class=\"menu-text\">Chaudi\u00e8res fluide thermique<\/span><\/a><\/li><li  id=\"menu-item-7948\"  class=\"menu-item menu-item-type-custom menu-item-object-custom menu-item-7948 awb-menu__li awb-menu__main-li awb-menu__main-li_regular\"  data-item-id=\"7948\"><span class=\"awb-menu__main-background-default awb-menu__main-background-default_fade\"><\/span><span class=\"awb-menu__main-background-active awb-menu__main-background-active_fade\"><\/span><a  href=\"https:\/\/www.sugimat.com\/fr\/produits\/chaudieres-vapeur-biomasse\/\" class=\"awb-menu__main-a awb-menu__main-a_regular\"><span class=\"menu-text\">Chaudieres vapeur biomasse<\/span><\/a><\/li><\/ul><\/nav><div class=\"fusion-title title fusion-title-2 fusion-sep-none fusion-title-text fusion-title-size-two\" style=\"--awb-text-color:#ffffff;--awb-margin-top:30px;\"><h2 class=\"fusion-title-heading title-heading-left fusion-responsive-typography-calculated\" style=\"margin:0;--fontSize:40;line-height:1.0;\"><p class=\"p1\">SYSTEMES DE COMBUSTION<\/p><\/h2><\/div><nav class=\"awb-menu awb-menu_column awb-menu_em-hover mobile-mode-always-expanded awb-menu_icons-left awb-menu_dc-yes mobile-trigger-fullwidth-off awb-menu_mobile-toggle awb-menu_indent-left loading mega-menu-loading awb-menu_desktop awb-menu_dropdown awb-menu_expand-center awb-menu_transition-fade\" style=\"--awb-font-size:22px;--awb-text-transform:var(--awb-typography1-text-transform);--awb-color:#ffffff;--awb-letter-spacing:var(--awb-typography1-letter-spacing);--awb-active-color:#000000;--awb-icons-color:#bababa;--awb-icons-hover-color:#000000;--awb-main-justify-content:flex-start;--awb-mobile-bg:rgba(255,255,255,0.75);--awb-mobile-nav-items-height:45;--awb-mobile-trigger-font-size:18px;--awb-trigger-padding-top:5px;--awb-trigger-padding-right:5px;--awb-trigger-padding-bottom:5px;--awb-trigger-padding-left:5px;--awb-mobile-font-size:24px;--awb-mobile-justify:flex-start;--awb-mobile-caret-left:auto;--awb-mobile-caret-right:0;--awb-fusion-font-family-typography:&quot;Barlow Condensed&quot;;--awb-fusion-font-style-typography:normal;--awb-fusion-font-weight-typography:500;--awb-fusion-font-family-submenu-typography:inherit;--awb-fusion-font-style-submenu-typography:normal;--awb-fusion-font-weight-submenu-typography:400;--awb-fusion-font-family-mobile-typography:inherit;--awb-fusion-font-style-mobile-typography:normal;--awb-fusion-font-weight-mobile-typography:400;\" aria-label=\"Sugimat - Combusti\u00f3n\" data-breakpoint=\"1024\" data-count=\"1\" data-transition-type=\"fade\" data-transition-time=\"300\" data-expand=\"center\"><button type=\"button\" class=\"awb-menu__m-toggle awb-menu__m-toggle_no-text\" aria-expanded=\"false\" aria-controls=\"menu-sugimat-combustion\"><span class=\"awb-menu__m-toggle-inner\"><span class=\"collapsed-nav-text\"><span class=\"screen-reader-text\">Toggle Navigation<\/span><\/span><span class=\"awb-menu__m-collapse-icon awb-menu__m-collapse-icon_no-text\"><span class=\"awb-menu__m-collapse-icon-open awb-menu__m-collapse-icon-open_no-text fa-bars fas\"><\/span><span class=\"awb-menu__m-collapse-icon-close awb-menu__m-collapse-icon-close_no-text fa-times fas\"><\/span><\/span><\/span><\/button><ul id=\"menu-sugimat-combustion-frances\" class=\"fusion-menu awb-menu__main-ul awb-menu__main-ul_column\"><li  id=\"menu-item-7962\"  class=\"menu-item menu-item-type-custom menu-item-object-custom menu-item-7962 awb-menu__li awb-menu__main-li awb-menu__main-li_regular\"  data-item-id=\"7962\"><span class=\"awb-menu__main-background-default awb-menu__main-background-default_fade\"><\/span><span class=\"awb-menu__main-background-active awb-menu__main-background-active_fade\"><\/span><a  href=\"https:\/\/www.sugimat.com\/fr\/produits\/foyer-volcan\/\" class=\"awb-menu__main-a awb-menu__main-a_regular\"><span class=\"menu-text\">Foyer volcan<\/span><\/a><\/li><li  id=\"menu-item-7963\"  class=\"menu-item menu-item-type-custom menu-item-object-custom menu-item-7963 awb-menu__li awb-menu__main-li awb-menu__main-li_regular\"  data-item-id=\"7963\"><span class=\"awb-menu__main-background-default awb-menu__main-background-default_fade\"><\/span><span class=\"awb-menu__main-background-active awb-menu__main-background-active_fade\"><\/span><a  href=\"https:\/\/www.sugimat.com\/fr\/produits\/grille-voyageuse\/\" class=\"awb-menu__main-a awb-menu__main-a_regular\"><span class=\"menu-text\">Grille voyageuse<\/span><\/a><\/li><li  id=\"menu-item-7964\"  class=\"menu-item menu-item-type-custom menu-item-object-custom menu-item-7964 awb-menu__li awb-menu__main-li awb-menu__main-li_regular\"  data-item-id=\"7964\"><span class=\"awb-menu__main-background-default awb-menu__main-background-default_fade\"><\/span><span class=\"awb-menu__main-background-active awb-menu__main-background-active_fade\"><\/span><a  href=\"https:\/\/www.sugimat.com\/fr\/produits\/lit-fluidise\/\" class=\"awb-menu__main-a awb-menu__main-a_regular\"><span class=\"menu-text\">Lit Fluidis\u00e9<\/span><\/a><\/li><li  id=\"menu-item-7965\"  class=\"menu-item menu-item-type-custom menu-item-object-custom menu-item-7965 awb-menu__li awb-menu__main-li awb-menu__main-li_regular\"  data-item-id=\"7965\"><span class=\"awb-menu__main-background-default awb-menu__main-background-default_fade\"><\/span><span class=\"awb-menu__main-background-active awb-menu__main-background-active_fade\"><\/span><a  href=\"https:\/\/www.sugimat.com\/fr\/produits\/foyer-de-combustion-a-grilles-mobiles\/\" class=\"awb-menu__main-a awb-menu__main-a_regular\"><span class=\"menu-text\">Foyer de combustion \u00e0 grilles mobiles<\/span><\/a><\/li><li  id=\"menu-item-7966\"  class=\"menu-item menu-item-type-custom menu-item-object-custom menu-item-7966 awb-menu__li awb-menu__main-li awb-menu__main-li_regular\"  data-item-id=\"7966\"><span class=\"awb-menu__main-background-default awb-menu__main-background-default_fade\"><\/span><span class=\"awb-menu__main-background-active awb-menu__main-background-active_fade\"><\/span><a  href=\"https:\/\/www.sugimat.com\/fr\/produits\/injection-et-bruleur-poussiere\/\" class=\"awb-menu__main-a awb-menu__main-a_regular\"><span class=\"menu-text\">Injection et br\u00fbleur poussi\u00e8re<\/span><\/a><\/li><\/ul><\/nav><div class=\"fusion-title title fusion-title-3 fusion-sep-none fusion-title-text fusion-title-size-two\" style=\"--awb-text-color:#ffffff;--awb-margin-top:30px;\"><h2 class=\"fusion-title-heading title-heading-left fusion-responsive-typography-calculated\" style=\"margin:0;--fontSize:40;line-height:1.0;\"><p class=\"p1\">PRODUCTION ELECTRIQUE ET COG\u00c9N\u00c9RATION<\/p><\/h2><\/div><nav class=\"awb-menu awb-menu_column awb-menu_em-hover mobile-mode-always-expanded awb-menu_icons-left awb-menu_dc-yes mobile-trigger-fullwidth-off awb-menu_mobile-toggle awb-menu_indent-left loading mega-menu-loading awb-menu_desktop awb-menu_dropdown awb-menu_expand-center awb-menu_transition-fade\" style=\"--awb-font-size:22px;--awb-text-transform:var(--awb-typography1-text-transform);--awb-color:#ffffff;--awb-letter-spacing:var(--awb-typography1-letter-spacing);--awb-active-color:#000000;--awb-icons-color:#bababa;--awb-icons-hover-color:#000000;--awb-main-justify-content:flex-start;--awb-mobile-bg:rgba(255,255,255,0.75);--awb-mobile-nav-items-height:45;--awb-mobile-trigger-font-size:18px;--awb-trigger-padding-top:5px;--awb-trigger-padding-right:5px;--awb-trigger-padding-bottom:5px;--awb-trigger-padding-left:5px;--awb-mobile-font-size:24px;--awb-mobile-justify:flex-start;--awb-mobile-caret-left:auto;--awb-mobile-caret-right:0;--awb-fusion-font-family-typography:&quot;Barlow Condensed&quot;;--awb-fusion-font-style-typography:normal;--awb-fusion-font-weight-typography:500;--awb-fusion-font-family-submenu-typography:inherit;--awb-fusion-font-style-submenu-typography:normal;--awb-fusion-font-weight-submenu-typography:400;--awb-fusion-font-family-mobile-typography:inherit;--awb-fusion-font-style-mobile-typography:normal;--awb-fusion-font-weight-mobile-typography:400;\" aria-label=\"Sugimat - El\u00e9ctrica\" data-breakpoint=\"1024\" data-count=\"2\" data-transition-type=\"fade\" data-transition-time=\"300\" data-expand=\"center\"><button type=\"button\" class=\"awb-menu__m-toggle awb-menu__m-toggle_no-text\" aria-expanded=\"false\" aria-controls=\"menu-sugimat-electrica\"><span class=\"awb-menu__m-toggle-inner\"><span class=\"collapsed-nav-text\"><span class=\"screen-reader-text\">Toggle Navigation<\/span><\/span><span class=\"awb-menu__m-collapse-icon awb-menu__m-collapse-icon_no-text\"><span class=\"awb-menu__m-collapse-icon-open awb-menu__m-collapse-icon-open_no-text fa-bars fas\"><\/span><span class=\"awb-menu__m-collapse-icon-close awb-menu__m-collapse-icon-close_no-text fa-times fas\"><\/span><\/span><\/span><\/button><ul id=\"menu-sugimat-electrica-frances\" class=\"fusion-menu awb-menu__main-ul awb-menu__main-ul_column\"><li  id=\"menu-item-7975\"  class=\"menu-item menu-item-type-custom menu-item-object-custom menu-item-7975 awb-menu__li awb-menu__main-li awb-menu__main-li_regular\"  data-item-id=\"7975\"><span class=\"awb-menu__main-background-default awb-menu__main-background-default_fade\"><\/span><span class=\"awb-menu__main-background-active awb-menu__main-background-active_fade\"><\/span><a  href=\"https:\/\/www.sugimat.com\/fr\/produits\/systeme-orc\/\" class=\"awb-menu__main-a awb-menu__main-a_regular\"><span class=\"menu-text\">Syst\u00e8me ORC<\/span><\/a><\/li><li  id=\"menu-item-7976\"  class=\"menu-item menu-item-type-custom menu-item-object-custom menu-item-7976 awb-menu__li awb-menu__main-li awb-menu__main-li_regular\"  data-item-id=\"7976\"><span class=\"awb-menu__main-background-default awb-menu__main-background-default_fade\"><\/span><span class=\"awb-menu__main-background-active awb-menu__main-background-active_fade\"><\/span><a  href=\"https:\/\/www.sugimat.com\/fr\/produits\/chaudieres-pour-champs-thermosolaires\/\" class=\"awb-menu__main-a awb-menu__main-a_regular\"><span class=\"menu-text\">Chaudi\u00e8res pour champs thermosolaires<\/span><\/a><\/li><\/ul><\/nav><\/div><\/div><div class=\"fusion-layout-column fusion_builder_column fusion-builder-column-1 fusion_builder_column_1_2 1_2 fusion-flex-column\" style=\"--awb-padding-top:10px;--awb-padding-right:30px;--awb-padding-bottom:30px;--awb-padding-left:30px;--awb-overflow:hidden;--awb-bg-color:rgba(255,255,255,0.9);--awb-bg-color-hover:rgba(255,255,255,0.9);--awb-bg-size:cover;--awb-box-shadow:0px 0px 15px 0px rgba(0,0,0,0.25);;--awb-border-color:#ffffff;--awb-border-style:solid;--awb-border-radius:10px 10px 10px 10px;--awb-width-large:50%;--awb-margin-top-large:0px;--awb-spacing-right-large:3.84%;--awb-margin-bottom-large:0px;--awb-spacing-left-large:3.84%;--awb-width-medium:50%;--awb-order-medium:0;--awb-spacing-right-medium:3.84%;--awb-spacing-left-medium:3.84%;--awb-width-small:100%;--awb-order-small:0;--awb-spacing-right-small:1.92%;--awb-spacing-left-small:1.92%;\" data-scroll-devices=\"small-visibility,medium-visibility,large-visibility\"><div class=\"fusion-column-wrapper fusion-column-has-shadow fusion-flex-justify-content-flex-start fusion-content-layout-column\"><div class=\"fusion-text fusion-text-1 fusion-text-no-margin\" style=\"--awb-text-transform:none;--awb-margin-bottom:0px;\"><h3>Entreprise sp\u00e9cialis\u00e9e dans les chaudi\u00e8res industrielles<\/h3>\n<p>Plus de 40 ans d&rsquo;exp\u00e9rience font de Sugimat le sp\u00e9cialiste de la fabrication, de l&rsquo;installation et de la maintenance de chaudi\u00e8res industrielles et de syst\u00e8mes de chauffage industriel. Avec une pr\u00e9sence internationale dans plus de 30 pays, Sugimat fait le pari d&rsquo;offrir des solutions thermiques adapt\u00e9es \u00e0 chacun de ses clients : g\u00e9n\u00e9rateurs de vapeur, chaudi\u00e8res industrielles, syst\u00e8mes de combustion, br\u00fbleurs industriels, etc.<\/p>\n<\/div><div style=\"text-align:right;\"><a class=\"fusion-button button-flat button-large button-custom fusion-button-default button-1 fusion-button-default-span fusion-button-default-type fusion-has-button-gradient\" style=\"--button_accent_color:#606060;--button_border_color:#606060;--button_accent_hover_color:#ffffff;--button_border_hover_color:#ffffff;--button_gradient_top_color:rgba(255,255,255,0);--button_gradient_bottom_color:rgba(255,255,255,0);--button_gradient_top_color_hover:#b5b5b5;--button_gradient_bottom_color_hover:#878787;--button_margin-top:20px;\" target=\"_self\" href=\"https:\/\/www.sugimat.com\/fr\/\"><span class=\"fusion-button-text awb-button__text awb-button__text--default\">Visiter le site web<\/span><\/a><\/div><\/div><\/div><\/div><\/div>\n","protected":false},"excerpt":{"rendered":"","protected":false},"author":1,"featured_media":0,"parent":0,"menu_order":0,"comment_status":"closed","ping_status":"closed","template":"100-width.php","meta":{"footnotes":""},"class_list":["post-7993","page","type-page","status-publish","hentry"],"_links":{"self":[{"href":"https:\/\/bianna.com\/fr\/wp-json\/wp\/v2\/pages\/7993","targetHints":{"allow":["GET"]}}],"collection":[{"href":"https:\/\/bianna.com\/fr\/wp-json\/wp\/v2\/pages"}],"about":[{"href":"https:\/\/bianna.com\/fr\/wp-json\/wp\/v2\/types\/page"}],"author":[{"embeddable":true,"href":"https:\/\/bianna.com\/fr\/wp-json\/wp\/v2\/users\/1"}],"replies":[{"embeddable":true,"href":"https:\/\/bianna.com\/fr\/wp-json\/wp\/v2\/comments?post=7993"}],"version-history":[{"count":4,"href":"https:\/\/bianna.com\/fr\/wp-json\/wp\/v2\/pages\/7993\/revisions"}],"predecessor-version":[{"id":7999,"href":"https:\/\/bianna.com\/fr\/wp-json\/wp\/v2\/pages\/7993\/revisions\/7999"}],"wp:attachment":[{"href":"https:\/\/bianna.com\/fr\/wp-json\/wp\/v2\/media?parent=7993"}],"curies":[{"name":"wp","href":"https:\/\/api.w.org\/{rel}","templated":true}]}}