{"id":5481,"date":"2022-05-21T10:55:46","date_gmt":"2022-05-21T08:55:46","guid":{"rendered":"https:\/\/bianna.com\/asistencia-tecnica-sat\/"},"modified":"2022-07-14T17:48:38","modified_gmt":"2022-07-14T15:48:38","slug":"assistance-technique-sat","status":"publish","type":"page","link":"https:\/\/bianna.com\/fr\/assistance-technique-sat\/","title":{"rendered":"Assistance technique SAT"},"content":{"rendered":"<p><div class=\"fusion-fullwidth fullwidth-box fusion-builder-row-1 fusion-flex-container fusion-parallax-none nonhundred-percent-fullwidth non-hundred-percent-height-scrolling\" style=\"--awb-border-radius-top-left:0px;--awb-border-radius-top-right:0px;--awb-border-radius-bottom-right:0px;--awb-border-radius-bottom-left:0px;--awb-padding-top:200px;--awb-padding-bottom:200px;--awb-background-image:linear-gradient(90deg, #9b9b9a 0%,rgba(255,255,255,0) 75%),url(https:\/\/bianna.com\/wp-content\/uploads\/2022\/05\/SAT-Bianna-01-1024x758.jpg);;--awb-background-size:cover;--awb-flex-wrap:wrap;\" ><div class=\"fusion-builder-row fusion-row fusion-flex-align-items-flex-start fusion-flex-align-content-center fusion-flex-content-wrap\" style=\"max-width:1144px;margin-left: calc(-4% \/ 2 );margin-right: calc(-4% \/ 2 );\"><div class=\"fusion-layout-column fusion_builder_column fusion-builder-column-0 fusion_builder_column_1_2 1_2 fusion-flex-column\" style=\"--awb-bg-size:cover;--awb-width-large:50%;--awb-margin-top-large:0px;--awb-spacing-right-large:3.84%;--awb-margin-bottom-large:0px;--awb-spacing-left-large:3.84%;--awb-width-medium:50%;--awb-order-medium:0;--awb-spacing-right-medium:3.84%;--awb-spacing-left-medium:3.84%;--awb-width-small:100%;--awb-order-small:0;--awb-spacing-right-small:1.92%;--awb-spacing-left-small:1.92%;\"><div class=\"fusion-column-wrapper fusion-column-has-shadow fusion-flex-justify-content-flex-start fusion-content-layout-column\"><div class=\"fusion-image-element \" style=\"--awb-margin-bottom:40px;--awb-max-width:386px;--awb-caption-title-font-family:var(--h2_typography-font-family);--awb-caption-title-font-weight:var(--h2_typography-font-weight);--awb-caption-title-font-style:var(--h2_typography-font-style);--awb-caption-title-size:var(--h2_typography-font-size);--awb-caption-title-transform:var(--h2_typography-text-transform);--awb-caption-title-line-height:var(--h2_typography-line-height);--awb-caption-title-letter-spacing:var(--h2_typography-letter-spacing);\"><span class=\" fusion-imageframe imageframe-none imageframe-1 hover-type-none\"><img decoding=\"async\" width=\"1024\" height=\"281\" src=\"https:\/\/bianna.com\/wp-content\/uploads\/2022\/05\/SAT-Bianna-01.svg\" alt class=\"img-responsive wp-image-5079\"\/><\/span><\/div><div class=\"fusion-title title fusion-title-1 fusion-sep-none fusion-title-text fusion-title-size-one\" style=\"--awb-text-color:#ffffff;\"><h1 class=\"fusion-title-heading title-heading-left fusion-responsive-typography-calculated\" style=\"margin:0;--fontSize:80;line-height:1;\">Assistance technique SAT<\/h1><\/div><div class=\"fusion-title title fusion-title-2 fusion-sep-none fusion-title-text fusion-title-size-three\" style=\"--awb-text-color:#ffffff;\"><h3 class=\"fusion-title-heading title-heading-left fusion-responsive-typography-calculated\" style=\"margin:0;--fontSize:25;--minFontSize:25;line-height:1.2;\">On garantit la disponibilit\u00e9 de votre \u00e9quipement 365 jours par an avec un fonctionnement optimal, afin que la production ne soit pas interrompue<\/h3><\/div><\/div><\/div><div class=\"fusion-layout-column fusion_builder_column fusion-builder-column-1 fusion_builder_column_1_2 1_2 fusion-flex-column\" style=\"--awb-bg-size:cover;--awb-width-large:50%;--awb-margin-top-large:0px;--awb-spacing-right-large:3.84%;--awb-margin-bottom-large:0px;--awb-spacing-left-large:3.84%;--awb-width-medium:50%;--awb-order-medium:0;--awb-spacing-right-medium:3.84%;--awb-spacing-left-medium:3.84%;--awb-width-small:100%;--awb-order-small:0;--awb-spacing-right-small:1.92%;--awb-spacing-left-small:1.92%;\"><div class=\"fusion-column-wrapper fusion-column-has-shadow fusion-flex-justify-content-flex-start fusion-content-layout-column\"><\/div><\/div><\/div><\/div><div class=\"fusion-fullwidth fullwidth-box fusion-builder-row-2 fusion-flex-container nonhundred-percent-fullwidth non-hundred-percent-height-scrolling\" style=\"--awb-border-radius-top-left:0px;--awb-border-radius-top-right:0px;--awb-border-radius-bottom-right:0px;--awb-border-radius-bottom-left:0px;--awb-margin-top:120px;--awb-margin-bottom:100px;--awb-flex-wrap:wrap;\" ><div class=\"fusion-builder-row fusion-row fusion-flex-align-items-flex-start fusion-flex-content-wrap\" style=\"max-width:1144px;margin-left: calc(-4% \/ 2 );margin-right: calc(-4% \/ 2 );\"><div class=\"fusion-layout-column fusion_builder_column fusion-builder-column-2 fusion_builder_column_1_2 1_2 fusion-flex-column\" style=\"--awb-bg-size:cover;--awb-width-large:50%;--awb-margin-top-large:0px;--awb-spacing-right-large:3.84%;--awb-margin-bottom-large:0px;--awb-spacing-left-large:3.84%;--awb-width-medium:50%;--awb-order-medium:0;--awb-spacing-right-medium:3.84%;--awb-spacing-left-medium:3.84%;--awb-width-small:100%;--awb-order-small:0;--awb-spacing-right-small:1.92%;--awb-spacing-left-small:1.92%;\"><div class=\"fusion-column-wrapper fusion-column-has-shadow fusion-flex-justify-content-flex-start fusion-content-layout-column\"><div class=\"fusion-text fusion-text-1\" style=\"--awb-text-transform:none;\"><p>Bianna personnalise et fourni des services apr\u00e8s-vente. Ce que signifie la cr\u00e9ation d\u2019une collaboration \u00e0 long terme avec ses clients, bas\u00e9e sur le respect et la confiance, en mettant l\u2019accent sur la production et la performance.<\/p>\n<p>Nos techniciens experts et le personnel du \u00ab Customer Service \u00bb sont pr\u00eats \u00e0 offrir la r\u00e9ponse au besoin d\u2019assistance technique la plus rapide et la plus efficace gr\u00e2ce aux services suivants:<\/p>\n<ul>\n<li>Assistance t\u00e9l\u00e9phonique<\/li>\n<li>Assistance technique personnelle<\/li>\n<li>Entretien pr\u00e9ventif<\/li>\n<li>Mise en service personnalis\u00e9<\/li>\n<li>Surveillance de l\u2019\u00e9quipement en temps r\u00e9el<\/li>\n<li>Vente de pi\u00e8ces d\u00e9tach\u00e9es d\u2019origine Bianna<\/li>\n<\/ul>\n<h3>Quoi faire si votre \u00e9quipement tombe en panne?<\/h3>\n<p>En cas d\u2019urgence, contactez Bianna. Nous ferons le reste.<\/p>\n<p>Bianna dispose d\u2019une \u00e9quipe d\u2019experts tr\u00e8s sp\u00e9cialis\u00e9s, r\u00e9partis dans tout le pays. De plus, Bianna dispose d\u2019un parc de v\u00e9hicules \/ atelier, \u00e9quip\u00e9 avec un stock basique de pi\u00e8ces d\u2019origine, adapt\u00e9s au parc d\u2019\u00e9quipements de sa zone d\u2019intervention.<\/p>\n<h3>Quels sont les avantages du Service d\u2019Assistance Technique?<\/h3>\n<ul>\n<li>Relation amicale et professionnelle<\/li>\n<li>Rapport des dommages et des causes.<\/li>\n<li>Budget de r\u00e9paration<\/li>\n<li>Informations sur l\u2019\u00e9tat de l\u2019\u00e9quipement<\/li>\n<li>Conseils sur les plans d\u2019assistance corrective et pr\u00e9ventive+<\/li>\n<\/ul>\n<\/div><\/div><\/div><div class=\"fusion-layout-column fusion_builder_column fusion-builder-column-3 fusion_builder_column_1_2 1_2 fusion-flex-column\" style=\"--awb-padding-top:30px;--awb-padding-right:30px;--awb-padding-bottom:30px;--awb-padding-left:30px;--awb-overflow:hidden;--awb-bg-color:rgba(255,255,255,0.75);--awb-bg-color-hover:rgba(255,255,255,0.75);--awb-bg-size:cover;--awb-box-shadow:0px 0px 15px 0px rgba(0,0,0,0.25);;--awb-border-color:#ffffff;--awb-border-style:solid;--awb-border-radius:10px 10px 10px 10px;--awb-width-large:50%;--awb-margin-top-large:0px;--awb-spacing-right-large:3.84%;--awb-margin-bottom-large:0px;--awb-spacing-left-large:3.84%;--awb-width-medium:50%;--awb-order-medium:0;--awb-spacing-right-medium:3.84%;--awb-spacing-left-medium:3.84%;--awb-width-small:100%;--awb-order-small:0;--awb-spacing-right-small:1.92%;--awb-spacing-left-small:1.92%;\"><div class=\"fusion-column-wrapper fusion-column-has-shadow fusion-flex-justify-content-flex-start fusion-content-layout-column\"><div class=\"fusion-image-element \" style=\"text-align:left;--awb-max-width:300px;--awb-caption-title-font-family:var(--h2_typography-font-family);--awb-caption-title-font-weight:var(--h2_typography-font-weight);--awb-caption-title-font-style:var(--h2_typography-font-style);--awb-caption-title-size:var(--h2_typography-font-size);--awb-caption-title-transform:var(--h2_typography-text-transform);--awb-caption-title-line-height:var(--h2_typography-line-height);--awb-caption-title-letter-spacing:var(--h2_typography-letter-spacing);\"><span class=\" fusion-imageframe imageframe-none imageframe-2 hover-type-none\"><img decoding=\"async\" width=\"548\" height=\"137\" title=\"SAT-Bianna-02\" src=\"https:\/\/bianna.com\/wp-content\/uploads\/2022\/05\/SAT-Bianna-02.svg\" alt class=\"img-responsive wp-image-5080\"\/><\/span><\/div><div class=\"fusion-image-element \" style=\"text-align:center;--awb-margin-top:30px;--awb-margin-bottom:30px;--awb-caption-title-font-family:var(--h2_typography-font-family);--awb-caption-title-font-weight:var(--h2_typography-font-weight);--awb-caption-title-font-style:var(--h2_typography-font-style);--awb-caption-title-size:var(--h2_typography-font-size);--awb-caption-title-transform:var(--h2_typography-text-transform);--awb-caption-title-line-height:var(--h2_typography-line-height);--awb-caption-title-letter-spacing:var(--h2_typography-letter-spacing);\"><span class=\" fusion-imageframe imageframe-none imageframe-3 hover-type-none\" style=\"border:2px solid #ffffff;\"><img decoding=\"async\" width=\"767\" height=\"456\" src=\"https:\/\/bianna.com\/wp-content\/uploads\/2022\/05\/SAT-Bianna-02.gif\" alt class=\"img-responsive wp-image-5081\"\/><\/span><\/div><div class=\"fusion-text fusion-text-2\" style=\"--awb-text-transform:none;\"><p>Nous sommes des pionniers de l\u2019utilisation du \u00ab RTS \u00bb en tant qu\u2019\u00e9l\u00e9ment de contr\u00f4le, de supervision et de maintenance d\u2019\u00e9quipements \u00e0 distance. Il s\u2019agit d\u2019un dispositif compos\u00e9 d\u2019une paire de lunettes qui nous permet un support en ligne gr\u00e2ce \u00e0 un technicien back-office. Celui-ci pourra guider l\u2019op\u00e9rateur devant l\u2019\u00e9quipe pour rendre leur travail plus efficace, plus rapide et, \u00e9videmment, pour faire des \u00e9conomies pour le client final.<\/p>\n<p>RTS peut aussi \u00eatre engag\u00e9 par le client final, afin qu\u2019il le puisse l\u2019utiliser en cas de besoin et que le d\u00e9faut puisse \u00eatre corrig\u00e9 \u00e0 distance sans avoir \u00e0 se d\u00e9placer \u00ab in situ \u00bb, ce qui nous permet d\u2019\u00e9conomiser du temps et de l\u2019argent.<\/p>\n<\/div><div style=\"text-align:right;\"><a class=\"fusion-button button-flat button-medium button-custom fusion-button-default button-1 fusion-button-default-span fusion-button-default-type fusion-has-button-gradient\" style=\"--button_accent_color:#f62209;--button_border_color:#f62209;--button_accent_hover_color:#ffffff;--button_border_hover_color:#ffffff;--button_border_width-top:1px;--button_border_width-right:1px;--button_border_width-bottom:1px;--button_border_width-left:1px;--button_gradient_top_color:rgba(255,255,255,0);--button_gradient_bottom_color:rgba(255,255,255,0);--button_gradient_top_color_hover:#b5b5b5;--button_gradient_bottom_color_hover:#878787;--button_margin-top:20px;\" target=\"_self\" href=\"\/files\/RTS_ESP.pdf\"><i class=\"fa-file-pdf fas awb-button__icon awb-button__icon--default button-icon-left\" aria-hidden=\"true\"><\/i><span class=\"fusion-button-text awb-button__text awb-button__text--default\">Download<\/span><\/a><\/div><\/div><\/div><\/div><\/div><div class=\"fusion-fullwidth fullwidth-box fusion-builder-row-3 fusion-flex-container nonhundred-percent-fullwidth non-hundred-percent-height-scrolling\" style=\"--awb-border-sizes-top:1px;--awb-border-color:#ffffff;--awb-border-radius-top-left:0px;--awb-border-radius-top-right:0px;--awb-border-radius-bottom-right:0px;--awb-border-radius-bottom-left:0px;--awb-padding-top:120px;--awb-padding-bottom:120px;--awb-margin-top:0px;--awb-margin-bottom:0px;--awb-background-color:#e2201b;--awb-flex-wrap:wrap;\" ><div class=\"fusion-builder-row fusion-row fusion-flex-align-items-flex-start fusion-flex-content-wrap\" style=\"max-width:1144px;margin-left: calc(-4% \/ 2 );margin-right: calc(-4% \/ 2 );\"><div class=\"fusion-layout-column fusion_builder_column fusion-builder-column-4 fusion_builder_column_1_2 1_2 fusion-flex-column\" style=\"--awb-bg-size:cover;--awb-width-large:50%;--awb-margin-top-large:0px;--awb-spacing-right-large:3.84%;--awb-margin-bottom-large:0px;--awb-spacing-left-large:3.84%;--awb-width-medium:50%;--awb-order-medium:0;--awb-spacing-right-medium:3.84%;--awb-spacing-left-medium:3.84%;--awb-width-small:100%;--awb-order-small:0;--awb-spacing-right-small:1.92%;--awb-spacing-left-small:1.92%;\"><div class=\"fusion-column-wrapper fusion-column-has-shadow fusion-flex-justify-content-flex-start fusion-content-layout-column\"><div class=\"fusion-image-element \" style=\"text-align:left;--awb-margin-bottom:40px;--awb-max-width:300px;--awb-caption-title-font-family:var(--h2_typography-font-family);--awb-caption-title-font-weight:var(--h2_typography-font-weight);--awb-caption-title-font-style:var(--h2_typography-font-style);--awb-caption-title-size:var(--h2_typography-font-size);--awb-caption-title-transform:var(--h2_typography-text-transform);--awb-caption-title-line-height:var(--h2_typography-line-height);--awb-caption-title-letter-spacing:var(--h2_typography-letter-spacing);\"><span class=\" fusion-imageframe imageframe-none imageframe-4 hover-type-none\"><img decoding=\"async\" width=\"556\" height=\"124\" src=\"https:\/\/bianna.com\/wp-content\/uploads\/2022\/05\/logo_bianna_06.svg\" alt class=\"img-responsive wp-image-4728\"\/><\/span><\/div><div class=\"fusion-title title fusion-title-3 fusion-sep-none fusion-title-text fusion-title-size-two\" style=\"--awb-text-color:#ffffff;\"><h2 class=\"fusion-title-heading title-heading-left fusion-responsive-typography-calculated\" style=\"margin:0;--fontSize:40;line-height:1.0;\">Tu as besoin d\u2019aide?<\/h2><\/div><div class=\"fusion-text fusion-text-3\" style=\"--awb-text-transform:none;--awb-text-color:#ffffff;\"><p>Les responsables de chaque unit\u00e9 sont disponibles pour vous aider et r\u00e9pondre \u00e0 vos questions:<\/p>\n<\/div><div ><a class=\"fusion-button button-flat fusion-button-default-size button-default fusion-button-default button-2 fusion-button-default-span fusion-button-default-type\" target=\"_self\" href=\"mailto:info@bianna.com\"><span class=\"fusion-button-text awb-button__text awb-button__text--default\">Contactez-nous<\/span><\/a><\/div><\/div><\/div><div class=\"fusion-layout-column fusion_builder_column fusion-builder-column-5 fusion_builder_column_1_3 1_3 fusion-flex-column\" style=\"--awb-bg-size:cover;--awb-width-large:33.333333333333%;--awb-margin-top-large:0px;--awb-spacing-right-large:5.76%;--awb-margin-bottom-large:0px;--awb-spacing-left-large:5.76%;--awb-width-medium:33.333333333333%;--awb-order-medium:0;--awb-spacing-right-medium:5.76%;--awb-spacing-left-medium:5.76%;--awb-width-small:100%;--awb-order-small:0;--awb-spacing-right-small:1.92%;--awb-spacing-left-small:1.92%;\"><div class=\"fusion-column-wrapper fusion-column-has-shadow fusion-flex-justify-content-flex-start fusion-content-layout-column\"><\/div><\/div><\/div><\/div>\n<\/p>\n","protected":false},"excerpt":{"rendered":"","protected":false},"author":1,"featured_media":0,"parent":0,"menu_order":0,"comment_status":"closed","ping_status":"closed","template":"100-width.php","meta":{"footnotes":""},"class_list":["post-5481","page","type-page","status-publish","hentry"],"_links":{"self":[{"href":"https:\/\/bianna.com\/fr\/wp-json\/wp\/v2\/pages\/5481","targetHints":{"allow":["GET"]}}],"collection":[{"href":"https:\/\/bianna.com\/fr\/wp-json\/wp\/v2\/pages"}],"about":[{"href":"https:\/\/bianna.com\/fr\/wp-json\/wp\/v2\/types\/page"}],"author":[{"embeddable":true,"href":"https:\/\/bianna.com\/fr\/wp-json\/wp\/v2\/users\/1"}],"replies":[{"embeddable":true,"href":"https:\/\/bianna.com\/fr\/wp-json\/wp\/v2\/comments?post=5481"}],"version-history":[{"count":2,"href":"https:\/\/bianna.com\/fr\/wp-json\/wp\/v2\/pages\/5481\/revisions"}],"predecessor-version":[{"id":5483,"href":"https:\/\/bianna.com\/fr\/wp-json\/wp\/v2\/pages\/5481\/revisions\/5483"}],"wp:attachment":[{"href":"https:\/\/bianna.com\/fr\/wp-json\/wp\/v2\/media?parent=5481"}],"curies":[{"name":"wp","href":"https:\/\/api.w.org\/{rel}","templated":true}]}}