{"id":5466,"date":"2022-05-23T08:22:13","date_gmt":"2022-05-23T06:22:13","guid":{"rendered":"https:\/\/bianna.com\/key-machines\/"},"modified":"2022-07-14T17:39:18","modified_gmt":"2022-07-14T15:39:18","slug":"key-machines","status":"publish","type":"page","link":"https:\/\/bianna.com\/fr\/key-machines\/","title":{"rendered":"Key machines"},"content":{"rendered":"<div class=\"fusion-fullwidth fullwidth-box fusion-builder-row-1 fusion-flex-container fusion-parallax-none nonhundred-percent-fullwidth non-hundred-percent-height-scrolling\" style=\"--awb-border-radius-top-left:0px;--awb-border-radius-top-right:0px;--awb-border-radius-bottom-right:0px;--awb-border-radius-bottom-left:0px;--awb-padding-top:100px;--awb-padding-bottom:100px;--awb-background-image:linear-gradient(90deg, #000000 0%,rgba(255,255,255,0) 75%),url(https:\/\/bianna.com\/wp-content\/uploads\/2022\/05\/KeyMachines-Bianna-01.jpg);;--awb-background-size:cover;--awb-flex-wrap:wrap;\" ><div class=\"fusion-builder-row fusion-row fusion-flex-align-items-flex-end fusion-flex-align-content-center fusion-flex-justify-content-space-between fusion-flex-content-wrap\" style=\"max-width:1144px;margin-left: calc(-4% \/ 2 );margin-right: calc(-4% \/ 2 );\"><div class=\"fusion-layout-column fusion_builder_column fusion-builder-column-0 fusion_builder_column_1_2 1_2 fusion-flex-column\" style=\"--awb-bg-size:cover;--awb-width-large:50%;--awb-margin-top-large:0px;--awb-spacing-right-large:3.84%;--awb-margin-bottom-large:0px;--awb-spacing-left-large:3.84%;--awb-width-medium:50%;--awb-order-medium:0;--awb-spacing-right-medium:3.84%;--awb-spacing-left-medium:3.84%;--awb-width-small:100%;--awb-order-small:0;--awb-spacing-right-small:1.92%;--awb-margin-bottom-small:30px;--awb-spacing-left-small:1.92%;\"><div class=\"fusion-column-wrapper fusion-column-has-shadow fusion-flex-justify-content-flex-start fusion-content-layout-column\"><div class=\"fusion-image-element \" style=\"--awb-margin-bottom:40px;--awb-max-width:341px;--awb-caption-title-font-family:var(--h2_typography-font-family);--awb-caption-title-font-weight:var(--h2_typography-font-weight);--awb-caption-title-font-style:var(--h2_typography-font-style);--awb-caption-title-size:var(--h2_typography-font-size);--awb-caption-title-transform:var(--h2_typography-text-transform);--awb-caption-title-line-height:var(--h2_typography-line-height);--awb-caption-title-letter-spacing:var(--h2_typography-letter-spacing);\"><span class=\" fusion-imageframe imageframe-none imageframe-1 hover-type-none\"><img decoding=\"async\" width=\"1073\" height=\"366\" src=\"https:\/\/bianna.com\/wp-content\/uploads\/2022\/05\/UN2-bianna-logo.svg\" alt class=\"img-responsive wp-image-5111\"\/><\/span><\/div><nav class=\"awb-menu awb-menu_column awb-menu_em-hover mobile-mode-always-expanded awb-menu_icons-left awb-menu_dc-yes mobile-trigger-fullwidth-off awb-menu_mobile-toggle awb-menu_indent-left loading mega-menu-loading awb-menu_desktop awb-menu_dropdown awb-menu_expand-right awb-menu_transition-fade\" style=\"--awb-font-size:28px;--awb-text-transform:var(--awb-typography1-text-transform);--awb-color:#ffffff;--awb-letter-spacing:var(--awb-typography1-letter-spacing);--awb-active-color:#f62209;--awb-icons-hover-color:#f62209;--awb-main-justify-content:flex-start;--awb-mobile-bg:rgba(255,255,255,0.75);--awb-mobile-nav-items-height:45;--awb-mobile-font-size:24px;--awb-mobile-justify:flex-start;--awb-mobile-caret-left:auto;--awb-mobile-caret-right:0;--awb-fusion-font-family-typography:&quot;Barlow Condensed&quot;;--awb-fusion-font-style-typography:normal;--awb-fusion-font-weight-typography:700;--awb-fusion-font-family-submenu-typography:inherit;--awb-fusion-font-style-submenu-typography:normal;--awb-fusion-font-weight-submenu-typography:400;--awb-fusion-font-family-mobile-typography:inherit;--awb-fusion-font-style-mobile-typography:normal;--awb-fusion-font-weight-mobile-typography:400;\" aria-label=\"Key machines\" data-breakpoint=\"1024\" data-count=\"0\" data-transition-type=\"fade\" data-transition-time=\"300\" data-expand=\"right\"><button type=\"button\" class=\"awb-menu__m-toggle awb-menu__m-toggle_no-text\" aria-expanded=\"false\" aria-controls=\"menu-key-machines\"><span class=\"awb-menu__m-toggle-inner\"><span class=\"collapsed-nav-text\"><span class=\"screen-reader-text\">Toggle Navigation<\/span><\/span><span class=\"awb-menu__m-collapse-icon awb-menu__m-collapse-icon_no-text\"><span class=\"awb-menu__m-collapse-icon-open awb-menu__m-collapse-icon-open_no-text fa-bars fas\"><\/span><span class=\"awb-menu__m-collapse-icon-close awb-menu__m-collapse-icon-close_no-text fa-times fas\"><\/span><\/span><\/span><\/button><ul id=\"menu-key-machines-frances\" class=\"fusion-menu awb-menu__main-ul awb-menu__main-ul_column\"><li  id=\"menu-item-5522\"  class=\"menu-item menu-item-type-post_type menu-item-object-page menu-item-5522 awb-menu__li awb-menu__main-li awb-menu__main-li_regular\"  data-item-id=\"5522\"><span class=\"awb-menu__main-background-default awb-menu__main-background-default_fade\"><\/span><span class=\"awb-menu__main-background-active awb-menu__main-background-active_fade\"><\/span><a  href=\"https:\/\/bianna.com\/fr\/separateur-balistique\/\" class=\"awb-menu__main-a awb-menu__main-a_regular\"><span class=\"menu-text\">S\u00e9parateur balistique<\/span><\/a><\/li><li  id=\"menu-item-5523\"  class=\"menu-item menu-item-type-post_type menu-item-object-page menu-item-5523 awb-menu__li awb-menu__main-li awb-menu__main-li_regular\"  data-item-id=\"5523\"><span class=\"awb-menu__main-background-default awb-menu__main-background-default_fade\"><\/span><span class=\"awb-menu__main-background-active awb-menu__main-background-active_fade\"><\/span><a  href=\"https:\/\/bianna.com\/fr\/biodrum\/\" class=\"awb-menu__main-a awb-menu__main-a_regular\"><span class=\"menu-text\">Biodrum<\/span><\/a><\/li><li  id=\"menu-item-5524\"  class=\"menu-item menu-item-type-post_type menu-item-object-page menu-item-5524 awb-menu__li awb-menu__main-li awb-menu__main-li_regular\"  data-item-id=\"5524\"><span class=\"awb-menu__main-background-default awb-menu__main-background-default_fade\"><\/span><span class=\"awb-menu__main-background-active awb-menu__main-background-active_fade\"><\/span><a  href=\"https:\/\/bianna.com\/fr\/trommel\/\" class=\"awb-menu__main-a awb-menu__main-a_regular\"><span class=\"menu-text\">Trommel<\/span><\/a><\/li><li  id=\"menu-item-5525\"  class=\"menu-item menu-item-type-post_type menu-item-object-page menu-item-5525 awb-menu__li awb-menu__main-li awb-menu__main-li_regular\"  data-item-id=\"5525\"><span class=\"awb-menu__main-background-default awb-menu__main-background-default_fade\"><\/span><span class=\"awb-menu__main-background-active awb-menu__main-background-active_fade\"><\/span><a  href=\"https:\/\/bianna.com\/fr\/ouvre-sacs\/\" class=\"awb-menu__main-a awb-menu__main-a_regular\"><span class=\"menu-text\">Ouvre-sacs<\/span><\/a><\/li><li  id=\"menu-item-5526\"  class=\"menu-item menu-item-type-post_type menu-item-object-page menu-item-5526 awb-menu__li awb-menu__main-li awb-menu__main-li_regular\"  data-item-id=\"5526\"><span class=\"awb-menu__main-background-default awb-menu__main-background-default_fade\"><\/span><span class=\"awb-menu__main-background-active awb-menu__main-background-active_fade\"><\/span><a  href=\"https:\/\/bianna.com\/fr\/windsifter\/\" class=\"awb-menu__main-a awb-menu__main-a_regular\"><span class=\"menu-text\">Windsifter<\/span><\/a><\/li><li  id=\"menu-item-5527\"  class=\"menu-item menu-item-type-post_type menu-item-object-page menu-item-5527 awb-menu__li awb-menu__main-li awb-menu__main-li_regular\"  data-item-id=\"5527\"><span class=\"awb-menu__main-background-default awb-menu__main-background-default_fade\"><\/span><span class=\"awb-menu__main-background-active awb-menu__main-background-active_fade\"><\/span><a  href=\"https:\/\/bianna.com\/fr\/systeme-daspiration-pebd\/\" class=\"awb-menu__main-a awb-menu__main-a_regular\"><span class=\"menu-text\">Syst\u00e8me d\u2019aspiration PEBD<\/span><\/a><\/li><li  id=\"menu-item-5528\"  class=\"menu-item menu-item-type-post_type menu-item-object-page menu-item-5528 awb-menu__li awb-menu__main-li awb-menu__main-li_regular\"  data-item-id=\"5528\"><span class=\"awb-menu__main-background-default awb-menu__main-background-default_fade\"><\/span><span class=\"awb-menu__main-background-active awb-menu__main-background-active_fade\"><\/span><a  href=\"https:\/\/bianna.com\/fr\/convoyeurs\/\" class=\"awb-menu__main-a awb-menu__main-a_regular\"><span class=\"menu-text\">Convoyeurs<\/span><\/a><\/li><li  id=\"menu-item-5529\"  class=\"menu-item menu-item-type-post_type menu-item-object-page menu-item-5529 awb-menu__li awb-menu__main-li awb-menu__main-li_regular\"  data-item-id=\"5529\"><span class=\"awb-menu__main-background-default awb-menu__main-background-default_fade\"><\/span><span class=\"awb-menu__main-background-active awb-menu__main-background-active_fade\"><\/span><a  href=\"https:\/\/bianna.com\/fr\/alimentateur-a-vis\/\" class=\"awb-menu__main-a awb-menu__main-a_regular\"><span class=\"menu-text\">Alimentateur \u00e0 vis<\/span><\/a><\/li><li  id=\"menu-item-5530\"  class=\"menu-item menu-item-type-post_type menu-item-object-page menu-item-5530 awb-menu__li awb-menu__main-li awb-menu__main-li_regular\"  data-item-id=\"5530\"><span class=\"awb-menu__main-background-default awb-menu__main-background-default_fade\"><\/span><span class=\"awb-menu__main-background-active awb-menu__main-background-active_fade\"><\/span><a  href=\"https:\/\/bianna.com\/fr\/perforateur-de-bouteilles\/\" class=\"awb-menu__main-a awb-menu__main-a_regular\"><span class=\"menu-text\">Perforateur de bouteilles<\/span><\/a><\/li><li  id=\"menu-item-5531\"  class=\"menu-item menu-item-type-post_type menu-item-object-page menu-item-5531 awb-menu__li awb-menu__main-li awb-menu__main-li_regular\"  data-item-id=\"5531\"><span class=\"awb-menu__main-background-default awb-menu__main-background-default_fade\"><\/span><span class=\"awb-menu__main-background-active awb-menu__main-background-active_fade\"><\/span><a  href=\"https:\/\/bianna.com\/fr\/multilayer-packaging-recovery\/\" class=\"awb-menu__main-a awb-menu__main-a_regular\"><span class=\"menu-text\">Multilayer packaging recovery<\/span><\/a><\/li><li  id=\"menu-item-5532\"  class=\"menu-item menu-item-type-post_type menu-item-object-page menu-item-5532 awb-menu__li awb-menu__main-li awb-menu__main-li_regular\"  data-item-id=\"5532\"><span class=\"awb-menu__main-background-default awb-menu__main-background-default_fade\"><\/span><span class=\"awb-menu__main-background-active awb-menu__main-background-active_fade\"><\/span><a  href=\"https:\/\/bianna.com\/fr\/bruleur-de-dechets-solides\/\" class=\"awb-menu__main-a awb-menu__main-a_regular\"><span class=\"menu-text\">Br\u00fbleur de d\u00e9chets solides<\/span><\/a><\/li><li  id=\"menu-item-5533\"  class=\"menu-item menu-item-type-post_type menu-item-object-page menu-item-5533 awb-menu__li awb-menu__main-li awb-menu__main-li_regular\"  data-item-id=\"5533\"><span class=\"awb-menu__main-background-default awb-menu__main-background-default_fade\"><\/span><span class=\"awb-menu__main-background-active awb-menu__main-background-active_fade\"><\/span><a  href=\"https:\/\/bianna.com\/fr\/sechoir-a-tambour\/\" class=\"awb-menu__main-a awb-menu__main-a_regular\"><span class=\"menu-text\">S\u00e9choir \u00e0 tambour<\/span><\/a><\/li><li  id=\"menu-item-5534\"  class=\"menu-item menu-item-type-post_type menu-item-object-page menu-item-5534 awb-menu__li awb-menu__main-li awb-menu__main-li_regular\"  data-item-id=\"5534\"><span class=\"awb-menu__main-background-default awb-menu__main-background-default_fade\"><\/span><span class=\"awb-menu__main-background-active awb-menu__main-background-active_fade\"><\/span><a  href=\"https:\/\/bianna.com\/fr\/sechoir-a-bande\/\" class=\"awb-menu__main-a awb-menu__main-a_regular\"><span class=\"menu-text\">S\u00e9choir \u00e0 bande<\/span><\/a><\/li><\/ul><\/nav><\/div><\/div><div class=\"fusion-layout-column fusion_builder_column fusion-builder-column-1 fusion_builder_column_1_3 1_3 fusion-flex-column\" style=\"--awb-padding-top:30px;--awb-padding-right:30px;--awb-padding-bottom:30px;--awb-padding-left:30px;--awb-overflow:hidden;--awb-bg-color:#ffffff;--awb-bg-color-hover:#ffffff;--awb-bg-size:cover;--awb-box-shadow:0px 0px 15px 0px rgba(0,0,0,0.25);;--awb-border-color:#ffffff;--awb-border-style:solid;--awb-border-radius:10px 10px 10px 10px;--awb-width-large:33.333333333333%;--awb-margin-top-large:0px;--awb-spacing-right-large:5.76%;--awb-margin-bottom-large:0px;--awb-spacing-left-large:5.76%;--awb-width-medium:33.333333333333%;--awb-order-medium:0;--awb-spacing-right-medium:5.76%;--awb-spacing-left-medium:5.76%;--awb-width-small:100%;--awb-order-small:0;--awb-spacing-right-small:1.92%;--awb-spacing-left-small:1.92%;\"><div class=\"fusion-column-wrapper fusion-column-has-shadow fusion-flex-justify-content-flex-start fusion-content-layout-column\"><div class=\"fusion-text fusion-text-1 fusion-text-no-margin\" style=\"--awb-text-transform:none;--awb-margin-bottom:0px;\"><p>Les \u00e9quipements, avec une ing\u00e9nierie soigneusement analys\u00e9e, sont la cl\u00e9 de nos installations de traitement. Nous concevons, fabriquons et distribuons une grande vari\u00e9t\u00e9 d\u2019\u00e9quipements, con\u00e7us pour atteindre des hautes performances et adapt\u00e9s \u00e0 chaque mat\u00e9riau et besoin. Notre gamme comprend des tromeles, des s\u00e9parateurs balistiques, des syst\u00e8mes d\u2019aspiration, des ouvre-sacs, des convoyeurs, ainsi que des machines mobiles.<\/p>\n<\/div><\/div><\/div><\/div><\/div>\n","protected":false},"excerpt":{"rendered":"","protected":false},"author":1,"featured_media":0,"parent":0,"menu_order":0,"comment_status":"closed","ping_status":"closed","template":"100-width.php","meta":{"footnotes":""},"class_list":["post-5466","page","type-page","status-publish","hentry"],"_links":{"self":[{"href":"https:\/\/bianna.com\/fr\/wp-json\/wp\/v2\/pages\/5466","targetHints":{"allow":["GET"]}}],"collection":[{"href":"https:\/\/bianna.com\/fr\/wp-json\/wp\/v2\/pages"}],"about":[{"href":"https:\/\/bianna.com\/fr\/wp-json\/wp\/v2\/types\/page"}],"author":[{"embeddable":true,"href":"https:\/\/bianna.com\/fr\/wp-json\/wp\/v2\/users\/1"}],"replies":[{"embeddable":true,"href":"https:\/\/bianna.com\/fr\/wp-json\/wp\/v2\/comments?post=5466"}],"version-history":[{"count":1,"href":"https:\/\/bianna.com\/fr\/wp-json\/wp\/v2\/pages\/5466\/revisions"}],"predecessor-version":[{"id":5467,"href":"https:\/\/bianna.com\/fr\/wp-json\/wp\/v2\/pages\/5466\/revisions\/5467"}],"wp:attachment":[{"href":"https:\/\/bianna.com\/fr\/wp-json\/wp\/v2\/media?parent=5466"}],"curies":[{"name":"wp","href":"https:\/\/api.w.org\/{rel}","templated":true}]}}