{"id":5463,"date":"2022-05-23T08:02:15","date_gmt":"2022-05-23T06:02:15","guid":{"rendered":"https:\/\/bianna.com\/plant-engineering\/"},"modified":"2022-07-14T17:38:36","modified_gmt":"2022-07-14T15:38:36","slug":"plant-engineering","status":"publish","type":"page","link":"https:\/\/bianna.com\/fr\/plant-engineering\/","title":{"rendered":"Plant engineering"},"content":{"rendered":"<div class=\"fusion-fullwidth fullwidth-box fusion-builder-row-1 fusion-flex-container fusion-parallax-none nonhundred-percent-fullwidth non-hundred-percent-height-scrolling\" style=\"--awb-border-radius-top-left:0px;--awb-border-radius-top-right:0px;--awb-border-radius-bottom-right:0px;--awb-border-radius-bottom-left:0px;--awb-padding-top:100px;--awb-padding-bottom:100px;--awb-background-image:linear-gradient(90deg, #f62209 0%,rgba(255,255,255,0) 75%),url(https:\/\/bianna.com\/wp-content\/uploads\/2022\/05\/PlantEngineering-Bianna-01.jpg);;--awb-background-size:cover;--awb-flex-wrap:wrap;\" ><div class=\"fusion-builder-row fusion-row fusion-flex-align-items-flex-end fusion-flex-align-content-center fusion-flex-justify-content-space-between fusion-flex-content-wrap\" style=\"max-width:1144px;margin-left: calc(-4% \/ 2 );margin-right: calc(-4% \/ 2 );\"><div class=\"fusion-layout-column fusion_builder_column fusion-builder-column-0 fusion_builder_column_1_2 1_2 fusion-flex-column\" style=\"--awb-bg-size:cover;--awb-width-large:50%;--awb-margin-top-large:0px;--awb-spacing-right-large:3.84%;--awb-margin-bottom-large:0px;--awb-spacing-left-large:3.84%;--awb-width-medium:50%;--awb-order-medium:0;--awb-spacing-right-medium:3.84%;--awb-spacing-left-medium:3.84%;--awb-width-small:100%;--awb-order-small:0;--awb-spacing-right-small:1.92%;--awb-margin-bottom-small:30px;--awb-spacing-left-small:1.92%;\"><div class=\"fusion-column-wrapper fusion-column-has-shadow fusion-flex-justify-content-flex-start fusion-content-layout-column\"><div class=\"fusion-image-element \" style=\"--awb-margin-bottom:40px;--awb-max-width:450px;--awb-caption-title-font-family:var(--h2_typography-font-family);--awb-caption-title-font-weight:var(--h2_typography-font-weight);--awb-caption-title-font-style:var(--h2_typography-font-style);--awb-caption-title-size:var(--h2_typography-font-size);--awb-caption-title-transform:var(--h2_typography-text-transform);--awb-caption-title-line-height:var(--h2_typography-line-height);--awb-caption-title-letter-spacing:var(--h2_typography-letter-spacing);\"><span class=\" fusion-imageframe imageframe-none imageframe-1 hover-type-none\"><img decoding=\"async\" width=\"1314\" height=\"382\" src=\"https:\/\/bianna.com\/wp-content\/uploads\/2022\/05\/UN1-bianna-logo.svg\" alt class=\"img-responsive wp-image-5110\"\/><\/span><\/div><nav class=\"awb-menu awb-menu_column awb-menu_em-hover mobile-mode-always-expanded awb-menu_icons-left awb-menu_dc-yes mobile-trigger-fullwidth-off awb-menu_mobile-toggle awb-menu_indent-left loading mega-menu-loading awb-menu_desktop awb-menu_dropdown awb-menu_expand-right awb-menu_transition-fade\" style=\"--awb-font-size:28px;--awb-text-transform:var(--awb-typography1-text-transform);--awb-color:#ffffff;--awb-letter-spacing:var(--awb-typography1-letter-spacing);--awb-active-color:#000000;--awb-icons-hover-color:#000000;--awb-main-justify-content:flex-start;--awb-mobile-bg:rgba(255,255,255,0.75);--awb-mobile-nav-items-height:45;--awb-mobile-trigger-font-size:18px;--awb-trigger-padding-top:5px;--awb-trigger-padding-right:5px;--awb-trigger-padding-bottom:5px;--awb-trigger-padding-left:5px;--awb-mobile-font-size:24px;--awb-mobile-justify:flex-start;--awb-mobile-caret-left:auto;--awb-mobile-caret-right:0;--awb-fusion-font-family-typography:&quot;Barlow Condensed&quot;;--awb-fusion-font-style-typography:normal;--awb-fusion-font-weight-typography:700;--awb-fusion-font-family-submenu-typography:inherit;--awb-fusion-font-style-submenu-typography:normal;--awb-fusion-font-weight-submenu-typography:400;--awb-fusion-font-family-mobile-typography:inherit;--awb-fusion-font-style-mobile-typography:normal;--awb-fusion-font-weight-mobile-typography:400;\" aria-label=\"Plant Engineering\" data-breakpoint=\"1024\" data-count=\"0\" data-transition-type=\"fade\" data-transition-time=\"300\" data-expand=\"right\"><button type=\"button\" class=\"awb-menu__m-toggle awb-menu__m-toggle_no-text\" aria-expanded=\"false\" aria-controls=\"menu-plant-engineering\"><span class=\"awb-menu__m-toggle-inner\"><span class=\"collapsed-nav-text\"><span class=\"screen-reader-text\">Toggle Navigation<\/span><\/span><span class=\"awb-menu__m-collapse-icon awb-menu__m-collapse-icon_no-text\"><span class=\"awb-menu__m-collapse-icon-open awb-menu__m-collapse-icon-open_no-text fa-bars fas\"><\/span><span class=\"awb-menu__m-collapse-icon-close awb-menu__m-collapse-icon-close_no-text fa-times fas\"><\/span><\/span><\/span><\/button><ul id=\"menu-plant-engineering-frances\" class=\"fusion-menu awb-menu__main-ul awb-menu__main-ul_column\"><li  id=\"menu-item-5497\"  class=\"menu-item menu-item-type-post_type menu-item-object-page menu-item-5497 awb-menu__li awb-menu__main-li awb-menu__main-li_regular\"  data-item-id=\"5497\"><span class=\"awb-menu__main-background-default awb-menu__main-background-default_fade\"><\/span><span class=\"awb-menu__main-background-active awb-menu__main-background-active_fade\"><\/span><a  href=\"https:\/\/bianna.com\/fr\/dechets-urbains-solides\/\" class=\"awb-menu__main-a awb-menu__main-a_regular\"><span class=\"menu-text\">D\u00e9chets urbains solides<\/span><\/a><\/li><li  id=\"menu-item-5498\"  class=\"menu-item menu-item-type-post_type menu-item-object-page menu-item-5498 awb-menu__li awb-menu__main-li awb-menu__main-li_regular\"  data-item-id=\"5498\"><span class=\"awb-menu__main-background-default awb-menu__main-background-default_fade\"><\/span><span class=\"awb-menu__main-background-active awb-menu__main-background-active_fade\"><\/span><a  href=\"https:\/\/bianna.com\/fr\/processus-biologiques\/\" class=\"awb-menu__main-a awb-menu__main-a_regular\"><span class=\"menu-text\">Processus biologiques<\/span><\/a><\/li><li  id=\"menu-item-5499\"  class=\"menu-item menu-item-type-post_type menu-item-object-page menu-item-5499 awb-menu__li awb-menu__main-li awb-menu__main-li_regular\"  data-item-id=\"5499\"><span class=\"awb-menu__main-background-default awb-menu__main-background-default_fade\"><\/span><span class=\"awb-menu__main-background-active awb-menu__main-background-active_fade\"><\/span><a  href=\"https:\/\/bianna.com\/fr\/bianna-covertech\/\" class=\"awb-menu__main-a awb-menu__main-a_regular\"><span class=\"menu-text\">Bianna Covertech<\/span><\/a><\/li><li  id=\"menu-item-5500\"  class=\"menu-item menu-item-type-post_type menu-item-object-page menu-item-5500 awb-menu__li awb-menu__main-li awb-menu__main-li_regular\"  data-item-id=\"5500\"><span class=\"awb-menu__main-background-default awb-menu__main-background-default_fade\"><\/span><span class=\"awb-menu__main-background-active awb-menu__main-background-active_fade\"><\/span><a  href=\"https:\/\/bianna.com\/fr\/emballage-leger\/\" class=\"awb-menu__main-a awb-menu__main-a_regular\"><span class=\"menu-text\">Emballage leger<\/span><\/a><\/li><li  id=\"menu-item-5501\"  class=\"menu-item menu-item-type-post_type menu-item-object-page menu-item-5501 awb-menu__li awb-menu__main-li awb-menu__main-li_regular\"  data-item-id=\"5501\"><span class=\"awb-menu__main-background-default awb-menu__main-background-default_fade\"><\/span><span class=\"awb-menu__main-background-active awb-menu__main-background-active_fade\"><\/span><a  href=\"https:\/\/bianna.com\/fr\/dechets-industriels\/\" class=\"awb-menu__main-a awb-menu__main-a_regular\"><span class=\"menu-text\">D\u00e9chets industriels<\/span><\/a><\/li><li  id=\"menu-item-5502\"  class=\"menu-item menu-item-type-post_type menu-item-object-page menu-item-5502 awb-menu__li awb-menu__main-li awb-menu__main-li_regular\"  data-item-id=\"5502\"><span class=\"awb-menu__main-background-default awb-menu__main-background-default_fade\"><\/span><span class=\"awb-menu__main-background-active awb-menu__main-background-active_fade\"><\/span><a  href=\"https:\/\/bianna.com\/fr\/combustibles-solides-recuperes\/\" class=\"awb-menu__main-a awb-menu__main-a_regular\"><span class=\"menu-text\">Combustibles solides r\u00e9cup\u00e9r\u00e9s<\/span><\/a><\/li><li  id=\"menu-item-5503\"  class=\"menu-item menu-item-type-post_type menu-item-object-page menu-item-5503 awb-menu__li awb-menu__main-li awb-menu__main-li_regular\"  data-item-id=\"5503\"><span class=\"awb-menu__main-background-default awb-menu__main-background-default_fade\"><\/span><span class=\"awb-menu__main-background-active awb-menu__main-background-active_fade\"><\/span><a  href=\"https:\/\/bianna.com\/fr\/biomasse\/\" class=\"awb-menu__main-a awb-menu__main-a_regular\"><span class=\"menu-text\">Biomasse<\/span><\/a><\/li><li  id=\"menu-item-5504\"  class=\"menu-item menu-item-type-post_type menu-item-object-page menu-item-5504 awb-menu__li awb-menu__main-li awb-menu__main-li_regular\"  data-item-id=\"5504\"><span class=\"awb-menu__main-background-default awb-menu__main-background-default_fade\"><\/span><span class=\"awb-menu__main-background-active awb-menu__main-background-active_fade\"><\/span><a  href=\"https:\/\/bianna.com\/fr\/construction-et-demolition\/\" class=\"awb-menu__main-a awb-menu__main-a_regular\"><span class=\"menu-text\">Construction et d\u00e9molition<\/span><\/a><\/li><li  id=\"menu-item-5505\"  class=\"menu-item menu-item-type-post_type menu-item-object-page menu-item-5505 awb-menu__li awb-menu__main-li awb-menu__main-li_regular\"  data-item-id=\"5505\"><span class=\"awb-menu__main-background-default awb-menu__main-background-default_fade\"><\/span><span class=\"awb-menu__main-background-active awb-menu__main-background-active_fade\"><\/span><a  href=\"https:\/\/bianna.com\/fr\/metaux\/\" class=\"awb-menu__main-a awb-menu__main-a_regular\"><span class=\"menu-text\">Metaux<\/span><\/a><\/li><li  id=\"menu-item-5506\"  class=\"menu-item menu-item-type-post_type menu-item-object-page menu-item-5506 awb-menu__li awb-menu__main-li awb-menu__main-li_regular\"  data-item-id=\"5506\"><span class=\"awb-menu__main-background-default awb-menu__main-background-default_fade\"><\/span><span class=\"awb-menu__main-background-active awb-menu__main-background-active_fade\"><\/span><a  href=\"https:\/\/bianna.com\/fr\/re-ingenierie\/\" class=\"awb-menu__main-a awb-menu__main-a_regular\"><span class=\"menu-text\">Re-ing\u00e9nierie<\/span><\/a><\/li><li  id=\"menu-item-5507\"  class=\"menu-item menu-item-type-post_type menu-item-object-page menu-item-5507 awb-menu__li awb-menu__main-li awb-menu__main-li_regular\"  data-item-id=\"5507\"><span class=\"awb-menu__main-background-default awb-menu__main-background-default_fade\"><\/span><span class=\"awb-menu__main-background-active awb-menu__main-background-active_fade\"><\/span><a  href=\"https:\/\/bianna.com\/fr\/thermovalue-drying\/\" class=\"awb-menu__main-a awb-menu__main-a_regular\"><span class=\"menu-text\">Thermovalue Drying<\/span><\/a><\/li><li  id=\"menu-item-5508\"  class=\"menu-item menu-item-type-post_type menu-item-object-page menu-item-5508 awb-menu__li awb-menu__main-li awb-menu__main-li_regular\"  data-item-id=\"5508\"><span class=\"awb-menu__main-background-default awb-menu__main-background-default_fade\"><\/span><span class=\"awb-menu__main-background-active awb-menu__main-background-active_fade\"><\/span><a  href=\"https:\/\/bianna.com\/fr\/thermovalue-energy\/\" class=\"awb-menu__main-a awb-menu__main-a_regular\"><span class=\"menu-text\">Thermovalue Energy<\/span><\/a><\/li><\/ul><\/nav><\/div><\/div><div class=\"fusion-layout-column fusion_builder_column fusion-builder-column-1 fusion_builder_column_1_3 1_3 fusion-flex-column\" style=\"--awb-padding-top:30px;--awb-padding-right:30px;--awb-padding-bottom:30px;--awb-padding-left:30px;--awb-overflow:hidden;--awb-bg-color:#ffffff;--awb-bg-color-hover:#ffffff;--awb-bg-size:cover;--awb-box-shadow:0px 0px 15px 0px rgba(0,0,0,0.25);;--awb-border-color:#ffffff;--awb-border-style:solid;--awb-border-radius:10px 10px 10px 10px;--awb-width-large:33.333333333333%;--awb-margin-top-large:0px;--awb-spacing-right-large:5.76%;--awb-margin-bottom-large:0px;--awb-spacing-left-large:5.76%;--awb-width-medium:33.333333333333%;--awb-order-medium:0;--awb-spacing-right-medium:5.76%;--awb-spacing-left-medium:5.76%;--awb-width-small:100%;--awb-order-small:0;--awb-spacing-right-small:1.92%;--awb-spacing-left-small:1.92%;\"><div class=\"fusion-column-wrapper fusion-column-has-shadow fusion-flex-justify-content-flex-start fusion-content-layout-column\"><div class=\"fusion-text fusion-text-1 fusion-text-no-margin\" style=\"--awb-text-transform:none;--awb-margin-bottom:0px;\"><p>Chez Bianna, nous concevons et construisons des stations de traitement des d\u00e9chets depuis 1990. Nous sommes soutenus par une tradition industrielle et d\u2019ing\u00e9nierie de plus de 20 ans, au cours de laquelle nous avons adress\u00e9, con\u00e7u et livr\u00e9 toutes sortes de solutions pour le traitement le plus efficace d\u2019une grande vari\u00e9t\u00e9 de d\u00e9chets.<\/p>\n<p>L\u2019exp\u00e9rience et la capacit\u00e9 industrielle de Bianna garantissent, au niveau global, la fourniture d\u2019installations adapt\u00e9es au traitement des d\u00e9chets urbains, des d\u00e9chets de construction, des d\u00e9chets industriels, de la biomasse, des m\u00e9taux, etc.<\/p>\n<\/div><\/div><\/div><\/div><\/div>\n","protected":false},"excerpt":{"rendered":"","protected":false},"author":1,"featured_media":0,"parent":0,"menu_order":0,"comment_status":"closed","ping_status":"closed","template":"100-width.php","meta":{"footnotes":""},"class_list":["post-5463","page","type-page","status-publish","hentry"],"_links":{"self":[{"href":"https:\/\/bianna.com\/fr\/wp-json\/wp\/v2\/pages\/5463","targetHints":{"allow":["GET"]}}],"collection":[{"href":"https:\/\/bianna.com\/fr\/wp-json\/wp\/v2\/pages"}],"about":[{"href":"https:\/\/bianna.com\/fr\/wp-json\/wp\/v2\/types\/page"}],"author":[{"embeddable":true,"href":"https:\/\/bianna.com\/fr\/wp-json\/wp\/v2\/users\/1"}],"replies":[{"embeddable":true,"href":"https:\/\/bianna.com\/fr\/wp-json\/wp\/v2\/comments?post=5463"}],"version-history":[{"count":1,"href":"https:\/\/bianna.com\/fr\/wp-json\/wp\/v2\/pages\/5463\/revisions"}],"predecessor-version":[{"id":5464,"href":"https:\/\/bianna.com\/fr\/wp-json\/wp\/v2\/pages\/5463\/revisions\/5464"}],"wp:attachment":[{"href":"https:\/\/bianna.com\/fr\/wp-json\/wp\/v2\/media?parent=5463"}],"curies":[{"name":"wp","href":"https:\/\/api.w.org\/{rel}","templated":true}]}}