{"id":5382,"date":"2022-05-17T16:35:48","date_gmt":"2022-05-17T14:35:48","guid":{"rendered":"https:\/\/bianna.com\/metales\/"},"modified":"2022-07-13T12:49:07","modified_gmt":"2022-07-13T10:49:07","slug":"metaux","status":"publish","type":"page","link":"https:\/\/bianna.com\/fr\/metaux\/","title":{"rendered":"Metaux"},"content":{"rendered":"<p><div class=\"fusion-fullwidth fullwidth-box fusion-builder-row-1 fusion-flex-container fusion-parallax-none nonhundred-percent-fullwidth non-hundred-percent-height-scrolling\" style=\"--awb-border-radius-top-left:0px;--awb-border-radius-top-right:0px;--awb-border-radius-bottom-right:0px;--awb-border-radius-bottom-left:0px;--awb-padding-top:200px;--awb-padding-bottom:200px;--awb-background-image:linear-gradient(90deg, #f62209 0%,rgba(255,255,255,0) 75%),url(https:\/\/bianna.com\/wp-content\/uploads\/2022\/05\/MET-Bianna-01-1024x852.jpg);;--awb-background-size:cover;--awb-flex-wrap:wrap;\" ><div class=\"fusion-builder-row fusion-row fusion-flex-align-items-flex-start fusion-flex-align-content-center fusion-flex-content-wrap\" style=\"max-width:1144px;margin-left: calc(-4% \/ 2 );margin-right: calc(-4% \/ 2 );\"><div class=\"fusion-layout-column fusion_builder_column fusion-builder-column-0 fusion_builder_column_1_2 1_2 fusion-flex-column\" style=\"--awb-bg-size:cover;--awb-width-large:50%;--awb-margin-top-large:0px;--awb-spacing-right-large:3.84%;--awb-margin-bottom-large:0px;--awb-spacing-left-large:3.84%;--awb-width-medium:50%;--awb-order-medium:0;--awb-spacing-right-medium:3.84%;--awb-spacing-left-medium:3.84%;--awb-width-small:100%;--awb-order-small:0;--awb-spacing-right-small:1.92%;--awb-spacing-left-small:1.92%;\"><div class=\"fusion-column-wrapper fusion-column-has-shadow fusion-flex-justify-content-flex-start fusion-content-layout-column\"><div class=\"fusion-image-element \" style=\"--awb-margin-bottom:40px;--awb-max-width:235px;--awb-caption-title-font-family:var(--h2_typography-font-family);--awb-caption-title-font-weight:var(--h2_typography-font-weight);--awb-caption-title-font-style:var(--h2_typography-font-style);--awb-caption-title-size:var(--h2_typography-font-size);--awb-caption-title-transform:var(--h2_typography-text-transform);--awb-caption-title-line-height:var(--h2_typography-line-height);--awb-caption-title-letter-spacing:var(--h2_typography-letter-spacing);\"><span class=\" fusion-imageframe imageframe-none imageframe-1 hover-type-none\"><img decoding=\"async\" width=\"664\" height=\"299\" src=\"https:\/\/bianna.com\/wp-content\/uploads\/2022\/05\/MET-Bianna-01.svg\" alt class=\"img-responsive wp-image-4843\"\/><\/span><\/div><div class=\"fusion-title title fusion-title-1 fusion-sep-none fusion-title-text fusion-title-size-one\" style=\"--awb-text-color:#ffffff;\"><h1 class=\"fusion-title-heading title-heading-left fusion-responsive-typography-calculated\" style=\"margin:0;--fontSize:80;line-height:1;\">Metaux<\/h1><\/div><div class=\"fusion-title title fusion-title-2 fusion-sep-none fusion-title-text fusion-title-size-three\" style=\"--awb-text-color:#ffffff;\"><h3 class=\"fusion-title-heading title-heading-left fusion-responsive-typography-calculated\" style=\"margin:0;--fontSize:25;--minFontSize:25;line-height:1.2;\">Traitement m\u00e9canique pour la s\u00e9paration et la r\u00e9cup\u00e9ration des m\u00e9taux: il augmente la valeur commerciale des sous-produits obtenus et la rentabilit\u00e9 des installations<\/h3><\/div><\/div><\/div><div class=\"fusion-layout-column fusion_builder_column fusion-builder-column-1 fusion_builder_column_1_2 1_2 fusion-flex-column\" style=\"--awb-bg-size:cover;--awb-width-large:50%;--awb-margin-top-large:0px;--awb-spacing-right-large:3.84%;--awb-margin-bottom-large:0px;--awb-spacing-left-large:3.84%;--awb-width-medium:50%;--awb-order-medium:0;--awb-spacing-right-medium:3.84%;--awb-spacing-left-medium:3.84%;--awb-width-small:100%;--awb-order-small:0;--awb-spacing-right-small:1.92%;--awb-spacing-left-small:1.92%;\"><div class=\"fusion-column-wrapper fusion-column-has-shadow fusion-flex-justify-content-flex-start fusion-content-layout-column\"><\/div><\/div><\/div><\/div><div class=\"fusion-fullwidth fullwidth-box fusion-builder-row-2 fusion-flex-container nonhundred-percent-fullwidth non-hundred-percent-height-scrolling\" style=\"--awb-border-radius-top-left:0px;--awb-border-radius-top-right:0px;--awb-border-radius-bottom-right:0px;--awb-border-radius-bottom-left:0px;--awb-margin-top:120px;--awb-margin-bottom:120px;--awb-flex-wrap:wrap;\" ><div class=\"fusion-builder-row fusion-row fusion-flex-align-items-flex-start fusion-flex-content-wrap\" style=\"max-width:1144px;margin-left: calc(-4% \/ 2 );margin-right: calc(-4% \/ 2 );\"><div class=\"fusion-layout-column fusion_builder_column fusion-builder-column-2 fusion_builder_column_1_2 1_2 fusion-flex-column\" style=\"--awb-bg-size:cover;--awb-width-large:50%;--awb-margin-top-large:0px;--awb-spacing-right-large:3.84%;--awb-margin-bottom-large:0px;--awb-spacing-left-large:3.84%;--awb-width-medium:50%;--awb-order-medium:0;--awb-spacing-right-medium:3.84%;--awb-spacing-left-medium:3.84%;--awb-width-small:100%;--awb-order-small:0;--awb-spacing-right-small:1.92%;--awb-spacing-left-small:1.92%;\"><div class=\"fusion-column-wrapper fusion-column-has-shadow fusion-flex-justify-content-flex-start fusion-content-layout-column\"><div class=\"fusion-text fusion-text-1\" style=\"--awb-text-transform:none;\"><p>Le recyclage des m\u00e9taux ferreux et non ferreux permet des \u00e9conomies d\u2019\u00e9nergie en r\u00e9duisant leur extraction et leur traitement \u00e0 la source. Les m\u00e9taux r\u00e9cup\u00e9r\u00e9s dans les installations de traitement proviennent essentiellement des grands broyeurs des automobiles, de la r\u00e9cup\u00e9ration des appareils \u00e9lectriques, des \u00e9quipements \u00e9lectriques et \u00e9lectroniques, du nettoyage des peluches, de la fragmentation et d\u2019autres processus de l\u2019industrie de la r\u00e9cup\u00e9ration des m\u00e9taux.<\/p>\n<p>La s\u00e9paration des m\u00e9taux par type et composition et l\u2019obtention de fractions finales propres augmentent consid\u00e9rablement la valeur commerciale des sous-produits obtenus, en augmentant la rentabilit\u00e9 des installations d\u00e9di\u00e9es \u00e0 leur traitement.<\/p>\n<p>Bianna propose des solutions pour le traitement m\u00e9canique des m\u00e9taux et leur s\u00e9paration en fractions propres \u00e0 haute valeur commerciale. Nous int\u00e9grons les meilleures technologies disponibles pour purifier les fractions de m\u00e9taux et obtenir des mati\u00e8res premi\u00e8res d\u2019une grande puret\u00e9.<\/p>\n<\/div><\/div><\/div><div class=\"fusion-layout-column fusion_builder_column fusion-builder-column-3 fusion_builder_column_1_2 1_2 fusion-flex-column\" style=\"--awb-padding-top:30px;--awb-padding-right:30px;--awb-padding-bottom:30px;--awb-padding-left:30px;--awb-overflow:hidden;--awb-bg-color:rgba(255,255,255,0.75);--awb-bg-color-hover:rgba(255,255,255,0.75);--awb-bg-size:cover;--awb-box-shadow:0px 0px 15px 0px rgba(0,0,0,0.25);;--awb-border-color:#ffffff;--awb-border-style:solid;--awb-border-radius:10px 10px 10px 10px;--awb-width-large:50%;--awb-margin-top-large:0px;--awb-spacing-right-large:3.84%;--awb-margin-bottom-large:0px;--awb-spacing-left-large:3.84%;--awb-width-medium:50%;--awb-order-medium:0;--awb-spacing-right-medium:3.84%;--awb-spacing-left-medium:3.84%;--awb-width-small:100%;--awb-order-small:0;--awb-spacing-right-small:1.92%;--awb-spacing-left-small:1.92%;\"><div class=\"fusion-column-wrapper fusion-column-has-shadow fusion-flex-justify-content-flex-start fusion-content-layout-column\"><div class=\"fusion-image-element \" style=\"text-align:left;--awb-max-width:80px;--awb-caption-title-font-family:var(--h2_typography-font-family);--awb-caption-title-font-weight:var(--h2_typography-font-weight);--awb-caption-title-font-style:var(--h2_typography-font-style);--awb-caption-title-size:var(--h2_typography-font-size);--awb-caption-title-transform:var(--h2_typography-text-transform);--awb-caption-title-line-height:var(--h2_typography-line-height);--awb-caption-title-letter-spacing:var(--h2_typography-letter-spacing);\"><span class=\" fusion-imageframe imageframe-none imageframe-2 hover-type-none\"><img decoding=\"async\" width=\"371\" height=\"239\" src=\"https:\/\/bianna.com\/wp-content\/uploads\/2022\/05\/process-02.svg\" alt class=\"img-responsive wp-image-4756\"\/><\/span><\/div><div class=\"fusion-title title fusion-title-3 fusion-sep-none fusion-title-text fusion-title-size-three\"><h3 class=\"fusion-title-heading title-heading-left fusion-responsive-typography-calculated\" style=\"margin:0;--fontSize:25;--minFontSize:25;line-height:1.2;\">Traitement<\/h3><\/div><div class=\"fusion-text fusion-text-2\" style=\"--awb-text-transform:none;\"><p>Lignes compl\u00e8tes pour la r\u00e9cup\u00e9ration de m\u00e9taux et l\u2019industrie sid\u00e9rurgique, ax\u00e9es sur la r\u00e9cup\u00e9ration des m\u00e9taux non ferreux \u00e0 haute valeur ajout\u00e9e tels que le cuivre et l\u2019aluminium.<\/p>\n<\/div><div class=\"fusion-title title fusion-title-4 fusion-sep-none fusion-title-text fusion-title-size-three\"><h3 class=\"fusion-title-heading title-heading-left fusion-responsive-typography-calculated\" style=\"margin:0;--fontSize:25;--minFontSize:25;line-height:1.2;\">Sorties<\/h3><\/div><div class=\"fusion-text fusion-text-3\" style=\"--awb-text-transform:none;\"><ul>\n<li>Cuivre<\/li>\n<li>Aluminium<\/li>\n<li>Autres m\u00e9taux nFe<\/li>\n<li>CSR du fluff du fragmenter<\/li>\n<\/ul>\n<\/div><\/div><\/div><\/div><\/div><div class=\"fusion-fullwidth fullwidth-box fusion-builder-row-3 fusion-flex-container nonhundred-percent-fullwidth non-hundred-percent-height-scrolling\" style=\"--awb-border-radius-top-left:0px;--awb-border-radius-top-right:0px;--awb-border-radius-bottom-right:0px;--awb-border-radius-bottom-left:0px;--awb-margin-bottom:120px;--awb-flex-wrap:wrap;\" ><div class=\"fusion-builder-row fusion-row fusion-flex-align-items-flex-start fusion-flex-content-wrap\" style=\"max-width:1144px;margin-left: calc(-4% \/ 2 );margin-right: calc(-4% \/ 2 );\"><div class=\"fusion-layout-column fusion_builder_column fusion-builder-column-4 fusion_builder_column_1_1 1_1 fusion-flex-column\" style=\"--awb-bg-size:cover;--awb-width-large:100%;--awb-margin-top-large:0px;--awb-spacing-right-large:1.92%;--awb-margin-bottom-large:0px;--awb-spacing-left-large:1.92%;--awb-width-medium:100%;--awb-order-medium:0;--awb-spacing-right-medium:1.92%;--awb-spacing-left-medium:1.92%;--awb-width-small:100%;--awb-order-small:0;--awb-spacing-right-small:1.92%;--awb-spacing-left-small:1.92%;\"><div class=\"fusion-column-wrapper fusion-column-has-shadow fusion-flex-justify-content-flex-start fusion-content-layout-column\"><div class=\"awb-gallery-wrapper awb-gallery-wrapper-1 button-span-no\"><div style=\"margin:-2px;--awb-bordersize:1px;\" class=\"fusion-gallery fusion-gallery-container fusion-grid-4 fusion-columns-total-4 fusion-gallery-layout-grid fusion-gallery-1\"><div style=\"padding:2.5px;\" class=\"fusion-grid-column fusion-gallery-column fusion-gallery-column-4 hover-type-zoomin\"><div class=\"fusion-gallery-image\"><a href=\"https:\/\/bianna.com\/wp-content\/uploads\/2022\/05\/MET-Bianna-GAL-1.jpg\" rel=\"noreferrer\" data-rel=\"iLightbox[gallery_image_1]\" class=\"fusion-lightbox\" target=\"_self\"><img decoding=\"async\" src=\"https:\/\/bianna.com\/wp-content\/uploads\/2022\/05\/MET-Bianna-GAL-1-320x202.jpg\" width=\"320\" height=\"202\" alt=\"\" title=\"MET-Bianna-GAL-1\" aria-label=\"MET-Bianna-GAL-1\" class=\"img-responsive wp-image-1336 fusion-gallery-image-size-fixed\" srcset=\"https:\/\/bianna.com\/wp-content\/uploads\/2022\/05\/MET-Bianna-GAL-1-320x202.jpg 320w, https:\/\/bianna.com\/wp-content\/uploads\/2022\/05\/MET-Bianna-GAL-1-700x441.jpg 700w\" sizes=\"(max-width: 320px) 100vw, 320px\" \/><\/a><\/div><\/div><div style=\"padding:2.5px;\" class=\"fusion-grid-column fusion-gallery-column fusion-gallery-column-4 hover-type-zoomin\"><div class=\"fusion-gallery-image\"><a href=\"https:\/\/bianna.com\/wp-content\/uploads\/2022\/05\/MET-Bianna-GAL-2.jpg\" rel=\"noreferrer\" data-rel=\"iLightbox[gallery_image_1]\" class=\"fusion-lightbox\" target=\"_self\"><img decoding=\"async\" src=\"https:\/\/bianna.com\/wp-content\/uploads\/2022\/05\/MET-Bianna-GAL-2-320x202.jpg\" width=\"320\" height=\"202\" alt=\"\" title=\"MET-Bianna-GAL-2\" aria-label=\"MET-Bianna-GAL-2\" class=\"img-responsive wp-image-1337 fusion-gallery-image-size-fixed\" srcset=\"https:\/\/bianna.com\/wp-content\/uploads\/2022\/05\/MET-Bianna-GAL-2-320x202.jpg 320w, https:\/\/bianna.com\/wp-content\/uploads\/2022\/05\/MET-Bianna-GAL-2-700x441.jpg 700w\" sizes=\"(max-width: 320px) 100vw, 320px\" \/><\/a><\/div><\/div><div style=\"padding:2.5px;\" class=\"fusion-grid-column fusion-gallery-column fusion-gallery-column-4 hover-type-zoomin\"><div class=\"fusion-gallery-image\"><a href=\"https:\/\/bianna.com\/wp-content\/uploads\/2022\/05\/MET-Bianna-GAL-3.jpg\" rel=\"noreferrer\" data-rel=\"iLightbox[gallery_image_1]\" class=\"fusion-lightbox\" target=\"_self\"><img decoding=\"async\" src=\"https:\/\/bianna.com\/wp-content\/uploads\/2022\/05\/MET-Bianna-GAL-3-320x202.jpg\" width=\"320\" height=\"202\" alt=\"\" title=\"MET-Bianna-GAL-3\" aria-label=\"MET-Bianna-GAL-3\" class=\"img-responsive wp-image-1338 fusion-gallery-image-size-fixed\" srcset=\"https:\/\/bianna.com\/wp-content\/uploads\/2022\/05\/MET-Bianna-GAL-3-320x202.jpg 320w, https:\/\/bianna.com\/wp-content\/uploads\/2022\/05\/MET-Bianna-GAL-3-700x441.jpg 700w\" sizes=\"(max-width: 320px) 100vw, 320px\" \/><\/a><\/div><\/div><div style=\"padding:2.5px;\" class=\"fusion-grid-column fusion-gallery-column fusion-gallery-column-4 hover-type-zoomin\"><div class=\"fusion-gallery-image\"><a href=\"https:\/\/bianna.com\/wp-content\/uploads\/2022\/05\/MET-Bianna-GAL-4.jpg\" rel=\"noreferrer\" data-rel=\"iLightbox[gallery_image_1]\" class=\"fusion-lightbox\" target=\"_self\"><img decoding=\"async\" src=\"https:\/\/bianna.com\/wp-content\/uploads\/2022\/05\/MET-Bianna-GAL-4-320x202.jpg\" width=\"320\" height=\"202\" alt=\"\" title=\"MET-Bianna-GAL-4\" aria-label=\"MET-Bianna-GAL-4\" class=\"img-responsive wp-image-1339 fusion-gallery-image-size-fixed\" srcset=\"https:\/\/bianna.com\/wp-content\/uploads\/2022\/05\/MET-Bianna-GAL-4-320x202.jpg 320w, https:\/\/bianna.com\/wp-content\/uploads\/2022\/05\/MET-Bianna-GAL-4-700x441.jpg 700w\" sizes=\"(max-width: 320px) 100vw, 320px\" \/><\/a><\/div><\/div><div class=\"clearfix\"><\/div><\/div><\/div><\/div><\/div><\/div><\/div><div class=\"fusion-fullwidth fullwidth-box fusion-builder-row-4 fusion-flex-container nonhundred-percent-fullwidth non-hundred-percent-height-scrolling\" style=\"--awb-border-sizes-top:1px;--awb-border-color:#ffffff;--awb-border-radius-top-left:0px;--awb-border-radius-top-right:0px;--awb-border-radius-bottom-right:0px;--awb-border-radius-bottom-left:0px;--awb-padding-top:120px;--awb-padding-bottom:120px;--awb-margin-top:0px;--awb-margin-bottom:0px;--awb-background-color:#e2201b;--awb-flex-wrap:wrap;\" ><div class=\"fusion-builder-row fusion-row fusion-flex-align-items-flex-start fusion-flex-content-wrap\" style=\"max-width:1144px;margin-left: calc(-4% \/ 2 );margin-right: calc(-4% \/ 2 );\"><div class=\"fusion-layout-column fusion_builder_column fusion-builder-column-5 fusion_builder_column_1_2 1_2 fusion-flex-column\" style=\"--awb-bg-size:cover;--awb-width-large:50%;--awb-margin-top-large:0px;--awb-spacing-right-large:3.84%;--awb-margin-bottom-large:0px;--awb-spacing-left-large:3.84%;--awb-width-medium:50%;--awb-order-medium:0;--awb-spacing-right-medium:3.84%;--awb-spacing-left-medium:3.84%;--awb-width-small:100%;--awb-order-small:0;--awb-spacing-right-small:1.92%;--awb-spacing-left-small:1.92%;\"><div class=\"fusion-column-wrapper fusion-column-has-shadow fusion-flex-justify-content-flex-start fusion-content-layout-column\"><div class=\"fusion-image-element \" style=\"text-align:left;--awb-margin-bottom:40px;--awb-max-width:300px;--awb-caption-title-font-family:var(--h2_typography-font-family);--awb-caption-title-font-weight:var(--h2_typography-font-weight);--awb-caption-title-font-style:var(--h2_typography-font-style);--awb-caption-title-size:var(--h2_typography-font-size);--awb-caption-title-transform:var(--h2_typography-text-transform);--awb-caption-title-line-height:var(--h2_typography-line-height);--awb-caption-title-letter-spacing:var(--h2_typography-letter-spacing);\"><span class=\" fusion-imageframe imageframe-none imageframe-3 hover-type-none\"><img decoding=\"async\" width=\"556\" height=\"124\" src=\"https:\/\/bianna.com\/wp-content\/uploads\/2022\/05\/logo_bianna_06.svg\" alt class=\"img-responsive wp-image-4728\"\/><\/span><\/div><div class=\"fusion-title title fusion-title-5 fusion-sep-none fusion-title-text fusion-title-size-two\" style=\"--awb-text-color:#ffffff;\"><h2 class=\"fusion-title-heading title-heading-left fusion-responsive-typography-calculated\" style=\"margin:0;--fontSize:40;line-height:1.0;\">Tu as besoin d\u2019aide?<\/h2><\/div><div class=\"fusion-text fusion-text-4\" style=\"--awb-text-transform:none;--awb-text-color:#ffffff;\"><p>Les responsables de chaque unit\u00e9 sont disponibles pour vous aider et r\u00e9pondre \u00e0 vos questions:<\/p>\n<\/div><div ><a class=\"fusion-button button-flat fusion-button-default-size button-default fusion-button-default button-1 fusion-button-default-span fusion-button-default-type\" target=\"_self\" href=\"mailto:info@bianna.com\"><span class=\"fusion-button-text awb-button__text awb-button__text--default\">Contactez-nous<\/span><\/a><\/div><\/div><\/div><div class=\"fusion-layout-column fusion_builder_column fusion-builder-column-6 fusion_builder_column_1_3 1_3 fusion-flex-column\" style=\"--awb-bg-size:cover;--awb-width-large:33.333333333333%;--awb-margin-top-large:0px;--awb-spacing-right-large:5.76%;--awb-margin-bottom-large:0px;--awb-spacing-left-large:5.76%;--awb-width-medium:33.333333333333%;--awb-order-medium:0;--awb-spacing-right-medium:5.76%;--awb-spacing-left-medium:5.76%;--awb-width-small:100%;--awb-order-small:0;--awb-spacing-right-small:1.92%;--awb-spacing-left-small:1.92%;\"><div class=\"fusion-column-wrapper fusion-column-has-shadow fusion-flex-justify-content-flex-start fusion-content-layout-column\"><\/div><\/div><\/div><\/div>\n<\/p>\n","protected":false},"excerpt":{"rendered":"","protected":false},"author":1,"featured_media":0,"parent":0,"menu_order":0,"comment_status":"closed","ping_status":"closed","template":"100-width.php","meta":{"footnotes":""},"class_list":["post-5382","page","type-page","status-publish","hentry"],"_links":{"self":[{"href":"https:\/\/bianna.com\/fr\/wp-json\/wp\/v2\/pages\/5382","targetHints":{"allow":["GET"]}}],"collection":[{"href":"https:\/\/bianna.com\/fr\/wp-json\/wp\/v2\/pages"}],"about":[{"href":"https:\/\/bianna.com\/fr\/wp-json\/wp\/v2\/types\/page"}],"author":[{"embeddable":true,"href":"https:\/\/bianna.com\/fr\/wp-json\/wp\/v2\/users\/1"}],"replies":[{"embeddable":true,"href":"https:\/\/bianna.com\/fr\/wp-json\/wp\/v2\/comments?post=5382"}],"version-history":[{"count":1,"href":"https:\/\/bianna.com\/fr\/wp-json\/wp\/v2\/pages\/5382\/revisions"}],"predecessor-version":[{"id":5383,"href":"https:\/\/bianna.com\/fr\/wp-json\/wp\/v2\/pages\/5382\/revisions\/5383"}],"wp:attachment":[{"href":"https:\/\/bianna.com\/fr\/wp-json\/wp\/v2\/media?parent=5382"}],"curies":[{"name":"wp","href":"https:\/\/api.w.org\/{rel}","templated":true}]}}