{"id":5363,"date":"2022-05-16T18:09:18","date_gmt":"2022-05-16T16:09:18","guid":{"rendered":"https:\/\/bianna.com\/residuos-industriales\/"},"modified":"2022-07-13T11:25:37","modified_gmt":"2022-07-13T09:25:37","slug":"dechets-industriels","status":"publish","type":"page","link":"https:\/\/bianna.com\/fr\/dechets-industriels\/","title":{"rendered":"D\u00e9chets industriels"},"content":{"rendered":"<p><div class=\"fusion-fullwidth fullwidth-box fusion-builder-row-1 fusion-flex-container fusion-parallax-none nonhundred-percent-fullwidth non-hundred-percent-height-scrolling\" style=\"--awb-border-radius-top-left:0px;--awb-border-radius-top-right:0px;--awb-border-radius-bottom-right:0px;--awb-border-radius-bottom-left:0px;--awb-padding-top:200px;--awb-padding-bottom:200px;--awb-background-image:linear-gradient(90deg, #f62209 0%,rgba(255,255,255,0) 75%),url(https:\/\/bianna.com\/wp-content\/uploads\/2022\/05\/IND-Bianna-01-1024x676.jpg);;--awb-background-size:cover;--awb-flex-wrap:wrap;\" ><div class=\"fusion-builder-row fusion-row fusion-flex-align-items-flex-start fusion-flex-align-content-center fusion-flex-content-wrap\" style=\"max-width:1144px;margin-left: calc(-4% \/ 2 );margin-right: calc(-4% \/ 2 );\"><div class=\"fusion-layout-column fusion_builder_column fusion-builder-column-0 fusion_builder_column_1_2 1_2 fusion-flex-column\" style=\"--awb-bg-size:cover;--awb-width-large:50%;--awb-margin-top-large:0px;--awb-spacing-right-large:3.84%;--awb-margin-bottom-large:0px;--awb-spacing-left-large:3.84%;--awb-width-medium:50%;--awb-order-medium:0;--awb-spacing-right-medium:3.84%;--awb-spacing-left-medium:3.84%;--awb-width-small:100%;--awb-order-small:0;--awb-spacing-right-small:1.92%;--awb-spacing-left-small:1.92%;\"><div class=\"fusion-column-wrapper fusion-column-has-shadow fusion-flex-justify-content-flex-start fusion-content-layout-column\"><div class=\"fusion-image-element \" style=\"--awb-margin-bottom:40px;--awb-max-width:334px;--awb-caption-title-font-family:var(--h2_typography-font-family);--awb-caption-title-font-weight:var(--h2_typography-font-weight);--awb-caption-title-font-style:var(--h2_typography-font-style);--awb-caption-title-size:var(--h2_typography-font-size);--awb-caption-title-transform:var(--h2_typography-text-transform);--awb-caption-title-line-height:var(--h2_typography-line-height);--awb-caption-title-letter-spacing:var(--h2_typography-letter-spacing);\"><span class=\" fusion-imageframe imageframe-none imageframe-1 hover-type-none\"><img decoding=\"async\" width=\"772\" height=\"244\" src=\"https:\/\/bianna.com\/wp-content\/uploads\/2022\/05\/IND-Bianna-01.svg\" alt class=\"img-responsive wp-image-4810\"\/><\/span><\/div><div class=\"fusion-title title fusion-title-1 fusion-sep-none fusion-title-text fusion-title-size-one\" style=\"--awb-text-color:#ffffff;\"><h1 class=\"fusion-title-heading title-heading-left fusion-responsive-typography-calculated\" style=\"margin:0;--fontSize:80;line-height:1;\">D\u00e9chets industriels<\/h1><\/div><div class=\"fusion-title title fusion-title-2 fusion-sep-none fusion-title-text fusion-title-size-three\" style=\"--awb-text-color:#ffffff;\"><h3 class=\"fusion-title-heading title-heading-left fusion-responsive-typography-calculated\" style=\"margin:0;--fontSize:25;--minFontSize:25;line-height:1.2;\">Les d\u00e9chets industriels sont des d\u00e9chets tr\u00e8s h\u00e9t\u00e9rog\u00e8nes qui ont besoin des installations complexes con\u00e7ues de mani\u00e8re tr\u00e8s sp\u00e9cifique<\/h3><\/div><\/div><\/div><div class=\"fusion-layout-column fusion_builder_column fusion-builder-column-1 fusion_builder_column_1_2 1_2 fusion-flex-column\" style=\"--awb-bg-size:cover;--awb-width-large:50%;--awb-margin-top-large:0px;--awb-spacing-right-large:3.84%;--awb-margin-bottom-large:0px;--awb-spacing-left-large:3.84%;--awb-width-medium:50%;--awb-order-medium:0;--awb-spacing-right-medium:3.84%;--awb-spacing-left-medium:3.84%;--awb-width-small:100%;--awb-order-small:0;--awb-spacing-right-small:1.92%;--awb-spacing-left-small:1.92%;\"><div class=\"fusion-column-wrapper fusion-column-has-shadow fusion-flex-justify-content-flex-start fusion-content-layout-column\"><\/div><\/div><\/div><\/div><div class=\"fusion-fullwidth fullwidth-box fusion-builder-row-2 fusion-flex-container nonhundred-percent-fullwidth non-hundred-percent-height-scrolling\" style=\"--awb-border-radius-top-left:0px;--awb-border-radius-top-right:0px;--awb-border-radius-bottom-right:0px;--awb-border-radius-bottom-left:0px;--awb-margin-top:120px;--awb-margin-bottom:120px;--awb-flex-wrap:wrap;\" ><div class=\"fusion-builder-row fusion-row fusion-flex-align-items-flex-start fusion-flex-content-wrap\" style=\"max-width:1144px;margin-left: calc(-4% \/ 2 );margin-right: calc(-4% \/ 2 );\"><div class=\"fusion-layout-column fusion_builder_column fusion-builder-column-2 fusion_builder_column_1_2 1_2 fusion-flex-column\" style=\"--awb-bg-size:cover;--awb-width-large:50%;--awb-margin-top-large:0px;--awb-spacing-right-large:3.84%;--awb-margin-bottom-large:0px;--awb-spacing-left-large:3.84%;--awb-width-medium:50%;--awb-order-medium:0;--awb-spacing-right-medium:3.84%;--awb-spacing-left-medium:3.84%;--awb-width-small:100%;--awb-order-small:0;--awb-spacing-right-small:1.92%;--awb-spacing-left-small:1.92%;\"><div class=\"fusion-column-wrapper fusion-column-has-shadow fusion-flex-justify-content-flex-start fusion-content-layout-column\"><div class=\"fusion-text fusion-text-1\" style=\"--awb-text-transform:none;\"><p>Les d\u00e9chets industriels sont des d\u00e9chets tr\u00e8s h\u00e9t\u00e9rog\u00e8nes qui ont besoin des installations complexes con\u00e7ues de mani\u00e8re tr\u00e8s sp\u00e9cifique. Ils ont g\u00e9n\u00e9ralement une faible densit\u00e9 et pour la plupart une grande taille, ce qui implique de concevoir des installations de traitement tr\u00e8s rigoureusement.<\/p>\n<p>Sa faible humidit\u00e9 transforme la fraction non r\u00e9cup\u00e9rable de ces r\u00e9sidus en un combustible de remplacement appropri\u00e9, en raison de son pouvoir calorifique \u00e9lev\u00e9.<\/p>\n<p>Bianna con\u00e7oit des installations pour le traitement des d\u00e9chets industriels solides non dangereux afin de profiter de toutes les ressources pr\u00e9sentes dans les d\u00e9chets, soit en r\u00e9cup\u00e9rant des mati\u00e8res recyclables, soit en produisant des combustibles d\u00e9riv\u00e9s des d\u00e9chets.<\/p>\n<p>Les d\u00e9chets industriels non dangereux contiennent g\u00e9n\u00e9ralement une grande quantit\u00e9 de mati\u00e8res \u00e0 haute valeur calorifique, de sorte que la production de combustibles d\u00e9riv\u00e9s des d\u00e9chets dans les installations de traitement est particuli\u00e8rement int\u00e9ressante si le client a un consommateur potentiel qui peut \u00e9valuer \u00e9nergiquement ce produit obtenu.<\/p>\n<\/div><\/div><\/div><div class=\"fusion-layout-column fusion_builder_column fusion-builder-column-3 fusion_builder_column_1_2 1_2 fusion-flex-column\" style=\"--awb-padding-top:30px;--awb-padding-right:30px;--awb-padding-bottom:30px;--awb-padding-left:30px;--awb-overflow:hidden;--awb-bg-color:rgba(255,255,255,0.75);--awb-bg-color-hover:rgba(255,255,255,0.75);--awb-bg-size:cover;--awb-box-shadow:0px 0px 15px 0px rgba(0,0,0,0.25);;--awb-border-color:#ffffff;--awb-border-style:solid;--awb-border-radius:10px 10px 10px 10px;--awb-width-large:50%;--awb-margin-top-large:0px;--awb-spacing-right-large:3.84%;--awb-margin-bottom-large:0px;--awb-spacing-left-large:3.84%;--awb-width-medium:50%;--awb-order-medium:0;--awb-spacing-right-medium:3.84%;--awb-spacing-left-medium:3.84%;--awb-width-small:100%;--awb-order-small:0;--awb-spacing-right-small:1.92%;--awb-spacing-left-small:1.92%;\"><div class=\"fusion-column-wrapper fusion-column-has-shadow fusion-flex-justify-content-flex-start fusion-content-layout-column\"><div class=\"fusion-image-element \" style=\"text-align:left;--awb-max-width:80px;--awb-caption-title-font-family:var(--h2_typography-font-family);--awb-caption-title-font-weight:var(--h2_typography-font-weight);--awb-caption-title-font-style:var(--h2_typography-font-style);--awb-caption-title-size:var(--h2_typography-font-size);--awb-caption-title-transform:var(--h2_typography-text-transform);--awb-caption-title-line-height:var(--h2_typography-line-height);--awb-caption-title-letter-spacing:var(--h2_typography-letter-spacing);\"><span class=\" fusion-imageframe imageframe-none imageframe-2 hover-type-none\"><img decoding=\"async\" width=\"371\" height=\"239\" src=\"https:\/\/bianna.com\/wp-content\/uploads\/2022\/05\/process-02.svg\" alt class=\"img-responsive wp-image-4756\"\/><\/span><\/div><div class=\"fusion-title title fusion-title-3 fusion-sep-none fusion-title-text fusion-title-size-three\"><h3 class=\"fusion-title-heading title-heading-left fusion-responsive-typography-calculated\" style=\"margin:0;--fontSize:25;--minFontSize:25;line-height:1.2;\">Traitement<\/h3><\/div><div class=\"fusion-text fusion-text-2\" style=\"--awb-text-transform:none;\"><p>Selon le mat\u00e9riau \u00e0 traiter et les sous-produits \u00e0 valoriser, le processus de traitement m\u00e9canique peut int\u00e9grer diff\u00e9rents degr\u00e9s d\u2019automatisation. La production de combustibles d\u00e9riv\u00e9s de d\u00e9chets est g\u00e9n\u00e9ralement une partie de plus de ce type d\u2019installation, qui compl\u00e8te la r\u00e9cup\u00e9ration de mat\u00e9riaux recyclables \u00e0 haute valeur commerciale.<\/p>\n<\/div><div class=\"fusion-title title fusion-title-4 fusion-sep-none fusion-title-text fusion-title-size-three\"><h3 class=\"fusion-title-heading title-heading-left fusion-responsive-typography-calculated\" style=\"margin:0;--fontSize:25;--minFontSize:25;line-height:1.2;\">Sorties<\/h3><\/div><div class=\"fusion-text fusion-text-3\" style=\"--awb-text-transform:none;\"><ul>\n<li>Mat\u00e9riaux recyclables<\/li>\n<li>CSR<\/li>\n<\/ul>\n<\/div><\/div><\/div><\/div><\/div><div class=\"fusion-fullwidth fullwidth-box fusion-builder-row-3 fusion-flex-container nonhundred-percent-fullwidth non-hundred-percent-height-scrolling\" style=\"--awb-border-radius-top-left:0px;--awb-border-radius-top-right:0px;--awb-border-radius-bottom-right:0px;--awb-border-radius-bottom-left:0px;--awb-margin-bottom:120px;--awb-flex-wrap:wrap;\" ><div class=\"fusion-builder-row fusion-row fusion-flex-align-items-flex-start fusion-flex-content-wrap\" style=\"max-width:1144px;margin-left: calc(-4% \/ 2 );margin-right: calc(-4% \/ 2 );\"><div class=\"fusion-layout-column fusion_builder_column fusion-builder-column-4 fusion_builder_column_1_1 1_1 fusion-flex-column\" style=\"--awb-bg-size:cover;--awb-width-large:100%;--awb-margin-top-large:0px;--awb-spacing-right-large:1.92%;--awb-margin-bottom-large:0px;--awb-spacing-left-large:1.92%;--awb-width-medium:100%;--awb-order-medium:0;--awb-spacing-right-medium:1.92%;--awb-spacing-left-medium:1.92%;--awb-width-small:100%;--awb-order-small:0;--awb-spacing-right-small:1.92%;--awb-spacing-left-small:1.92%;\"><div class=\"fusion-column-wrapper fusion-column-has-shadow fusion-flex-justify-content-flex-start fusion-content-layout-column\"><div class=\"awb-gallery-wrapper awb-gallery-wrapper-1 button-span-no\"><div style=\"margin:-2px;--awb-bordersize:1px;\" class=\"fusion-gallery fusion-gallery-container fusion-grid-4 fusion-columns-total-4 fusion-gallery-layout-grid fusion-gallery-1\"><div style=\"padding:2.5px;\" class=\"fusion-grid-column fusion-gallery-column fusion-gallery-column-4 hover-type-zoomin\"><div class=\"fusion-gallery-image\"><a href=\"https:\/\/bianna.com\/wp-content\/uploads\/2022\/05\/IND-Bianna-GAL-1.jpg\" rel=\"noreferrer\" data-rel=\"iLightbox[gallery_image_1]\" class=\"fusion-lightbox\" target=\"_self\"><img decoding=\"async\" src=\"https:\/\/bianna.com\/wp-content\/uploads\/2022\/05\/IND-Bianna-GAL-1-320x202.jpg\" width=\"320\" height=\"202\" alt=\"\" title=\"IND-Bianna-GAL-1\" aria-label=\"IND-Bianna-GAL-1\" class=\"img-responsive wp-image-1273 fusion-gallery-image-size-fixed\" srcset=\"https:\/\/bianna.com\/wp-content\/uploads\/2022\/05\/IND-Bianna-GAL-1-320x202.jpg 320w, https:\/\/bianna.com\/wp-content\/uploads\/2022\/05\/IND-Bianna-GAL-1-700x441.jpg 700w\" sizes=\"(max-width: 320px) 100vw, 320px\" \/><\/a><\/div><\/div><div style=\"padding:2.5px;\" class=\"fusion-grid-column fusion-gallery-column fusion-gallery-column-4 hover-type-zoomin\"><div class=\"fusion-gallery-image\"><a href=\"https:\/\/bianna.com\/wp-content\/uploads\/2022\/05\/IND-Bianna-GAL-2.jpg\" rel=\"noreferrer\" data-rel=\"iLightbox[gallery_image_1]\" class=\"fusion-lightbox\" target=\"_self\"><img decoding=\"async\" src=\"https:\/\/bianna.com\/wp-content\/uploads\/2022\/05\/IND-Bianna-GAL-2-320x202.jpg\" width=\"320\" height=\"202\" alt=\"\" title=\"IND-Bianna-GAL-2\" aria-label=\"IND-Bianna-GAL-2\" class=\"img-responsive wp-image-1274 fusion-gallery-image-size-fixed\" srcset=\"https:\/\/bianna.com\/wp-content\/uploads\/2022\/05\/IND-Bianna-GAL-2-320x202.jpg 320w, https:\/\/bianna.com\/wp-content\/uploads\/2022\/05\/IND-Bianna-GAL-2-700x441.jpg 700w\" sizes=\"(max-width: 320px) 100vw, 320px\" \/><\/a><\/div><\/div><div style=\"padding:2.5px;\" class=\"fusion-grid-column fusion-gallery-column fusion-gallery-column-4 hover-type-zoomin\"><div class=\"fusion-gallery-image\"><a href=\"https:\/\/bianna.com\/wp-content\/uploads\/2022\/05\/IND-Bianna-GAL-3.jpg\" rel=\"noreferrer\" data-rel=\"iLightbox[gallery_image_1]\" class=\"fusion-lightbox\" target=\"_self\"><img decoding=\"async\" src=\"https:\/\/bianna.com\/wp-content\/uploads\/2022\/05\/IND-Bianna-GAL-3-320x202.jpg\" width=\"320\" height=\"202\" alt=\"\" title=\"IND-Bianna-GAL-3\" aria-label=\"IND-Bianna-GAL-3\" class=\"img-responsive wp-image-1275 fusion-gallery-image-size-fixed\" srcset=\"https:\/\/bianna.com\/wp-content\/uploads\/2022\/05\/IND-Bianna-GAL-3-320x202.jpg 320w, https:\/\/bianna.com\/wp-content\/uploads\/2022\/05\/IND-Bianna-GAL-3-700x441.jpg 700w\" sizes=\"(max-width: 320px) 100vw, 320px\" \/><\/a><\/div><\/div><div style=\"padding:2.5px;\" class=\"fusion-grid-column fusion-gallery-column fusion-gallery-column-4 hover-type-zoomin\"><div class=\"fusion-gallery-image\"><a href=\"https:\/\/bianna.com\/wp-content\/uploads\/2022\/05\/IND-Bianna-GAL-4.jpg\" rel=\"noreferrer\" data-rel=\"iLightbox[gallery_image_1]\" class=\"fusion-lightbox\" target=\"_self\"><img decoding=\"async\" src=\"https:\/\/bianna.com\/wp-content\/uploads\/2022\/05\/IND-Bianna-GAL-4-320x202.jpg\" width=\"320\" height=\"202\" alt=\"\" title=\"IND-Bianna-GAL-4\" aria-label=\"IND-Bianna-GAL-4\" class=\"img-responsive wp-image-1276 fusion-gallery-image-size-fixed\" srcset=\"https:\/\/bianna.com\/wp-content\/uploads\/2022\/05\/IND-Bianna-GAL-4-320x202.jpg 320w, https:\/\/bianna.com\/wp-content\/uploads\/2022\/05\/IND-Bianna-GAL-4-700x441.jpg 700w\" sizes=\"(max-width: 320px) 100vw, 320px\" \/><\/a><\/div><\/div><div class=\"clearfix\"><\/div><\/div><\/div><\/div><\/div><\/div><\/div><div class=\"fusion-fullwidth fullwidth-box fusion-builder-row-4 fusion-flex-container nonhundred-percent-fullwidth non-hundred-percent-height-scrolling\" style=\"--awb-border-sizes-top:1px;--awb-border-color:#ffffff;--awb-border-radius-top-left:0px;--awb-border-radius-top-right:0px;--awb-border-radius-bottom-right:0px;--awb-border-radius-bottom-left:0px;--awb-padding-top:120px;--awb-padding-bottom:120px;--awb-margin-top:0px;--awb-margin-bottom:0px;--awb-background-color:#e2201b;--awb-flex-wrap:wrap;\" ><div class=\"fusion-builder-row fusion-row fusion-flex-align-items-flex-start fusion-flex-content-wrap\" style=\"max-width:1144px;margin-left: calc(-4% \/ 2 );margin-right: calc(-4% \/ 2 );\"><div class=\"fusion-layout-column fusion_builder_column fusion-builder-column-5 fusion_builder_column_1_2 1_2 fusion-flex-column\" style=\"--awb-bg-size:cover;--awb-width-large:50%;--awb-margin-top-large:0px;--awb-spacing-right-large:3.84%;--awb-margin-bottom-large:0px;--awb-spacing-left-large:3.84%;--awb-width-medium:50%;--awb-order-medium:0;--awb-spacing-right-medium:3.84%;--awb-spacing-left-medium:3.84%;--awb-width-small:100%;--awb-order-small:0;--awb-spacing-right-small:1.92%;--awb-spacing-left-small:1.92%;\"><div class=\"fusion-column-wrapper fusion-column-has-shadow fusion-flex-justify-content-flex-start fusion-content-layout-column\"><div class=\"fusion-image-element \" style=\"text-align:left;--awb-margin-bottom:40px;--awb-max-width:300px;--awb-caption-title-font-family:var(--h2_typography-font-family);--awb-caption-title-font-weight:var(--h2_typography-font-weight);--awb-caption-title-font-style:var(--h2_typography-font-style);--awb-caption-title-size:var(--h2_typography-font-size);--awb-caption-title-transform:var(--h2_typography-text-transform);--awb-caption-title-line-height:var(--h2_typography-line-height);--awb-caption-title-letter-spacing:var(--h2_typography-letter-spacing);\"><span class=\" fusion-imageframe imageframe-none imageframe-3 hover-type-none\"><img decoding=\"async\" width=\"556\" height=\"124\" src=\"https:\/\/bianna.com\/wp-content\/uploads\/2022\/05\/logo_bianna_06.svg\" alt class=\"img-responsive wp-image-4728\"\/><\/span><\/div><div class=\"fusion-title title fusion-title-5 fusion-sep-none fusion-title-text fusion-title-size-two\" style=\"--awb-text-color:#ffffff;\"><h2 class=\"fusion-title-heading title-heading-left fusion-responsive-typography-calculated\" style=\"margin:0;--fontSize:40;line-height:1.0;\">Tu as besoin d\u2019aide?<\/h2><\/div><div class=\"fusion-text fusion-text-4\" style=\"--awb-text-transform:none;--awb-text-color:#ffffff;\"><p>Les responsables de chaque unit\u00e9 sont disponibles pour vous aider et r\u00e9pondre \u00e0 vos questions:<\/p>\n<\/div><div ><a class=\"fusion-button button-flat fusion-button-default-size button-default fusion-button-default button-1 fusion-button-default-span fusion-button-default-type\" target=\"_self\" href=\"mailto:info@bianna.com\"><span class=\"fusion-button-text awb-button__text awb-button__text--default\">Contactez-nous<\/span><\/a><\/div><\/div><\/div><div class=\"fusion-layout-column fusion_builder_column fusion-builder-column-6 fusion_builder_column_1_3 1_3 fusion-flex-column\" style=\"--awb-bg-size:cover;--awb-width-large:33.333333333333%;--awb-margin-top-large:0px;--awb-spacing-right-large:5.76%;--awb-margin-bottom-large:0px;--awb-spacing-left-large:5.76%;--awb-width-medium:33.333333333333%;--awb-order-medium:0;--awb-spacing-right-medium:5.76%;--awb-spacing-left-medium:5.76%;--awb-width-small:100%;--awb-order-small:0;--awb-spacing-right-small:1.92%;--awb-spacing-left-small:1.92%;\"><div class=\"fusion-column-wrapper fusion-column-has-shadow fusion-flex-justify-content-flex-start fusion-content-layout-column\"><\/div><\/div><\/div><\/div>\n<\/p>\n","protected":false},"excerpt":{"rendered":"","protected":false},"author":1,"featured_media":0,"parent":0,"menu_order":0,"comment_status":"closed","ping_status":"closed","template":"100-width.php","meta":{"footnotes":""},"class_list":["post-5363","page","type-page","status-publish","hentry"],"_links":{"self":[{"href":"https:\/\/bianna.com\/fr\/wp-json\/wp\/v2\/pages\/5363","targetHints":{"allow":["GET"]}}],"collection":[{"href":"https:\/\/bianna.com\/fr\/wp-json\/wp\/v2\/pages"}],"about":[{"href":"https:\/\/bianna.com\/fr\/wp-json\/wp\/v2\/types\/page"}],"author":[{"embeddable":true,"href":"https:\/\/bianna.com\/fr\/wp-json\/wp\/v2\/users\/1"}],"replies":[{"embeddable":true,"href":"https:\/\/bianna.com\/fr\/wp-json\/wp\/v2\/comments?post=5363"}],"version-history":[{"count":1,"href":"https:\/\/bianna.com\/fr\/wp-json\/wp\/v2\/pages\/5363\/revisions"}],"predecessor-version":[{"id":5364,"href":"https:\/\/bianna.com\/fr\/wp-json\/wp\/v2\/pages\/5363\/revisions\/5364"}],"wp:attachment":[{"href":"https:\/\/bianna.com\/fr\/wp-json\/wp\/v2\/media?parent=5363"}],"curies":[{"name":"wp","href":"https:\/\/api.w.org\/{rel}","templated":true}]}}